{"id":2240,"date":"2023-03-15T10:56:57","date_gmt":"2023-03-15T10:56:57","guid":{"rendered":"https:\/\/hupasl.com\/?page_id=2240"},"modified":"2023-04-23T11:22:22","modified_gmt":"2023-04-23T11:22:22","slug":"merci-davoir-contacte","status":"publish","type":"page","link":"https:\/\/hupasl.com\/fr\/merci-davoir-contacte\/","title":{"rendered":"Merci d&#8217;avoir contact\u00e9"},"content":{"rendered":"<section class=\"l-section wpb_row height_medium\"><div class=\"l-section-h i-cf\"><div class=\"g-cols vc_row via_flex valign_top type_default stacking_default\"><div class=\"vc_col-sm-12 wpb_column vc_column_container\"><div class=\"vc_column-inner\"><div class=\"wpb_wrapper\"><div class=\"w-image us_custom_214cff5d img-logo align_center\"><div class=\"w-image-h\"><img decoding=\"async\" width=\"512\" height=\"400\" src=\"https:\/\/hupasl.com\/wp-content\/uploads\/2023\/02\/logo-hupa-test-1.png\" class=\"attachment-full size-full\" alt=\"\" loading=\"lazy\" srcset=\"https:\/\/hupasl.com\/wp-content\/uploads\/2023\/02\/logo-hupa-test-1.png 512w, https:\/\/hupasl.com\/wp-content\/uploads\/2023\/02\/logo-hupa-test-1-300x234.png 300w, https:\/\/hupasl.com\/wp-content\/uploads\/2023\/02\/logo-hupa-test-1-500x391.png 500w, https:\/\/hupasl.com\/wp-content\/uploads\/2023\/02\/logo-hupa-test-1-320x250.png 320w\" sizes=\"(max-width: 512px) 100vw, 512px\" \/><\/div><\/div><div class=\"w-separator size_medium\"><\/div><div class=\"wpb_text_column\"><div class=\"wpb_wrapper\"><h2 style=\"text-align: center;\"><strong>Merci de nous avoir contact\u00e9s. Nous r\u00e9pondrons \u00e0 vos questions dans les meilleurs d\u00e9lais.<\/strong><\/h2>\n<\/div><\/div><div class=\"w-separator size_medium\"><\/div><div class=\"w-btn-wrapper align_center\"><a class=\"w-btn us-btn-style_1 clip-path-btn\" href=\"https:\/\/hupasl.com\/fr\/\"><span class=\"w-btn-label\">Home<\/span><\/a><\/div><\/div><\/div><\/div><\/div><\/div><\/section>\n","protected":false},"excerpt":{"rendered":"Merci de nous avoir contact\u00e9s. Nous r\u00e9pondrons \u00e0 vos questions dans les meilleurs d\u00e9lais. Home","protected":false},"author":1,"featured_media":0,"parent":0,"menu_order":0,"comment_status":"closed","ping_status":"closed","template":"","meta":{"_acf_changed":false,"ngg_post_thumbnail":0,"footnotes":""},"class_list":["post-2240","page","type-page","status-publish","hentry"],"acf":[],"yoast_head":"<!-- This site is optimized with the Yoast SEO plugin v24.3 - https:\/\/yoast.com\/wordpress\/plugins\/seo\/ -->\n<title>Merci d&#039;avoir contact\u00e9 - HUPA SL<\/title>\n<meta name=\"robots\" content=\"noindex, follow\" \/>\n<meta property=\"og:locale\" content=\"fr_FR\" \/>\n<meta property=\"og:type\" content=\"article\" \/>\n<meta property=\"og:title\" content=\"Merci d&#039;avoir contact\u00e9 - HUPA SL\" \/>\n<meta property=\"og:url\" content=\"https:\/\/hupasl.com\/fr\/merci-davoir-contacte\/\" \/>\n<meta property=\"og:site_name\" content=\"HUPA SL\" \/>\n<meta property=\"article:publisher\" content=\"https:\/\/www.facebook.com\/hupasl\/\" \/>\n<meta property=\"article:modified_time\" content=\"2023-04-23T11:22:22+00:00\" \/>\n<meta property=\"og:image\" content=\"https:\/\/hupasl.com\/wp-content\/uploads\/2023\/02\/cropped-logo-hupa-test-1.png\" \/>\n\t<meta property=\"og:image:width\" content=\"512\" \/>\n\t<meta property=\"og:image:height\" content=\"512\" \/>\n\t<meta property=\"og:image:type\" content=\"image\/png\" \/>\n<meta name=\"twitter:card\" content=\"summary_large_image\" \/>\n<meta name=\"twitter:label1\" content=\"Dur\u00e9e de lecture estim\u00e9e\" \/>\n\t<meta name=\"twitter:data1\" content=\"1 minute\" \/>\n<!-- \/ Yoast SEO plugin. -->","yoast_head_json":{"title":"Merci d'avoir contact\u00e9 - HUPA SL","robots":{"index":"noindex","follow":"follow"},"og_locale":"fr_FR","og_type":"article","og_title":"Merci d'avoir contact\u00e9 - HUPA SL","og_url":"https:\/\/hupasl.com\/fr\/merci-davoir-contacte\/","og_site_name":"HUPA SL","article_publisher":"https:\/\/www.facebook.com\/hupasl\/","article_modified_time":"2023-04-23T11:22:22+00:00","og_image":[{"width":512,"height":512,"url":"https:\/\/hupasl.com\/wp-content\/uploads\/2023\/02\/cropped-logo-hupa-test-1.png","type":"image\/png"}],"twitter_card":"summary_large_image","twitter_misc":{"Dur\u00e9e de lecture estim\u00e9e":"1 minute"},"schema":{"@context":"https:\/\/schema.org","@graph":[{"@type":"WebPage","@id":"https:\/\/hupasl.com\/fr\/merci-davoir-contacte\/","url":"https:\/\/hupasl.com\/fr\/merci-davoir-contacte\/","name":"Merci d'avoir contact\u00e9 - HUPA SL","isPartOf":{"@id":"https:\/\/hupasl.com\/fr\/#website"},"datePublished":"2023-03-15T10:56:57+00:00","dateModified":"2023-04-23T11:22:22+00:00","breadcrumb":{"@id":"https:\/\/hupasl.com\/fr\/merci-davoir-contacte\/#breadcrumb"},"inLanguage":"fr-FR","potentialAction":[{"@type":"ReadAction","target":["https:\/\/hupasl.com\/fr\/merci-davoir-contacte\/"]}]},{"@type":"BreadcrumbList","@id":"https:\/\/hupasl.com\/fr\/merci-davoir-contacte\/#breadcrumb","itemListElement":[{"@type":"ListItem","position":1,"name":"Home","item":"https:\/\/hupasl.com\/fr\/"},{"@type":"ListItem","position":2,"name":"Merci d&#8217;avoir contact\u00e9"}]},{"@type":"WebSite","@id":"https:\/\/hupasl.com\/fr\/#website","url":"https:\/\/hupasl.com\/fr\/","name":"HUPA SL","description":"","publisher":{"@id":"https:\/\/hupasl.com\/fr\/#organization"},"potentialAction":[{"@type":"SearchAction","target":{"@type":"EntryPoint","urlTemplate":"https:\/\/hupasl.com\/fr\/?s={search_term_string}"},"query-input":{"@type":"PropertyValueSpecification","valueRequired":true,"valueName":"search_term_string"}}],"inLanguage":"fr-FR"},{"@type":"Organization","@id":"https:\/\/hupasl.com\/fr\/#organization","name":"HUPA SL","url":"https:\/\/hupasl.com\/fr\/","logo":{"@type":"ImageObject","inLanguage":"fr-FR","@id":"https:\/\/hupasl.com\/fr\/#\/schema\/logo\/image\/","url":"https:\/\/hupasl.com\/wp-content\/uploads\/2023\/02\/logo-hupa-test.png","contentUrl":"https:\/\/hupasl.com\/wp-content\/uploads\/2023\/02\/logo-hupa-test.png","width":512,"height":512,"caption":"HUPA SL"},"image":{"@id":"https:\/\/hupasl.com\/fr\/#\/schema\/logo\/image\/"},"sameAs":["https:\/\/www.facebook.com\/hupasl\/","https:\/\/www.instagram.com\/hupasl\/?hl=es"]}]}},"_links":{"self":[{"href":"https:\/\/hupasl.com\/fr\/wp-json\/wp\/v2\/pages\/2240"}],"collection":[{"href":"https:\/\/hupasl.com\/fr\/wp-json\/wp\/v2\/pages"}],"about":[{"href":"https:\/\/hupasl.com\/fr\/wp-json\/wp\/v2\/types\/page"}],"author":[{"embeddable":true,"href":"https:\/\/hupasl.com\/fr\/wp-json\/wp\/v2\/users\/1"}],"replies":[{"embeddable":true,"href":"https:\/\/hupasl.com\/fr\/wp-json\/wp\/v2\/comments?post=2240"}],"version-history":[{"count":1,"href":"https:\/\/hupasl.com\/fr\/wp-json\/wp\/v2\/pages\/2240\/revisions"}],"predecessor-version":[{"id":2241,"href":"https:\/\/hupasl.com\/fr\/wp-json\/wp\/v2\/pages\/2240\/revisions\/2241"}],"wp:attachment":[{"href":"https:\/\/hupasl.com\/fr\/wp-json\/wp\/v2\/media?parent=2240"}],"curies":[{"name":"wp","href":"https:\/\/api.w.org\/{rel}","templated":true}]}}