{"id":1930,"date":"2022-02-21T10:46:18","date_gmt":"2022-02-21T10:46:18","guid":{"rendered":"https:\/\/hupasl.com\/?page_id=1930"},"modified":"2022-11-30T11:30:47","modified_gmt":"2022-11-30T11:30:47","slug":"a-propos-de-nous","status":"publish","type":"page","link":"https:\/\/hupasl.com\/fr\/a-propos-de-nous\/","title":{"rendered":"\u00c0 PROPOS DE NOUS"},"content":{"rendered":"<section class=\"l-section wpb_row us_custom_44b39475 height_auto\"><div class=\"l-section-h i-cf\"><div class=\"g-cols vc_row via_flex valign_middle type_default stacking_default\"><div class=\"vc_col-sm-6 wpb_column vc_column_container clip-path1\"><div class=\"vc_column-inner\"><div class=\"wpb_wrapper\"><div class=\"wpb_text_column us_custom_6df4bc3a titulo-portada has_text_color\"><div class=\"wpb_wrapper\"><h1 style=\"text-align: center;\">A propos de nous<\/h1>\n<\/div><\/div><div class=\"w-separator size_custom with_line width_30 thick_3 style_solid color_primary align_center\" style=\"height:10px\"><div class=\"w-separator-h\"><\/div><\/div><\/div><\/div><\/div><div class=\"vc_col-sm-6 wpb_column vc_column_container\"><div class=\"vc_column-inner\"><div class=\"wpb_wrapper\"><\/div><\/div><\/div><\/div><\/div><\/section><section class=\"l-section wpb_row height_medium\"><div class=\"l-section-h i-cf\"><div class=\"g-cols vc_row via_flex valign_middle type_default stacking_default\"><div class=\"vc_col-sm-6 wpb_column vc_column_container\"><div class=\"vc_column-inner\"><div class=\"wpb_wrapper\"><div class=\"wpb_text_column\"><div class=\"wpb_wrapper\"><p>HUPA a d\u00e9but\u00e9 comme une petite entreprise familiale en 1965, sp\u00e9cialis\u00e9e dans la construction de machines pour le transport, le levage et le stockage d&#8217;aliments pour animaux et de c\u00e9r\u00e9ales pour les moulins \u00e0 aliments.<\/p>\n<p>Tout au long de ces ann\u00e9es, nous nous sommes sp\u00e9cialis\u00e9s dans le transport et le levage de toutes sortes de produits solides, qu&#8217;il s&#8217;agisse d&#8217;engrais, d&#8217;additifs, d&#8217;herbes \u00e0 th\u00e9, de produits chimiques, de cosm\u00e9tiques, de min\u00e9raux, de produits alimentaires tels que le sel, les sucres, les farines et autres.<\/p>\n<\/div><\/div><\/div><\/div><\/div><div class=\"vc_col-sm-6 wpb_column vc_column_container box-shadow\"><div class=\"vc_column-inner us_custom_ee7dc165\"><div class=\"wpb_wrapper\"><div class=\"wpb_text_column us_custom_54456bbe\"><div class=\"wpb_wrapper\"><h2 style=\"text-align: left;\">Nos valeurs<\/h2>\n<\/div><\/div><div class=\"w-separator size_medium\"><\/div><div class=\"wpb_text_column\"><div class=\"wpb_wrapper\"><p>Notre valeur ajout\u00e9e consiste \u00e0 offrir un service complet pour couvrir tous les besoins du client. De la conception \u00e0 la fabrication de l&#8217;\u00e9quipement, en offrant une grande flexibilit\u00e9 et une adaptation aux besoins particuliers de chaque client. Accompagn\u00e9 de conseils techniques et de consultations.<\/p>\n<p>Nous disposons d&#8217;un espace pour le d\u00e9veloppement des machines et pour effectuer des tests, qui certifient la qualit\u00e9 des \u00e9quipements et garantissent leur fonctionnement optimal avant leur livraison. Gr\u00e2ce \u00e0 cette culture de l&#8217;efficacit\u00e9 et du service, nous avons r\u00e9ussi \u00e0 minimiser les d\u00e9marrages chez nos clients.<\/p>\n<\/div><\/div><\/div><\/div><\/div><\/div><\/div><\/section><section class=\"l-section wpb_row height_auto with_img\"><div class=\"l-section-img\" role=\"img\" data-img-width=\"1920\" data-img-height=\"1280\" style=\"background-image: url(https:\/\/hupasl.com\/wp-content\/uploads\/2022\/02\/IMG_0158_2.jpg);\"><\/div><div class=\"l-section-overlay\" style=\"background:rgba(0,0,0,0.60)\"><\/div><div class=\"l-section-h i-cf\"><div class=\"g-cols vc_row via_flex valign_middle type_default stacking_default\" style=\"--additional-gap:0px;\"><div class=\"vc_col-sm-12 wpb_column vc_column_container clip-prueba\"><div class=\"vc_column-inner\"><div class=\"wpb_wrapper\"><div class=\"g-cols wpb_row via_flex valign_middle type_default stacking_default\" style=\"--additional-gap:30px;\"><div class=\"vc_col-sm-6 wpb_column vc_column_container div-icon has_text_color\" id=\"recambios\"><div class=\"vc_column-inner us_custom_4a8aee0a us_animate_this\"><div class=\"wpb_wrapper\"><div class=\"w-iconbox iconpos_top style_default color_primary align_center no_text no_title icontype_img\"><div class=\"w-iconbox-icon\" style=\"font-size:2.5rem;\"><img decoding=\"async\" width=\"512\" height=\"512\" src=\"https:\/\/hupasl.com\/wp-content\/uploads\/2022\/06\/llave-inglesa.png\" class=\"attachment-full size-full\" alt=\"\" srcset=\"https:\/\/hupasl.com\/wp-content\/uploads\/2022\/06\/llave-inglesa.png 512w, https:\/\/hupasl.com\/wp-content\/uploads\/2022\/06\/llave-inglesa-300x300.png 300w, https:\/\/hupasl.com\/wp-content\/uploads\/2022\/06\/llave-inglesa-150x150.png 150w, https:\/\/hupasl.com\/wp-content\/uploads\/2022\/06\/llave-inglesa-500x500.png 500w\" sizes=\"(max-width: 512px) 100vw, 512px\" \/><\/div><div class=\"w-iconbox-meta\"><\/div><\/div><div class=\"wpb_text_column\"><div class=\"wpb_wrapper\"><h4 style=\"text-align: center;\"><strong>Pi\u00e8ces de rechange<\/strong><\/h4>\n<\/div><\/div><div class=\"w-separator us_custom_adc41db2 separator1 size_custom with_line width_30 thick_2 style_solid color_secondary align_center\" style=\"height:4px\"><div class=\"w-separator-h\"><\/div><\/div><div class=\"w-separator size_small\"><\/div><div class=\"wpb_text_column us_custom_37bd319f\"><div class=\"wpb_wrapper\"><p style=\"text-align: center;\">Hupa dispose d&#8217;une large gamme de pi\u00e8ces de rechange, ce qui permet de mettre \u00e0 la disposition des clients un large \u00e9ventail de produits. Elle fournit \u00e9galement le service de d\u00e9coupe, de pliage, de cintrage&#8230; pour pouvoir fournir la pi\u00e8ce selon les besoins, afin de pouvoir effectuer les adaptations ou les modifications n\u00e9cessaires \u00e0 l&#8217;utilisation requise. Un service capable d&#8217;apporter de vraies solutions.<\/p>\n<\/div><\/div><\/div><\/div><\/div><div class=\"vc_col-sm-6 wpb_column vc_column_container div-icon\" id=\"proyectos\"><div class=\"vc_column-inner us_custom_1a56b0c0 us_animate_this\"><div class=\"wpb_wrapper\"><div class=\"w-iconbox iconpos_top style_default color_primary align_center no_text no_title icontype_img\"><div class=\"w-iconbox-icon\" style=\"font-size:2.5rem;\"><img decoding=\"async\" width=\"512\" height=\"512\" src=\"https:\/\/hupasl.com\/wp-content\/uploads\/2022\/06\/proyecto.png\" class=\"attachment-full size-full\" alt=\"\" srcset=\"https:\/\/hupasl.com\/wp-content\/uploads\/2022\/06\/proyecto.png 512w, https:\/\/hupasl.com\/wp-content\/uploads\/2022\/06\/proyecto-300x300.png 300w, https:\/\/hupasl.com\/wp-content\/uploads\/2022\/06\/proyecto-150x150.png 150w, https:\/\/hupasl.com\/wp-content\/uploads\/2022\/06\/proyecto-500x500.png 500w\" sizes=\"(max-width: 512px) 100vw, 512px\" \/><\/div><div class=\"w-iconbox-meta\"><\/div><\/div><div class=\"wpb_text_column\"><div class=\"wpb_wrapper\"><h4 style=\"text-align: center;\"><strong>Projets<\/strong><\/h4>\n<\/div><\/div><div class=\"w-separator us_custom_100e717c separator-right size_custom with_line width_30 thick_2 style_solid color_secondary align_center\" style=\"height:4px\"><div class=\"w-separator-h\"><\/div><\/div><div class=\"w-separator size_small\"><\/div><div class=\"wpb_text_column us_custom_37bd319f\"><div class=\"wpb_wrapper\"><p style=\"text-align: center;\">Hupa met \u00e0 la disposition de ses clients ses 50 ann\u00e9es d&#8217;exp\u00e9rience dans la conception, la construction et l&#8217;installation d&#8217;\u00e9quipements pour l&#8217;industrie et les exploitations agricoles, apportant ainsi ses connaissances approfondies. Son principal objectif est de fournir des solutions aux diff\u00e9rents d\u00e9fis qui se pr\u00e9sentent, en s&#8217;adaptant aux diff\u00e9rentes propositions et en fournissant un meilleur service.<\/p>\n<\/div><\/div><\/div><\/div><\/div><\/div><div class=\"g-cols wpb_row via_flex valign_middle type_default stacking_default\" style=\"--additional-gap:30px;\"><div class=\"vc_col-sm-6 wpb_column vc_column_container div-icon\" id=\"servicio-tecnico\"><div class=\"vc_column-inner us_custom_6024e1a7 us_animate_this\"><div class=\"wpb_wrapper\"><div class=\"w-iconbox us_custom_da7ceeb3 iconpos_top style_default color_primary align_center no_text no_title icontype_img\"><div class=\"w-iconbox-icon\" style=\"font-size:2.5rem;\"><img decoding=\"async\" width=\"512\" height=\"512\" src=\"https:\/\/hupasl.com\/wp-content\/uploads\/2022\/06\/soporte-tecnico.png\" class=\"attachment-full size-full\" alt=\"\" srcset=\"https:\/\/hupasl.com\/wp-content\/uploads\/2022\/06\/soporte-tecnico.png 512w, https:\/\/hupasl.com\/wp-content\/uploads\/2022\/06\/soporte-tecnico-300x300.png 300w, https:\/\/hupasl.com\/wp-content\/uploads\/2022\/06\/soporte-tecnico-150x150.png 150w, https:\/\/hupasl.com\/wp-content\/uploads\/2022\/06\/soporte-tecnico-500x500.png 500w\" sizes=\"(max-width: 512px) 100vw, 512px\" \/><\/div><div class=\"w-iconbox-meta\"><\/div><\/div><div class=\"wpb_text_column\"><div class=\"wpb_wrapper\"><h4 style=\"text-align: center;\"><strong>Service technique<\/strong><\/h4>\n<\/div><\/div><div class=\"w-separator us_custom_bc884114 separator-right size_custom with_line width_30 thick_2 style_solid color_secondary align_center\" style=\"height:4px\"><div class=\"w-separator-h\"><\/div><\/div><div class=\"w-separator size_small\"><\/div><div class=\"wpb_text_column us_custom_37bd319f\"><div class=\"wpb_wrapper\"><p style=\"text-align: center;\">Lorsque les clients ont une urgence, ils ont besoin d&#8217;une r\u00e9ponse rapide. Hupa propose son service de maintenance \u00e0 tout moment pour les \u00e9ventuelles pannes ou questions. Notre \u00e9quipe est \u00e0 la disposition du client pour r\u00e9soudre les pannes ou les r\u00e9parations qui peuvent survenir de la mani\u00e8re la plus agile, efficace et rapide possible, en fonction de l&#8217;urgence.<\/p>\n<\/div><\/div><\/div><\/div><\/div><div class=\"vc_col-sm-6 wpb_column vc_column_container div-icon\" id=\"fabricacion\"><div class=\"vc_column-inner us_custom_104c2207 us_animate_this\"><div class=\"wpb_wrapper\"><div class=\"w-iconbox us_custom_da7ceeb3 iconpos_top style_default color_primary align_center no_text no_title icontype_img\"><div class=\"w-iconbox-icon\" style=\"font-size:2.5rem;\"><img decoding=\"async\" width=\"512\" height=\"512\" src=\"https:\/\/hupasl.com\/wp-content\/uploads\/2022\/06\/produccion.png\" class=\"attachment-full size-full\" alt=\"\" srcset=\"https:\/\/hupasl.com\/wp-content\/uploads\/2022\/06\/produccion.png 512w, https:\/\/hupasl.com\/wp-content\/uploads\/2022\/06\/produccion-300x300.png 300w, https:\/\/hupasl.com\/wp-content\/uploads\/2022\/06\/produccion-150x150.png 150w, https:\/\/hupasl.com\/wp-content\/uploads\/2022\/06\/produccion-500x500.png 500w\" sizes=\"(max-width: 512px) 100vw, 512px\" \/><\/div><div class=\"w-iconbox-meta\"><\/div><\/div><div class=\"wpb_text_column\"><div class=\"wpb_wrapper\"><h4 style=\"text-align: center;\"><strong>Production sur mesure<\/strong><\/h4>\n<\/div><\/div><div class=\"w-separator us_custom_04d33251 separator-right size_custom with_line width_30 thick_2 style_solid color_secondary align_center\" style=\"height:4px\"><div class=\"w-separator-h\"><\/div><\/div><div class=\"w-separator size_small\"><\/div><div class=\"wpb_text_column us_custom_37bd319f\"><div class=\"wpb_wrapper\"><p style=\"text-align: center;\">Hupa dispose d&#8217;un grand atelier avec les machines et les \u00e9quipements n\u00e9cessaires \u00e0 la fabrication de tous les types de r\u00e9servoirs, buses, r\u00e9ductions, plombs et diverses pi\u00e8ces en g\u00e9n\u00e9ral. Avec les outils, la capacit\u00e9 et l&#8217;exp\u00e9rience suffisante pour \u00eatre en mesure de fabriquer le &#8220;costume sur mesure&#8221; n\u00e9cessaire, en s&#8217;adaptant \u00e0 la fonctionnalit\u00e9 ou au contexte requis.<\/p>\n<\/div><\/div><\/div><\/div><\/div><\/div><\/div><\/div><\/div><\/div><\/div><\/section>\n","protected":false},"excerpt":{"rendered":"A propos de nous HUPA a d\u00e9but\u00e9 comme une petite entreprise familiale en 1965, sp\u00e9cialis\u00e9e dans la construction de machines pour le transport, le levage et le stockage d&#8217;aliments pour animaux et de c\u00e9r\u00e9ales pour les moulins \u00e0 aliments. Tout au long de ces ann\u00e9es, nous nous sommes sp\u00e9cialis\u00e9s dans le transport et le levage...","protected":false},"author":1,"featured_media":0,"parent":0,"menu_order":29,"comment_status":"closed","ping_status":"closed","template":"","meta":{"_acf_changed":false,"ngg_post_thumbnail":0,"footnotes":""},"class_list":["post-1930","page","type-page","status-publish","hentry"],"acf":[],"yoast_head":"<!-- This site is optimized with the Yoast SEO plugin v24.3 - https:\/\/yoast.com\/wordpress\/plugins\/seo\/ -->\n<title>\u00c0 PROPOS DE NOUS - HUPA SL<\/title>\n<meta name=\"robots\" content=\"index, follow, max-snippet:-1, max-image-preview:large, max-video-preview:-1\" \/>\n<link rel=\"canonical\" href=\"https:\/\/hupasl.com\/fr\/a-propos-de-nous\/\" \/>\n<meta property=\"og:locale\" content=\"fr_FR\" \/>\n<meta property=\"og:type\" content=\"article\" \/>\n<meta property=\"og:title\" content=\"\u00c0 PROPOS DE NOUS - HUPA SL\" \/>\n<meta property=\"og:url\" content=\"https:\/\/hupasl.com\/fr\/a-propos-de-nous\/\" \/>\n<meta property=\"og:site_name\" content=\"HUPA SL\" \/>\n<meta property=\"article:publisher\" content=\"https:\/\/www.facebook.com\/hupasl\/\" \/>\n<meta property=\"article:modified_time\" content=\"2022-11-30T11:30:47+00:00\" \/>\n<meta property=\"og:image\" content=\"https:\/\/hupasl.com\/wp-content\/uploads\/2023\/02\/cropped-logo-hupa-test-1.png\" \/>\n\t<meta property=\"og:image:width\" content=\"512\" \/>\n\t<meta property=\"og:image:height\" content=\"512\" \/>\n\t<meta property=\"og:image:type\" content=\"image\/png\" \/>\n<meta name=\"twitter:card\" content=\"summary_large_image\" \/>\n<meta name=\"twitter:label1\" content=\"Dur\u00e9e de lecture estim\u00e9e\" \/>\n\t<meta name=\"twitter:data1\" content=\"6 minutes\" \/>\n<!-- \/ Yoast SEO plugin. -->","yoast_head_json":{"title":"\u00c0 PROPOS DE NOUS - HUPA SL","robots":{"index":"index","follow":"follow","max-snippet":"max-snippet:-1","max-image-preview":"max-image-preview:large","max-video-preview":"max-video-preview:-1"},"canonical":"https:\/\/hupasl.com\/fr\/a-propos-de-nous\/","og_locale":"fr_FR","og_type":"article","og_title":"\u00c0 PROPOS DE NOUS - HUPA SL","og_url":"https:\/\/hupasl.com\/fr\/a-propos-de-nous\/","og_site_name":"HUPA SL","article_publisher":"https:\/\/www.facebook.com\/hupasl\/","article_modified_time":"2022-11-30T11:30:47+00:00","og_image":[{"width":512,"height":512,"url":"https:\/\/hupasl.com\/wp-content\/uploads\/2023\/02\/cropped-logo-hupa-test-1.png","type":"image\/png"}],"twitter_card":"summary_large_image","twitter_misc":{"Dur\u00e9e de lecture estim\u00e9e":"6 minutes"},"schema":{"@context":"https:\/\/schema.org","@graph":[{"@type":"WebPage","@id":"https:\/\/hupasl.com\/fr\/a-propos-de-nous\/","url":"https:\/\/hupasl.com\/fr\/a-propos-de-nous\/","name":"\u00c0 PROPOS DE NOUS - HUPA SL","isPartOf":{"@id":"https:\/\/hupasl.com\/fr\/#website"},"datePublished":"2022-02-21T10:46:18+00:00","dateModified":"2022-11-30T11:30:47+00:00","breadcrumb":{"@id":"https:\/\/hupasl.com\/fr\/a-propos-de-nous\/#breadcrumb"},"inLanguage":"fr-FR","potentialAction":[{"@type":"ReadAction","target":["https:\/\/hupasl.com\/fr\/a-propos-de-nous\/"]}]},{"@type":"BreadcrumbList","@id":"https:\/\/hupasl.com\/fr\/a-propos-de-nous\/#breadcrumb","itemListElement":[{"@type":"ListItem","position":1,"name":"Home","item":"https:\/\/hupasl.com\/fr\/"},{"@type":"ListItem","position":2,"name":"\u00c0 PROPOS DE NOUS"}]},{"@type":"WebSite","@id":"https:\/\/hupasl.com\/fr\/#website","url":"https:\/\/hupasl.com\/fr\/","name":"HUPA SL","description":"","publisher":{"@id":"https:\/\/hupasl.com\/fr\/#organization"},"potentialAction":[{"@type":"SearchAction","target":{"@type":"EntryPoint","urlTemplate":"https:\/\/hupasl.com\/fr\/?s={search_term_string}"},"query-input":{"@type":"PropertyValueSpecification","valueRequired":true,"valueName":"search_term_string"}}],"inLanguage":"fr-FR"},{"@type":"Organization","@id":"https:\/\/hupasl.com\/fr\/#organization","name":"HUPA SL","url":"https:\/\/hupasl.com\/fr\/","logo":{"@type":"ImageObject","inLanguage":"fr-FR","@id":"https:\/\/hupasl.com\/fr\/#\/schema\/logo\/image\/","url":"https:\/\/hupasl.com\/wp-content\/uploads\/2023\/02\/logo-hupa-test.png","contentUrl":"https:\/\/hupasl.com\/wp-content\/uploads\/2023\/02\/logo-hupa-test.png","width":512,"height":512,"caption":"HUPA SL"},"image":{"@id":"https:\/\/hupasl.com\/fr\/#\/schema\/logo\/image\/"},"sameAs":["https:\/\/www.facebook.com\/hupasl\/","https:\/\/www.instagram.com\/hupasl\/?hl=es"]}]}},"_links":{"self":[{"href":"https:\/\/hupasl.com\/fr\/wp-json\/wp\/v2\/pages\/1930"}],"collection":[{"href":"https:\/\/hupasl.com\/fr\/wp-json\/wp\/v2\/pages"}],"about":[{"href":"https:\/\/hupasl.com\/fr\/wp-json\/wp\/v2\/types\/page"}],"author":[{"embeddable":true,"href":"https:\/\/hupasl.com\/fr\/wp-json\/wp\/v2\/users\/1"}],"replies":[{"embeddable":true,"href":"https:\/\/hupasl.com\/fr\/wp-json\/wp\/v2\/comments?post=1930"}],"version-history":[{"count":3,"href":"https:\/\/hupasl.com\/fr\/wp-json\/wp\/v2\/pages\/1930\/revisions"}],"predecessor-version":[{"id":2057,"href":"https:\/\/hupasl.com\/fr\/wp-json\/wp\/v2\/pages\/1930\/revisions\/2057"}],"wp:attachment":[{"href":"https:\/\/hupasl.com\/fr\/wp-json\/wp\/v2\/media?parent=1930"}],"curies":[{"name":"wp","href":"https:\/\/api.w.org\/{rel}","templated":true}]}}