{"id":1918,"date":"2022-02-21T10:46:30","date_gmt":"2022-02-21T10:46:30","guid":{"rendered":"https:\/\/hupasl.com\/?page_id=1918"},"modified":"2022-08-05T10:56:38","modified_gmt":"2022-08-05T10:56:38","slug":"machinerie","status":"publish","type":"page","link":"https:\/\/hupasl.com\/fr\/machinerie\/","title":{"rendered":"MACHINERIE"},"content":{"rendered":"<section class=\"l-section wpb_row height_auto with_img\"><div class=\"l-section-img\" role=\"img\" data-img-width=\"1920\" data-img-height=\"1280\" style=\"background-image: url(https:\/\/hupasl.com\/wp-content\/uploads\/2022\/02\/IMG_0158_2.jpg);\"><\/div><div class=\"l-section-h i-cf\"><div class=\"g-cols vc_row via_flex valign_middle type_default stacking_default\"><div class=\"vc_col-sm-6 wpb_column vc_column_container clip-path1\"><div class=\"vc_column-inner\"><div class=\"wpb_wrapper\"><div class=\"wpb_text_column us_custom_6df4bc3a titulo-portada has_text_color\"><div class=\"wpb_wrapper\"><h1 style=\"text-align: center;\"><strong>Machinerie<\/strong><\/h1>\n<\/div><\/div><div class=\"w-separator size_custom with_line width_30 thick_3 style_solid color_primary align_center\" style=\"height:10px\"><div class=\"w-separator-h\"><\/div><\/div><div class=\"w-separator size_small\"><\/div><div class=\"wpb_text_column us_custom_6df4bc3a has_text_color\"><div class=\"wpb_wrapper\"><p style=\"text-align: center;\">Nous concevons et fabriquons des machines pour le stockage, le transport et le dosage des solides en vrac. Nous sommes capables de r\u00e9pondre aux processus de traitement les plus complets.<\/p>\n<\/div><\/div><div class=\"w-separator size_medium\"><\/div><\/div><\/div><\/div><div class=\"vc_col-sm-6 wpb_column vc_column_container\"><div class=\"vc_column-inner\"><div class=\"wpb_wrapper\"><\/div><\/div><\/div><\/div><\/div><\/section><section class=\"l-section wpb_row us_custom_e4eb24e1 height_medium\"><div class=\"l-section-h i-cf\"><div class=\"g-cols vc_row via_flex valign_top type_default stacking_default\"><div class=\"vc_col-sm-12 wpb_column vc_column_container\"><div class=\"vc_column-inner\"><div class=\"wpb_wrapper\"><div class=\"wpb_text_column\"><div class=\"wpb_wrapper\"><h2>Les processus impliqu\u00e9s<\/h2>\n<\/div><\/div><div class=\"w-separator separator-left-10 size_custom with_line width_30 thick_3 style_solid color_primary align_center\" style=\"height:10px\"><div class=\"w-separator-h\"><\/div><\/div><div class=\"w-separator size_medium\"><\/div><div class=\"g-cols wpb_row via_flex valign_middle type_default stacking_default\" style=\"--additional-gap:1.5rem;\"><div class=\"vc_col-sm-4 wpb_column vc_column_container div-categoria\" id=\"div-categoria\"><div class=\"vc_column-inner us_custom_e84d4904\"><div class=\"wpb_wrapper\"><div class=\"w-iconbox iconpos_top style_default color_primary align_center no_text icontype_img\"><div class=\"w-iconbox-icon\" style=\"font-size:4.5rem;\"><img decoding=\"async\" width=\"64\" height=\"64\" src=\"https:\/\/hupasl.com\/wp-content\/uploads\/2022\/03\/almacenamiento.png\" class=\"attachment-full size-full\" alt=\"\" \/><\/div><div class=\"w-iconbox-meta\"><h3 class=\"w-iconbox-title\">Stockage<\/h3><\/div><\/div><\/div><\/div><\/div><div class=\"vc_col-sm-4 wpb_column vc_column_container div-categoria\" id=\"div-categoria\"><div class=\"vc_column-inner us_custom_e84d4904\"><div class=\"wpb_wrapper\"><div class=\"w-iconbox iconpos_top style_default color_primary align_center no_text icontype_img\"><div class=\"w-iconbox-icon\" style=\"font-size:4.5rem;\"><img decoding=\"async\" width=\"64\" height=\"64\" src=\"https:\/\/hupasl.com\/wp-content\/uploads\/2022\/03\/transporte.png\" class=\"attachment-full size-full\" alt=\"\" \/><\/div><div class=\"w-iconbox-meta\"><h3 class=\"w-iconbox-title\">Transport<\/h3><\/div><\/div><\/div><\/div><\/div><div class=\"vc_col-sm-4 wpb_column vc_column_container div-categoria\" id=\"div-categoria\"><div class=\"vc_column-inner us_custom_e84d4904\"><div class=\"wpb_wrapper\"><div class=\"w-iconbox iconpos_top style_default color_primary align_center no_text icontype_img\"><div class=\"w-iconbox-icon\" style=\"font-size:4.5rem;\"><img decoding=\"async\" width=\"64\" height=\"64\" src=\"https:\/\/hupasl.com\/wp-content\/uploads\/2022\/03\/mezcla.png\" class=\"attachment-full size-full\" alt=\"\" \/><\/div><div class=\"w-iconbox-meta\"><h3 class=\"w-iconbox-title\">M\u00e9lange<\/h3><\/div><\/div><\/div><\/div><\/div><\/div><div class=\"w-separator size_medium\"><\/div><div class=\"g-cols wpb_row via_flex valign_top type_default stacking_default\" style=\"--additional-gap:1.5rem;\"><div class=\"vc_col-sm-4 wpb_column vc_column_container div-categoria\" id=\"div-categoria\"><div class=\"vc_column-inner us_custom_e84d4904\"><div class=\"wpb_wrapper\"><div class=\"w-iconbox iconpos_top style_default color_primary align_center no_text icontype_img\"><div class=\"w-iconbox-icon\" style=\"font-size:4.5rem;\"><img decoding=\"async\" width=\"64\" height=\"64\" src=\"https:\/\/hupasl.com\/wp-content\/uploads\/2022\/03\/dosificacion-y-pesaje.png\" class=\"attachment-full size-full\" alt=\"\" \/><\/div><div class=\"w-iconbox-meta\"><h3 class=\"w-iconbox-title\">Dosage et pesage<\/h3><\/div><\/div><\/div><\/div><\/div><div class=\"vc_col-sm-4 wpb_column vc_column_container div-categoria\" id=\"div-categoria\"><div class=\"vc_column-inner us_custom_e84d4904\"><div class=\"wpb_wrapper\"><div class=\"w-iconbox iconpos_top style_default color_primary align_center no_text icontype_img\"><div class=\"w-iconbox-icon\" style=\"font-size:4.5rem;\"><img decoding=\"async\" width=\"64\" height=\"64\" src=\"https:\/\/hupasl.com\/wp-content\/uploads\/2022\/03\/molienda.png\" class=\"attachment-full size-full\" alt=\"\" \/><\/div><div class=\"w-iconbox-meta\"><h3 class=\"w-iconbox-title\">Fraisage<\/h3><\/div><\/div><\/div><\/div><\/div><div class=\"vc_col-sm-4 wpb_column vc_column_container div-categoria\" id=\"div-categoria\"><div class=\"vc_column-inner us_custom_e84d4904\"><div class=\"wpb_wrapper\"><div class=\"w-iconbox iconpos_top style_default color_primary align_center no_text icontype_img\"><div class=\"w-iconbox-icon\" style=\"font-size:4.5rem;\"><img decoding=\"async\" width=\"64\" height=\"64\" src=\"https:\/\/hupasl.com\/wp-content\/uploads\/2022\/03\/sistema-de-desvio.png\" class=\"attachment-full size-full\" alt=\"\" \/><\/div><div class=\"w-iconbox-meta\"><h3 class=\"w-iconbox-title\">Syst\u00e8me de d\u00e9viation<\/h3><\/div><\/div><\/div><\/div><\/div><\/div>[vc_raw_js]JTNDc2NyaXB0JTNFJTBBJTIwJTIwJTIwJTIwZG9jdW1lbnQuZ2V0RWxlbWVudHNCeUNsYXNzTmFtZSUyOCUyN3VzX2N1c3RvbV9lODRkNDkwNCUyNyUyOSU1QjAlNUQuYWRkRXZlbnRMaXN0ZW5lciUyOCUyN2NsaWNrJTI3JTJDJTIwZnVuY3Rpb24lMjglMjklMjAlN0IlMEElMjAlMjAlMjAlMjAlMjAlMjAlMjAlMjBsb2NhdGlvbi5ocmVmJTIwJTNEJTIwJTI3aHR0cHMlM0ElMkYlMkZodXBhc2wuY29tJTJGZnIlMkZjYXRlZ29yaWFfcHJvZHVjdG8lMkZzdG9ja2FnZSUyRiUyNyUwQSUyMCUyMCUyMCUyMCU3RCUyQyUyMGZhbHNlJTI5JTNCJTBBJTIwJTIwJTIwJTIwZG9jdW1lbnQuZ2V0RWxlbWVudHNCeUNsYXNzTmFtZSUyOCUyN3VzX2N1c3RvbV9lODRkNDkwNCUyNyUyOSU1QjElNUQuYWRkRXZlbnRMaXN0ZW5lciUyOCUyN2NsaWNrJTI3JTJDJTIwZnVuY3Rpb24lMjglMjklMjAlN0IlMEElMjAlMjAlMjAlMjAlMjAlMjAlMjAlMjBsb2NhdGlvbi5ocmVmJTIwJTNEJTIwJTI3aHR0cHMlM0ElMkYlMkZodXBhc2wuY29tJTJGZnIlMkZjYXRlZ29yaWFfcHJvZHVjdG8lMkZ0cmFuc3BvcnQtZnIlMkYlMjclMEElMjAlMjAlMjAlMjAlN0QlMkMlMjBmYWxzZSUyOSUzQiUyMCUwQSUyMCUyMCUyMCUyMGRvY3VtZW50LmdldEVsZW1lbnRzQnlDbGFzc05hbWUlMjglMjd1c19jdXN0b21fZTg0ZDQ5MDQlMjclMjklNUIyJTVELmFkZEV2ZW50TGlzdGVuZXIlMjglMjdjbGljayUyNyUyQyUyMGZ1bmN0aW9uJTI4JTI5JTIwJTdCJTBBJTIwJTIwJTIwJTIwJTIwJTIwJTIwJTIwbG9jYXRpb24uaHJlZiUyMCUzRCUyMCUyN2h0dHBzJTNBJTJGJTJGaHVwYXNsLmNvbSUyRmZyJTJGY2F0ZWdvcmlhX3Byb2R1Y3RvJTJGbWVsYW5nZSUyRiUyNyUwQSUyMCUyMCUyMCUyMCU3RCUyQyUyMGZhbHNlJTI5JTNCJTIwJTBBJTIwJTIwJTIwJTIwZG9jdW1lbnQuZ2V0RWxlbWVudHNCeUNsYXNzTmFtZSUyOCUyN3VzX2N1c3RvbV9lODRkNDkwNCUyNyUyOSU1QjMlNUQuYWRkRXZlbnRMaXN0ZW5lciUyOCUyN2NsaWNrJTI3JTJDJTIwZnVuY3Rpb24lMjglMjklMjAlN0IlMEElMjAlMjAlMjAlMjAlMjAlMjAlMjAlMjBsb2NhdGlvbi5ocmVmJTIwJTNEJTIwJTI3aHR0cHMlM0ElMkYlMkZodXBhc2wuY29tJTJGZnIlMkZjYXRlZ29yaWFfcHJvZHVjdG8lMkZkb3NhZ2UtZXQtcGVzYWdlJTJGJTI3JTBBJTIwJTIwJTIwJTIwJTdEJTJDJTIwZmFsc2UlMjklM0IlMjAlMEElMjAlMjAlMjAlMjBkb2N1bWVudC5nZXRFbGVtZW50c0J5Q2xhc3NOYW1lJTI4JTI3dXNfY3VzdG9tX2U4NGQ0OTA0JTI3JTI5JTVCNCU1RC5hZGRFdmVudExpc3RlbmVyJTI4JTI3Y2xpY2slMjclMkMlMjBmdW5jdGlvbiUyOCUyOSUyMCU3QiUwQSUyMCUyMCUyMCUyMCUyMCUyMCUyMCUyMGxvY2F0aW9uLmhyZWYlMjAlM0QlMjAlMjdodHRwcyUzQSUyRiUyRmh1cGFzbC5jb20lMkZmciUyRmNhdGVnb3JpYV9wcm9kdWN0byUyRmZyYWlzYWdlJTJGJTI3JTBBJTIwJTIwJTIwJTIwJTdEJTJDJTIwZmFsc2UlMjklM0IlMjAlMEElMjAlMjAlMjAlMjBkb2N1bWVudC5nZXRFbGVtZW50c0J5Q2xhc3NOYW1lJTI4JTI3dXNfY3VzdG9tX2U4NGQ0OTA0JTI3JTI5JTVCNSU1RC5hZGRFdmVudExpc3RlbmVyJTI4JTI3Y2xpY2slMjclMkMlMjBmdW5jdGlvbiUyOCUyOSUyMCU3QiUwQSUyMCUyMCUyMCUyMCUyMCUyMCUyMCUyMGxvY2F0aW9uLmhyZWYlMjAlM0QlMjAlMjdodHRwcyUzQSUyRiUyRmh1cGFzbC5jb20lMkZmciUyRmNhdGVnb3JpYV9wcm9kdWN0byUyRnN5c3RlbWUtZGUtZGV2aWF0aW9uJTJGJTI3JTBBJTIwJTIwJTIwJTIwJTdEJTJDJTIwZmFsc2UlMjklM0IlMjAlMEElM0MlMkZzY3JpcHQlM0U=[\/vc_raw_js]<\/div><\/div><\/div><\/div><\/div><\/section>\n","protected":false},"excerpt":{"rendered":"Machinerie Nous concevons et fabriquons des machines pour le stockage, le transport et le dosage des solides en vrac. Nous sommes capables de r\u00e9pondre aux processus de traitement les plus complets. Les processus impliqu\u00e9s StockageTransportM\u00e9langeDosage et pesageFraisageSyst\u00e8me de d\u00e9viation[vc_raw_js]JTNDc2NyaXB0JTNFJTBBJTIwJTIwJTIwJTIwZG9jdW1lbnQuZ2V0RWxlbWVudHNCeUNsYXNzTmFtZSUyOCUyN3VzX2N1c3RvbV9lODRkNDkwNCUyNyUyOSU1QjAlNUQuYWRkRXZlbnRMaXN0ZW5lciUyOCUyN2NsaWNrJTI3JTJDJTIwZnVuY3Rpb24lMjglMjklMjAlN0IlMEElMjAlMjAlMjAlMjAlMjAlMjAlMjAlMjBsb2NhdGlvbi5ocmVmJTIwJTNEJTIwJTI3aHR0cHMlM0ElMkYlMkZodXBhc2wuY29tJTJGZnIlMkZjYXRlZ29yaWFfcHJvZHVjdG8lMkZzdG9ja2FnZSUyRiUyNyUwQSUyMCUyMCUyMCUyMCU3RCUyQyUyMGZhbHNlJTI5JTNCJTBBJTIwJTIwJTIwJTIwZG9jdW1lbnQuZ2V0RWxlbWVudHNCeUNsYXNzTmFtZSUyOCUyN3VzX2N1c3RvbV9lODRkNDkwNCUyNyUyOSU1QjElNUQuYWRkRXZlbnRMaXN0ZW5lciUyOCUyN2NsaWNrJTI3JTJDJTIwZnVuY3Rpb24lMjglMjklMjAlN0IlMEElMjAlMjAlMjAlMjAlMjAlMjAlMjAlMjBsb2NhdGlvbi5ocmVmJTIwJTNEJTIwJTI3aHR0cHMlM0ElMkYlMkZodXBhc2wuY29tJTJGZnIlMkZjYXRlZ29yaWFfcHJvZHVjdG8lMkZ0cmFuc3BvcnQtZnIlMkYlMjclMEElMjAlMjAlMjAlMjAlN0QlMkMlMjBmYWxzZSUyOSUzQiUyMCUwQSUyMCUyMCUyMCUyMGRvY3VtZW50LmdldEVsZW1lbnRzQnlDbGFzc05hbWUlMjglMjd1c19jdXN0b21fZTg0ZDQ5MDQlMjclMjklNUIyJTVELmFkZEV2ZW50TGlzdGVuZXIlMjglMjdjbGljayUyNyUyQyUyMGZ1bmN0aW9uJTI4JTI5JTIwJTdCJTBBJTIwJTIwJTIwJTIwJTIwJTIwJTIwJTIwbG9jYXRpb24uaHJlZiUyMCUzRCUyMCUyN2h0dHBzJTNBJTJGJTJGaHVwYXNsLmNvbSUyRmZyJTJGY2F0ZWdvcmlhX3Byb2R1Y3RvJTJGbWVsYW5nZSUyRiUyNyUwQSUyMCUyMCUyMCUyMCU3RCUyQyUyMGZhbHNlJTI5JTNCJTIwJTBBJTIwJTIwJTIwJTIwZG9jdW1lbnQuZ2V0RWxlbWVudHNCeUNsYXNzTmFtZSUyOCUyN3VzX2N1c3RvbV9lODRkNDkwNCUyNyUyOSU1QjMlNUQuYWRkRXZlbnRMaXN0ZW5lciUyOCUyN2NsaWNrJTI3JTJDJTIwZnVuY3Rpb24lMjglMjklMjAlN0IlMEElMjAlMjAlMjAlMjAlMjAlMjAlMjAlMjBsb2NhdGlvbi5ocmVmJTIwJTNEJTIwJTI3aHR0cHMlM0ElMkYlMkZodXBhc2wuY29tJTJGZnIlMkZjYXRlZ29yaWFfcHJvZHVjdG8lMkZkb3NhZ2UtZXQtcGVzYWdlJTJGJTI3JTBBJTIwJTIwJTIwJTIwJTdEJTJDJTIwZmFsc2UlMjklM0IlMjAlMEElMjAlMjAlMjAlMjBkb2N1bWVudC5nZXRFbGVtZW50c0J5Q2xhc3NOYW1lJTI4JTI3dXNfY3VzdG9tX2U4NGQ0OTA0JTI3JTI5JTVCNCU1RC5hZGRFdmVudExpc3RlbmVyJTI4JTI3Y2xpY2slMjclMkMlMjBmdW5jdGlvbiUyOCUyOSUyMCU3QiUwQSUyMCUyMCUyMCUyMCUyMCUyMCUyMCUyMGxvY2F0aW9uLmhyZWYlMjAlM0QlMjAlMjdodHRwcyUzQSUyRiUyRmh1cGFzbC5jb20lMkZmciUyRmNhdGVnb3JpYV9wcm9kdWN0byUyRmZyYWlzYWdlJTJGJTI3JTBBJTIwJTIwJTIwJTIwJTdEJTJDJTIwZmFsc2UlMjklM0IlMjAlMEElMjAlMjAlMjAlMjBkb2N1bWVudC5nZXRFbGVtZW50c0J5Q2xhc3NOYW1lJTI4JTI3dXNfY3VzdG9tX2U4NGQ0OTA0JTI3JTI5JTVCNSU1RC5hZGRFdmVudExpc3RlbmVyJTI4JTI3Y2xpY2slMjclMkMlMjBmdW5jdGlvbiUyOCUyOSUyMCU3QiUwQSUyMCUyMCUyMCUyMCUyMCUyMCUyMCUyMGxvY2F0aW9uLmhyZWYlMjAlM0QlMjAlMjdodHRwcyUzQSUyRiUyRmh1cGFzbC5jb20lMkZmciUyRmNhdGVnb3JpYV9wcm9kdWN0byUyRnN5c3RlbWUtZGUtZGV2aWF0aW9uJTJGJTI3JTBBJTIwJTIwJTIwJTIwJTdEJTJDJTIwZmFsc2UlMjklM0IlMjAlMEElM0MlMkZzY3JpcHQlM0U=[\/vc_raw_js]","protected":false},"author":1,"featured_media":0,"parent":0,"menu_order":27,"comment_status":"closed","ping_status":"closed","template":"","meta":{"_acf_changed":false,"ngg_post_thumbnail":0,"footnotes":""},"class_list":["post-1918","page","type-page","status-publish","hentry"],"acf":[],"yoast_head":"<!-- This site is optimized with the Yoast SEO plugin v24.3 - https:\/\/yoast.com\/wordpress\/plugins\/seo\/ -->\n<title>MACHINERIE - HUPA SL<\/title>\n<meta name=\"robots\" content=\"index, follow, max-snippet:-1, max-image-preview:large, max-video-preview:-1\" \/>\n<link rel=\"canonical\" href=\"https:\/\/hupasl.com\/fr\/machinerie\/\" \/>\n<meta property=\"og:locale\" content=\"fr_FR\" \/>\n<meta property=\"og:type\" content=\"article\" \/>\n<meta property=\"og:title\" content=\"MACHINERIE - HUPA SL\" \/>\n<meta property=\"og:url\" content=\"https:\/\/hupasl.com\/fr\/machinerie\/\" \/>\n<meta property=\"og:site_name\" content=\"HUPA SL\" \/>\n<meta property=\"article:publisher\" content=\"https:\/\/www.facebook.com\/hupasl\/\" \/>\n<meta property=\"article:modified_time\" content=\"2022-08-05T10:56:38+00:00\" \/>\n<meta property=\"og:image\" content=\"https:\/\/hupasl.com\/wp-content\/uploads\/2023\/02\/cropped-logo-hupa-test-1.png\" \/>\n\t<meta property=\"og:image:width\" content=\"512\" \/>\n\t<meta property=\"og:image:height\" content=\"512\" \/>\n\t<meta property=\"og:image:type\" content=\"image\/png\" \/>\n<meta name=\"twitter:card\" content=\"summary_large_image\" \/>\n<meta name=\"twitter:label1\" content=\"Dur\u00e9e de lecture estim\u00e9e\" \/>\n\t<meta name=\"twitter:data1\" content=\"4 minutes\" \/>\n<!-- \/ Yoast SEO plugin. -->","yoast_head_json":{"title":"MACHINERIE - HUPA SL","robots":{"index":"index","follow":"follow","max-snippet":"max-snippet:-1","max-image-preview":"max-image-preview:large","max-video-preview":"max-video-preview:-1"},"canonical":"https:\/\/hupasl.com\/fr\/machinerie\/","og_locale":"fr_FR","og_type":"article","og_title":"MACHINERIE - HUPA SL","og_url":"https:\/\/hupasl.com\/fr\/machinerie\/","og_site_name":"HUPA SL","article_publisher":"https:\/\/www.facebook.com\/hupasl\/","article_modified_time":"2022-08-05T10:56:38+00:00","og_image":[{"width":512,"height":512,"url":"https:\/\/hupasl.com\/wp-content\/uploads\/2023\/02\/cropped-logo-hupa-test-1.png","type":"image\/png"}],"twitter_card":"summary_large_image","twitter_misc":{"Dur\u00e9e de lecture estim\u00e9e":"4 minutes"},"schema":{"@context":"https:\/\/schema.org","@graph":[{"@type":"WebPage","@id":"https:\/\/hupasl.com\/fr\/machinerie\/","url":"https:\/\/hupasl.com\/fr\/machinerie\/","name":"MACHINERIE - HUPA SL","isPartOf":{"@id":"https:\/\/hupasl.com\/fr\/#website"},"datePublished":"2022-02-21T10:46:30+00:00","dateModified":"2022-08-05T10:56:38+00:00","breadcrumb":{"@id":"https:\/\/hupasl.com\/fr\/machinerie\/#breadcrumb"},"inLanguage":"fr-FR","potentialAction":[{"@type":"ReadAction","target":["https:\/\/hupasl.com\/fr\/machinerie\/"]}]},{"@type":"BreadcrumbList","@id":"https:\/\/hupasl.com\/fr\/machinerie\/#breadcrumb","itemListElement":[{"@type":"ListItem","position":1,"name":"Home","item":"https:\/\/hupasl.com\/fr\/"},{"@type":"ListItem","position":2,"name":"MACHINERIE"}]},{"@type":"WebSite","@id":"https:\/\/hupasl.com\/fr\/#website","url":"https:\/\/hupasl.com\/fr\/","name":"HUPA SL","description":"","publisher":{"@id":"https:\/\/hupasl.com\/fr\/#organization"},"potentialAction":[{"@type":"SearchAction","target":{"@type":"EntryPoint","urlTemplate":"https:\/\/hupasl.com\/fr\/?s={search_term_string}"},"query-input":{"@type":"PropertyValueSpecification","valueRequired":true,"valueName":"search_term_string"}}],"inLanguage":"fr-FR"},{"@type":"Organization","@id":"https:\/\/hupasl.com\/fr\/#organization","name":"HUPA SL","url":"https:\/\/hupasl.com\/fr\/","logo":{"@type":"ImageObject","inLanguage":"fr-FR","@id":"https:\/\/hupasl.com\/fr\/#\/schema\/logo\/image\/","url":"https:\/\/hupasl.com\/wp-content\/uploads\/2023\/02\/logo-hupa-test.png","contentUrl":"https:\/\/hupasl.com\/wp-content\/uploads\/2023\/02\/logo-hupa-test.png","width":512,"height":512,"caption":"HUPA SL"},"image":{"@id":"https:\/\/hupasl.com\/fr\/#\/schema\/logo\/image\/"},"sameAs":["https:\/\/www.facebook.com\/hupasl\/","https:\/\/www.instagram.com\/hupasl\/?hl=es"]}]}},"_links":{"self":[{"href":"https:\/\/hupasl.com\/fr\/wp-json\/wp\/v2\/pages\/1918"}],"collection":[{"href":"https:\/\/hupasl.com\/fr\/wp-json\/wp\/v2\/pages"}],"about":[{"href":"https:\/\/hupasl.com\/fr\/wp-json\/wp\/v2\/types\/page"}],"author":[{"embeddable":true,"href":"https:\/\/hupasl.com\/fr\/wp-json\/wp\/v2\/users\/1"}],"replies":[{"embeddable":true,"href":"https:\/\/hupasl.com\/fr\/wp-json\/wp\/v2\/comments?post=1918"}],"version-history":[{"count":4,"href":"https:\/\/hupasl.com\/fr\/wp-json\/wp\/v2\/pages\/1918\/revisions"}],"predecessor-version":[{"id":1938,"href":"https:\/\/hupasl.com\/fr\/wp-json\/wp\/v2\/pages\/1918\/revisions\/1938"}],"wp:attachment":[{"href":"https:\/\/hupasl.com\/fr\/wp-json\/wp\/v2\/media?parent=1918"}],"curies":[{"name":"wp","href":"https:\/\/api.w.org\/{rel}","templated":true}]}}