{"id":1901,"date":"2022-07-25T11:02:04","date_gmt":"2022-07-25T11:02:04","guid":{"rendered":"https:\/\/hupasl.com\/?page_id=1901"},"modified":"2022-08-04T11:34:45","modified_gmt":"2022-08-04T11:34:45","slug":"mentions-legales","status":"publish","type":"page","link":"https:\/\/hupasl.com\/fr\/mentions-legales\/","title":{"rendered":"MENTIONS L\u00c9GALES"},"content":{"rendered":"<section class=\"l-section wpb_row height_medium\"><div class=\"l-section-h i-cf\"><div class=\"g-cols vc_row via_flex valign_top type_default stacking_default\"><div class=\"vc_col-sm-12 wpb_column vc_column_container\"><div class=\"vc_column-inner\"><div class=\"wpb_wrapper\"><div class=\"wpb_text_column\"><div class=\"wpb_wrapper\"><h1>Mentions l\u00e9gales<\/h1>\n<p>In accordance with the provisions of Law 34\/2002, on the Information Society and Electronic Commerce Services, users of this website are hereby informed that the website is owned by Hupa, SL, (hereinafter \u201cTHE OWNER\u201d), with Tax ID no.: B17043258, with address at pol. Ind. Pont-xetmar, c. A, 3-4 of Cornell\u00e0 del Terri (17844); phone 972 59 40 20.<\/p>\n<p class=\"titol text-bold text-uppercase \"><strong>PROPRI\u00c9T\u00c9 INTELLECTUELLE ET INDUSTRIELLE<\/strong><\/p>\n<p>Les contenus de ce site, y compris les textes, les images et les graphiques, appartiennent au TITULAIRE, ou \u00e0 des tiers qui ont autoris\u00e9 leur utilisation. Le TITULAIRE pr\u00e9sente ces contenus \u00e0 des fins d&#8217;information et de promotion. Le TITULAIRE autorise son utilisation exclusivement \u00e0 ces fins. Toute utilisation de ces dessins, images ou textes doit mentionner express\u00e9ment qu&#8217;ils appartiennent au TITULAIRE, qui se r\u00e9serve le droit d&#8217;entreprendre les actions l\u00e9gales appropri\u00e9es pour r\u00e9parer les dommages caus\u00e9s par tout acte qui violerait ses droits de propri\u00e9t\u00e9 intellectuelle ou industrielle.<\/p>\n<p class=\"titol text-bold text-uppercase \"><strong>EXCLUSION DE RESPONSABILIT\u00c9<\/strong><\/p>\n<p>Le TITULAIRE agit avec la plus grande diligence pour assurer la mise \u00e0 jour des donn\u00e9es et des informations fournies sur son site web \u00e0 tout moment, mais ne garantit pas et n&#8217;accepte pas la responsabilit\u00e9 de l&#8217;exactitude et de la mise \u00e0 jour des contenus du site web, se r\u00e9servant le droit de modifier ces contenus \u00e0 tout moment. Le TITULAIRE ne sera pas non plus responsable des informations obtenues par le biais des liens inclus dans le site web.<\/p>\n<p>The commercial relationship with customers will be governed by the general terms and conditions which, if applicable, are set forth by THE OWNER in a document specifically drawn up for this purpose, or in the specific agreements entered into with customers.<\/p>\n<p class=\"titol text-bold text-uppercase \"><strong>MODALIT\u00c9S D&#8217;UTILISATION<\/strong><\/p>\n<p>L&#8217;utilisation de ce site web implique l&#8217;acceptation int\u00e9grale des termes de cet avis l\u00e9gal. Les \u00e9ventuels conflits concernant ce site web seront r\u00e9gis exclusivement par la loi d\u2019Espagne. Tous les utilisateurs du site web, quelle que soit la juridiction territoriale \u00e0 partir de laquelle ils y acc\u00e8dent, acceptent le respect et l&#8217;application de ces clauses, en renon\u00e7ant express\u00e9ment \u00e0 toute autre juridiction qui pourrait leur correspondre.<\/p>\n<\/div><\/div><\/div><\/div><\/div><\/div><\/div><\/section>\n","protected":false},"excerpt":{"rendered":"Mentions l\u00e9gales In accordance with the provisions of Law 34\/2002, on the Information Society and Electronic Commerce Services, users of this website are hereby informed that the website is owned by Hupa, SL, (hereinafter \u201cTHE OWNER\u201d), with Tax ID no.: B17043258, with address at pol. Ind. Pont-xetmar, c. A, 3-4 of Cornell\u00e0 del Terri (17844);...","protected":false},"author":1,"featured_media":0,"parent":0,"menu_order":2,"comment_status":"closed","ping_status":"closed","template":"","meta":{"_acf_changed":false,"ngg_post_thumbnail":0,"footnotes":""},"class_list":["post-1901","page","type-page","status-publish","hentry"],"acf":[],"yoast_head":"<!-- This site is optimized with the Yoast SEO plugin v24.3 - https:\/\/yoast.com\/wordpress\/plugins\/seo\/ -->\n<title>MENTIONS L\u00c9GALES - HUPA SL<\/title>\n<meta name=\"robots\" content=\"index, follow, max-snippet:-1, max-image-preview:large, max-video-preview:-1\" \/>\n<link rel=\"canonical\" href=\"https:\/\/hupasl.com\/fr\/mentions-legales\/\" \/>\n<meta property=\"og:locale\" content=\"fr_FR\" \/>\n<meta property=\"og:type\" content=\"article\" \/>\n<meta property=\"og:title\" content=\"MENTIONS L\u00c9GALES - HUPA SL\" \/>\n<meta property=\"og:url\" content=\"https:\/\/hupasl.com\/fr\/mentions-legales\/\" \/>\n<meta property=\"og:site_name\" content=\"HUPA SL\" \/>\n<meta property=\"article:publisher\" content=\"https:\/\/www.facebook.com\/hupasl\/\" \/>\n<meta property=\"article:modified_time\" content=\"2022-08-04T11:34:45+00:00\" \/>\n<meta property=\"og:image\" content=\"https:\/\/hupasl.com\/wp-content\/uploads\/2023\/02\/cropped-logo-hupa-test-1.png\" \/>\n\t<meta property=\"og:image:width\" content=\"512\" \/>\n\t<meta property=\"og:image:height\" content=\"512\" \/>\n\t<meta property=\"og:image:type\" content=\"image\/png\" \/>\n<meta name=\"twitter:card\" content=\"summary_large_image\" \/>\n<meta name=\"twitter:label1\" content=\"Dur\u00e9e de lecture estim\u00e9e\" \/>\n\t<meta name=\"twitter:data1\" content=\"2 minutes\" \/>\n<!-- \/ Yoast SEO plugin. -->","yoast_head_json":{"title":"MENTIONS L\u00c9GALES - HUPA SL","robots":{"index":"index","follow":"follow","max-snippet":"max-snippet:-1","max-image-preview":"max-image-preview:large","max-video-preview":"max-video-preview:-1"},"canonical":"https:\/\/hupasl.com\/fr\/mentions-legales\/","og_locale":"fr_FR","og_type":"article","og_title":"MENTIONS L\u00c9GALES - HUPA SL","og_url":"https:\/\/hupasl.com\/fr\/mentions-legales\/","og_site_name":"HUPA SL","article_publisher":"https:\/\/www.facebook.com\/hupasl\/","article_modified_time":"2022-08-04T11:34:45+00:00","og_image":[{"width":512,"height":512,"url":"https:\/\/hupasl.com\/wp-content\/uploads\/2023\/02\/cropped-logo-hupa-test-1.png","type":"image\/png"}],"twitter_card":"summary_large_image","twitter_misc":{"Dur\u00e9e de lecture estim\u00e9e":"2 minutes"},"schema":{"@context":"https:\/\/schema.org","@graph":[{"@type":"WebPage","@id":"https:\/\/hupasl.com\/fr\/mentions-legales\/","url":"https:\/\/hupasl.com\/fr\/mentions-legales\/","name":"MENTIONS L\u00c9GALES - HUPA SL","isPartOf":{"@id":"https:\/\/hupasl.com\/fr\/#website"},"datePublished":"2022-07-25T11:02:04+00:00","dateModified":"2022-08-04T11:34:45+00:00","breadcrumb":{"@id":"https:\/\/hupasl.com\/fr\/mentions-legales\/#breadcrumb"},"inLanguage":"fr-FR","potentialAction":[{"@type":"ReadAction","target":["https:\/\/hupasl.com\/fr\/mentions-legales\/"]}]},{"@type":"BreadcrumbList","@id":"https:\/\/hupasl.com\/fr\/mentions-legales\/#breadcrumb","itemListElement":[{"@type":"ListItem","position":1,"name":"Home","item":"https:\/\/hupasl.com\/fr\/"},{"@type":"ListItem","position":2,"name":"MENTIONS L\u00c9GALES"}]},{"@type":"WebSite","@id":"https:\/\/hupasl.com\/fr\/#website","url":"https:\/\/hupasl.com\/fr\/","name":"HUPA SL","description":"","publisher":{"@id":"https:\/\/hupasl.com\/fr\/#organization"},"potentialAction":[{"@type":"SearchAction","target":{"@type":"EntryPoint","urlTemplate":"https:\/\/hupasl.com\/fr\/?s={search_term_string}"},"query-input":{"@type":"PropertyValueSpecification","valueRequired":true,"valueName":"search_term_string"}}],"inLanguage":"fr-FR"},{"@type":"Organization","@id":"https:\/\/hupasl.com\/fr\/#organization","name":"HUPA SL","url":"https:\/\/hupasl.com\/fr\/","logo":{"@type":"ImageObject","inLanguage":"fr-FR","@id":"https:\/\/hupasl.com\/fr\/#\/schema\/logo\/image\/","url":"https:\/\/hupasl.com\/wp-content\/uploads\/2023\/02\/logo-hupa-test.png","contentUrl":"https:\/\/hupasl.com\/wp-content\/uploads\/2023\/02\/logo-hupa-test.png","width":512,"height":512,"caption":"HUPA SL"},"image":{"@id":"https:\/\/hupasl.com\/fr\/#\/schema\/logo\/image\/"},"sameAs":["https:\/\/www.facebook.com\/hupasl\/","https:\/\/www.instagram.com\/hupasl\/?hl=es"]}]}},"_links":{"self":[{"href":"https:\/\/hupasl.com\/fr\/wp-json\/wp\/v2\/pages\/1901"}],"collection":[{"href":"https:\/\/hupasl.com\/fr\/wp-json\/wp\/v2\/pages"}],"about":[{"href":"https:\/\/hupasl.com\/fr\/wp-json\/wp\/v2\/types\/page"}],"author":[{"embeddable":true,"href":"https:\/\/hupasl.com\/fr\/wp-json\/wp\/v2\/users\/1"}],"replies":[{"embeddable":true,"href":"https:\/\/hupasl.com\/fr\/wp-json\/wp\/v2\/comments?post=1901"}],"version-history":[{"count":1,"href":"https:\/\/hupasl.com\/fr\/wp-json\/wp\/v2\/pages\/1901\/revisions"}],"predecessor-version":[{"id":1902,"href":"https:\/\/hupasl.com\/fr\/wp-json\/wp\/v2\/pages\/1901\/revisions\/1902"}],"wp:attachment":[{"href":"https:\/\/hupasl.com\/fr\/wp-json\/wp\/v2\/media?parent=1901"}],"curies":[{"name":"wp","href":"https:\/\/api.w.org\/{rel}","templated":true}]}}