{"id":1812,"date":"2022-05-26T11:04:06","date_gmt":"2022-05-26T11:04:06","guid":{"rendered":"https:\/\/hupasl.com\/?page_id=1812"},"modified":"2022-08-08T10:28:07","modified_gmt":"2022-08-08T10:28:07","slug":"projectes-esp","status":"publish","type":"page","link":"https:\/\/hupasl.com\/ca\/projectes\/projectes-esp\/","title":{"rendered":"PROJECTES ESP"},"content":{"rendered":"<section class=\"l-section wpb_row height_auto with_img\"><div class=\"l-section-img\" role=\"img\" data-img-width=\"1920\" data-img-height=\"1280\" style=\"background-image: url(https:\/\/hupasl.com\/wp-content\/uploads\/2022\/02\/descargardorBigbags-4.jpg);\"><\/div><div class=\"l-section-h i-cf\"><div class=\"g-cols vc_row via_flex valign_middle type_default stacking_default\"><div class=\"vc_col-sm-6 wpb_column vc_column_container clip-path1\"><div class=\"vc_column-inner\"><div class=\"wpb_wrapper\"><div class=\"wpb_text_column us_custom_6df4bc3a titulo-portada has_text_color\"><div class=\"wpb_wrapper\"><h1 style=\"text-align: center;\"><strong>Projectes a<br \/>\nEspanya<\/strong><\/h1>\n<\/div><\/div><div class=\"w-separator size_custom with_line width_30 thick_3 style_solid color_primary align_center\" style=\"height:10px\"><div class=\"w-separator-h\"><\/div><\/div><\/div><\/div><\/div><div class=\"vc_col-sm-6 wpb_column vc_column_container\"><div class=\"vc_column-inner\"><div class=\"wpb_wrapper\"><\/div><\/div><\/div><\/div><\/div><\/section><section class=\"l-section wpb_row height_medium\"><div class=\"l-section-h i-cf\"><div class=\"g-cols vc_row via_flex valign_top type_default stacking_default\"><div class=\"vc_col-sm-12 wpb_column vc_column_container\"><div class=\"vc_column-inner\"><div class=\"wpb_wrapper\"><div class=\"w-grid type_grid layout_684 cols_3 overflow_hidden\" id=\"us_grid_1\" style=\"--columns:3;--gap:1.5rem;\" data-filterable=\"true\"><style>@media (max-width:1024px){#us_grid_1{--columns:2!important}}@media (max-width:600px){#us_grid_1{--columns:1!important}}.layout_684 .w-grid-item-h{background:var(--color-content-bg);color:var(--color-content-text);border-radius:0.3rem;box-shadow:0 0.03rem 0.06rem rgba(0,0,0,0.1),0 0.1rem 0.3rem rgba(0,0,0,0.1);transition-duration:0.3s}.no-touch .layout_684 .w-grid-item-h:hover{box-shadow:0 0.1rem 0.2rem rgba(0,0,0,0.1),0 0.33rem 1rem rgba(0,0,0,0.15);z-index:4}.layout_684 .usg_post_image_1{max-height:200px!important}.layout_684 .usg_post_title_1{font-size:1.4rem!important;font-weight:700!important}.layout_684 .usg_vwrapper_1{padding:9% 11% 11% 11%!important}.layout_684 .usg_post_taxonomy_1{font-weight:700!important;text-transform:uppercase!important;font-size:10px!important;position:absolute!important;top:1.2rem!important;right:1.2rem!important;left:1.2rem!important}.layout_684 .usg_hwrapper_1{color:var(--color-content-faded)!important;font-size:0.9rem!important}@media (max-width:600px){.layout_684 .usg_post_title_1{font-size:1.2rem!important}}<\/style><div class=\"w-grid-list\">\t<article class=\"w-grid-item size_1x1 post-3289 post type-post status-publish format-standard has-post-thumbnail hentry category-projectes-esp\" data-id=\"3289\">\r\n\t\t<div class=\"w-grid-item-h\">\r\n\t\t\t\t\t\t<div class=\"w-vwrapper usg_vwrapper_2 card-proyectos align_none valign_top\"><div class=\"w-post-elm post_image usg_post_image_1 has_height stretched\"><a href=\"https:\/\/hupasl.com\/ca\/bisenfin-dosificador\/\" aria-label=\"Bisenf\u00ed dosificador\"><img decoding=\"async\" width=\"1920\" height=\"1280\" src=\"https:\/\/hupasl.com\/wp-content\/uploads\/2025\/12\/Bisenfi-dosificador.jpg\" class=\"attachment-full size-full wp-post-image\" alt=\"\" srcset=\"https:\/\/hupasl.com\/wp-content\/uploads\/2025\/12\/Bisenfi-dosificador.jpg 1920w, https:\/\/hupasl.com\/wp-content\/uploads\/2025\/12\/Bisenfi-dosificador-300x200.jpg 300w, https:\/\/hupasl.com\/wp-content\/uploads\/2025\/12\/Bisenfi-dosificador-1024x683.jpg 1024w, https:\/\/hupasl.com\/wp-content\/uploads\/2025\/12\/Bisenfi-dosificador-500x333.jpg 500w, https:\/\/hupasl.com\/wp-content\/uploads\/2025\/12\/Bisenfi-dosificador-375x250.jpg 375w\" sizes=\"(max-width: 1920px) 100vw, 1920px\" \/><\/a><\/div><div class=\"w-post-elm post_taxonomy usg_post_taxonomy_1 style_badge color_link_inherit\"><a class=\"w-btn us-btn-style_badge term-69 term-projectes-esp\" href=\"https:\/\/hupasl.com\/ca\/projectes-esp\/\"><span class=\"w-btn-label\">Projectes ESP<\/span><\/a><\/div><div class=\"w-vwrapper usg_vwrapper_1 align_none valign_top\"><h2 class=\"w-post-elm post_title usg_post_title_1 entry-title color_link_inherit\"><a href=\"https:\/\/hupasl.com\/ca\/bisenfin-dosificador\/\">Bisenf\u00ed dosificador<\/a><\/h2><div class=\"w-hwrapper usg_hwrapper_1 has_text_color align_none valign_top wrap\"><time class=\"w-post-elm post_date usg_post_date_1 entry-date published\" datetime=\"2025-12-16T14:33:55+00:00\" title=\"16 desembre 2025 a les 14:33:55 +00:00\">desembre 16, 2025<\/time><\/div><div class=\"w-post-elm post_content usg_post_content_1\">Bisenf\u00ed dosificador Bisenf\u00ed dosificador (Model EASY CLEAN) Sistema de transport per a producte en pols o granulat L\u2019equip descrit consisteix&hellip;<\/div><\/div><\/div>\t\t<\/div>\r\n\t\t\t<\/article>\r\n\t<article class=\"w-grid-item size_1x1 post-2015 post type-post status-publish format-standard has-post-thumbnail hentry category-projectes-esp\" data-id=\"2015\">\r\n\t\t<div class=\"w-grid-item-h\">\r\n\t\t\t\t\t\t<div class=\"w-vwrapper usg_vwrapper_2 card-proyectos align_none valign_top\"><div class=\"w-post-elm post_image usg_post_image_1 has_height stretched\"><a href=\"https:\/\/hupasl.com\/ca\/sistema-de-carrega-ensacat-i-paletitzacio\/\" aria-label=\"Sistema de c\u00e0rrega, ensacat i paletitzaci\u00f3\"><img decoding=\"async\" width=\"1333\" height=\"1000\" src=\"https:\/\/hupasl.com\/wp-content\/uploads\/2022\/08\/cef8cf8a-ed89-4904-8b0f-59ae54a1c642.jpg\" class=\"attachment-full size-full wp-post-image\" alt=\"Ensacadora semiautom\u00e1tica para sacos boca abierta\" srcset=\"https:\/\/hupasl.com\/wp-content\/uploads\/2022\/08\/cef8cf8a-ed89-4904-8b0f-59ae54a1c642.jpg 1333w, https:\/\/hupasl.com\/wp-content\/uploads\/2022\/08\/cef8cf8a-ed89-4904-8b0f-59ae54a1c642-300x225.jpg 300w, https:\/\/hupasl.com\/wp-content\/uploads\/2022\/08\/cef8cf8a-ed89-4904-8b0f-59ae54a1c642-1024x768.jpg 1024w, https:\/\/hupasl.com\/wp-content\/uploads\/2022\/08\/cef8cf8a-ed89-4904-8b0f-59ae54a1c642-500x375.jpg 500w, https:\/\/hupasl.com\/wp-content\/uploads\/2022\/08\/cef8cf8a-ed89-4904-8b0f-59ae54a1c642-333x250.jpg 333w\" sizes=\"(max-width: 1333px) 100vw, 1333px\" \/><\/a><\/div><div class=\"w-post-elm post_taxonomy usg_post_taxonomy_1 style_badge color_link_inherit\"><a class=\"w-btn us-btn-style_badge term-69 term-projectes-esp\" href=\"https:\/\/hupasl.com\/ca\/projectes-esp\/\"><span class=\"w-btn-label\">Projectes ESP<\/span><\/a><\/div><div class=\"w-vwrapper usg_vwrapper_1 align_none valign_top\"><h2 class=\"w-post-elm post_title usg_post_title_1 entry-title color_link_inherit\"><a href=\"https:\/\/hupasl.com\/ca\/sistema-de-carrega-ensacat-i-paletitzacio\/\">Sistema de c\u00e0rrega, ensacat i paletitzaci\u00f3<\/a><\/h2><div class=\"w-hwrapper usg_hwrapper_1 has_text_color align_none valign_top wrap\"><time class=\"w-post-elm post_date usg_post_date_1 entry-date published\" datetime=\"2022-08-01T09:50:34+00:00\" title=\"1 agost 2022 a les 09:50:34 +00:00\">agost 1, 2022<\/time><\/div><div class=\"w-post-elm post_content usg_post_content_1\">Sistema de c\u00e0rrega, ensacat i paletitzaci\u00f3 Descobreix com millorar la producci\u00f3 del teu negoci!\u00a0 Estan augmentant les vendes i necessites&hellip;<\/div><\/div><\/div>\t\t<\/div>\r\n\t\t\t<\/article>\r\n\t<article class=\"w-grid-item size_1x1 post-2016 post type-post status-publish format-standard has-post-thumbnail hentry category-projectes-esp\" data-id=\"2016\">\r\n\t\t<div class=\"w-grid-item-h\">\r\n\t\t\t\t\t\t<div class=\"w-vwrapper usg_vwrapper_2 card-proyectos align_none valign_top\"><div class=\"w-post-elm post_image usg_post_image_1 has_height stretched\"><a href=\"https:\/\/hupasl.com\/ca\/conjunt-tolva-amb-trenca-bovedes-i-transportador-bisenfi-dosificador\/\" aria-label=\"Conjunt tolva amb trenca b\u00f3vedes i transportador bisenfi dosificador\"><img decoding=\"async\" width=\"500\" height=\"667\" src=\"https:\/\/hupasl.com\/wp-content\/uploads\/2022\/05\/1a6678ba-9d95-409d-94c5-170e4d9ecafd-1779272.jpg\" class=\"attachment-full size-full wp-post-image\" alt=\"\" srcset=\"https:\/\/hupasl.com\/wp-content\/uploads\/2022\/05\/1a6678ba-9d95-409d-94c5-170e4d9ecafd-1779272.jpg 500w, https:\/\/hupasl.com\/wp-content\/uploads\/2022\/05\/1a6678ba-9d95-409d-94c5-170e4d9ecafd-1779272-225x300.jpg 225w, https:\/\/hupasl.com\/wp-content\/uploads\/2022\/05\/1a6678ba-9d95-409d-94c5-170e4d9ecafd-1779272-375x500.jpg 375w\" sizes=\"(max-width: 500px) 100vw, 500px\" \/><\/a><\/div><div class=\"w-post-elm post_taxonomy usg_post_taxonomy_1 style_badge color_link_inherit\"><a class=\"w-btn us-btn-style_badge term-69 term-projectes-esp\" href=\"https:\/\/hupasl.com\/ca\/projectes-esp\/\"><span class=\"w-btn-label\">Projectes ESP<\/span><\/a><\/div><div class=\"w-vwrapper usg_vwrapper_1 align_none valign_top\"><h2 class=\"w-post-elm post_title usg_post_title_1 entry-title color_link_inherit\"><a href=\"https:\/\/hupasl.com\/ca\/conjunt-tolva-amb-trenca-bovedes-i-transportador-bisenfi-dosificador\/\">Conjunt tolva amb trenca b\u00f3vedes i transportador bisenfi dosificador<\/a><\/h2><div class=\"w-hwrapper usg_hwrapper_1 has_text_color align_none valign_top wrap\"><time class=\"w-post-elm post_date usg_post_date_1 entry-date published\" datetime=\"2022-05-27T08:55:35+00:00\" title=\"27 maig 2022 a les 08:55:35 +00:00\">maig 27, 2022<\/time><\/div><div class=\"w-post-elm post_content usg_post_content_1\">Conjunt tolva amb trenca b\u00f3vedes i transportador bisenfi dosificador Una empresa del Pa\u00eds Basc, ens ha encarregat el disseny i&hellip;<\/div><\/div><\/div>\t\t<\/div>\r\n\t\t\t<\/article>\r\n<\/div><div class=\"w-grid-preloader\">\t<div class=\"g-preloader type_1\">\r\n\t\t<div><\/div>\r\n\t<\/div>\r\n\t<\/div>\t<div class=\"w-grid-json hidden\" onclick='return {&quot;action&quot;:&quot;us_ajax_grid&quot;,&quot;infinite_scroll&quot;:0,&quot;max_num_pages&quot;:1,&quot;pagination&quot;:&quot;none&quot;,&quot;template_vars&quot;:{&quot;columns&quot;:&quot;3&quot;,&quot;exclude_items&quot;:&quot;none&quot;,&quot;img_size&quot;:&quot;default&quot;,&quot;ignore_items_size&quot;:0,&quot;items_layout&quot;:&quot;684&quot;,&quot;items_offset&quot;:&quot;1&quot;,&quot;load_animation&quot;:&quot;none&quot;,&quot;overriding_link&quot;:&quot;{\\&quot;url\\&quot;:\\&quot;\\&quot;}&quot;,&quot;post_id&quot;:0,&quot;query_args&quot;:{&quot;post_type&quot;:[&quot;post&quot;],&quot;tax_query&quot;:[{&quot;taxonomy&quot;:&quot;category&quot;,&quot;field&quot;:&quot;slug&quot;,&quot;terms&quot;:[&quot;proyectos-esp&quot;]}],&quot;post_status&quot;:[&quot;publish&quot;,&quot;acf-disabled&quot;],&quot;posts_per_page&quot;:&quot;10&quot;},&quot;orderby_query_args&quot;:{&quot;orderby&quot;:{&quot;date&quot;:&quot;DESC&quot;}},&quot;type&quot;:&quot;grid&quot;,&quot;us_grid_post_type&quot;:&quot;post&quot;,&quot;us_grid_ajax_index&quot;:1,&quot;us_grid_filter_query_string&quot;:null,&quot;us_grid_index&quot;:1,&quot;page_args&quot;:[],&quot;lang&quot;:&quot;ca&quot;}}'><\/div>\r\n\t<\/div><\/div><\/div><\/div><\/div><\/div><\/section>\n","protected":false},"excerpt":{"rendered":"Conjunt tolva amb trenca b\u00f3vedes i transportador bisenfi dosificador Una empresa del Pa\u00eds Basc, ens ha encarregat el disseny i la fabricaci\u00f3 d&#8217;un conjunt Tolva amb Trenca B\u00f3vedes amb transportador bisenf\u00ed per sota, I un Transportador bisenf\u00ed inclinat per transpordar silici. La tolva ha sigut dissenyada en forma de V per facilitar l&#8217;entrada de material....","protected":false},"author":1,"featured_media":0,"parent":1808,"menu_order":7,"comment_status":"closed","ping_status":"closed","template":"","meta":{"_acf_changed":false,"ngg_post_thumbnail":0,"footnotes":""},"class_list":["post-1812","page","type-page","status-publish","hentry"],"acf":[],"yoast_head":"<!-- This site is optimized with the Yoast SEO plugin v24.3 - https:\/\/yoast.com\/wordpress\/plugins\/seo\/ -->\n<title>PROJECTES ESP - HUPA SL<\/title>\n<meta name=\"robots\" content=\"index, follow, max-snippet:-1, max-image-preview:large, max-video-preview:-1\" \/>\n<link rel=\"canonical\" href=\"https:\/\/hupasl.com\/ca\/projectes\/projectes-esp\/\" \/>\n<meta property=\"og:locale\" content=\"ca_ES\" \/>\n<meta property=\"og:type\" content=\"article\" \/>\n<meta property=\"og:title\" content=\"PROJECTES ESP - HUPA SL\" \/>\n<meta property=\"og:url\" content=\"https:\/\/hupasl.com\/ca\/projectes\/projectes-esp\/\" \/>\n<meta property=\"og:site_name\" content=\"HUPA SL\" \/>\n<meta property=\"article:publisher\" content=\"https:\/\/www.facebook.com\/hupasl\/\" \/>\n<meta property=\"article:modified_time\" content=\"2022-08-08T10:28:07+00:00\" \/>\n<meta property=\"og:image\" content=\"https:\/\/hupasl.com\/wp-content\/uploads\/2023\/02\/cropped-logo-hupa-test-1.png\" \/>\n\t<meta property=\"og:image:width\" content=\"512\" \/>\n\t<meta property=\"og:image:height\" content=\"512\" \/>\n\t<meta property=\"og:image:type\" content=\"image\/png\" \/>\n<meta name=\"twitter:card\" content=\"summary_large_image\" \/>\n<!-- \/ Yoast SEO plugin. -->","yoast_head_json":{"title":"PROJECTES ESP - HUPA SL","robots":{"index":"index","follow":"follow","max-snippet":"max-snippet:-1","max-image-preview":"max-image-preview:large","max-video-preview":"max-video-preview:-1"},"canonical":"https:\/\/hupasl.com\/ca\/projectes\/projectes-esp\/","og_locale":"ca_ES","og_type":"article","og_title":"PROJECTES ESP - HUPA SL","og_url":"https:\/\/hupasl.com\/ca\/projectes\/projectes-esp\/","og_site_name":"HUPA SL","article_publisher":"https:\/\/www.facebook.com\/hupasl\/","article_modified_time":"2022-08-08T10:28:07+00:00","og_image":[{"width":512,"height":512,"url":"https:\/\/hupasl.com\/wp-content\/uploads\/2023\/02\/cropped-logo-hupa-test-1.png","type":"image\/png"}],"twitter_card":"summary_large_image","schema":{"@context":"https:\/\/schema.org","@graph":[{"@type":"WebPage","@id":"https:\/\/hupasl.com\/ca\/projectes\/projectes-esp\/","url":"https:\/\/hupasl.com\/ca\/projectes\/projectes-esp\/","name":"PROJECTES ESP - HUPA SL","isPartOf":{"@id":"https:\/\/hupasl.com\/ca\/#website"},"datePublished":"2022-05-26T11:04:06+00:00","dateModified":"2022-08-08T10:28:07+00:00","breadcrumb":{"@id":"https:\/\/hupasl.com\/ca\/projectes\/projectes-esp\/#breadcrumb"},"inLanguage":"ca","potentialAction":[{"@type":"ReadAction","target":["https:\/\/hupasl.com\/ca\/projectes\/projectes-esp\/"]}]},{"@type":"BreadcrumbList","@id":"https:\/\/hupasl.com\/ca\/projectes\/projectes-esp\/#breadcrumb","itemListElement":[{"@type":"ListItem","position":1,"name":"Home","item":"https:\/\/hupasl.com\/ca\/"},{"@type":"ListItem","position":2,"name":"PROJECTES","item":"https:\/\/hupasl.com\/ca\/projectes\/"},{"@type":"ListItem","position":3,"name":"PROJECTES ESP"}]},{"@type":"WebSite","@id":"https:\/\/hupasl.com\/ca\/#website","url":"https:\/\/hupasl.com\/ca\/","name":"HUPA SL","description":"","publisher":{"@id":"https:\/\/hupasl.com\/ca\/#organization"},"potentialAction":[{"@type":"SearchAction","target":{"@type":"EntryPoint","urlTemplate":"https:\/\/hupasl.com\/ca\/?s={search_term_string}"},"query-input":{"@type":"PropertyValueSpecification","valueRequired":true,"valueName":"search_term_string"}}],"inLanguage":"ca"},{"@type":"Organization","@id":"https:\/\/hupasl.com\/ca\/#organization","name":"HUPA SL","url":"https:\/\/hupasl.com\/ca\/","logo":{"@type":"ImageObject","inLanguage":"ca","@id":"https:\/\/hupasl.com\/ca\/#\/schema\/logo\/image\/","url":"https:\/\/hupasl.com\/wp-content\/uploads\/2023\/02\/logo-hupa-test.png","contentUrl":"https:\/\/hupasl.com\/wp-content\/uploads\/2023\/02\/logo-hupa-test.png","width":512,"height":512,"caption":"HUPA SL"},"image":{"@id":"https:\/\/hupasl.com\/ca\/#\/schema\/logo\/image\/"},"sameAs":["https:\/\/www.facebook.com\/hupasl\/","https:\/\/www.instagram.com\/hupasl\/?hl=es"]}]}},"_links":{"self":[{"href":"https:\/\/hupasl.com\/ca\/wp-json\/wp\/v2\/pages\/1812"}],"collection":[{"href":"https:\/\/hupasl.com\/ca\/wp-json\/wp\/v2\/pages"}],"about":[{"href":"https:\/\/hupasl.com\/ca\/wp-json\/wp\/v2\/types\/page"}],"author":[{"embeddable":true,"href":"https:\/\/hupasl.com\/ca\/wp-json\/wp\/v2\/users\/1"}],"replies":[{"embeddable":true,"href":"https:\/\/hupasl.com\/ca\/wp-json\/wp\/v2\/comments?post=1812"}],"version-history":[{"count":1,"href":"https:\/\/hupasl.com\/ca\/wp-json\/wp\/v2\/pages\/1812\/revisions"}],"predecessor-version":[{"id":1813,"href":"https:\/\/hupasl.com\/ca\/wp-json\/wp\/v2\/pages\/1812\/revisions\/1813"}],"up":[{"embeddable":true,"href":"https:\/\/hupasl.com\/ca\/wp-json\/wp\/v2\/pages\/1808"}],"wp:attachment":[{"href":"https:\/\/hupasl.com\/ca\/wp-json\/wp\/v2\/media?parent=1812"}],"curies":[{"name":"wp","href":"https:\/\/api.w.org\/{rel}","templated":true}]}}