{"id":1810,"date":"2022-05-26T11:03:33","date_gmt":"2022-05-26T11:03:33","guid":{"rendered":"https:\/\/hupasl.com\/?page_id=1810"},"modified":"2022-08-08T10:28:05","modified_gmt":"2022-08-08T10:28:05","slug":"projectes-cat","status":"publish","type":"page","link":"https:\/\/hupasl.com\/ca\/projectes\/projectes-cat\/","title":{"rendered":"PROJECTES CAT"},"content":{"rendered":"<section class=\"l-section wpb_row height_auto with_img\"><div class=\"l-section-img\" role=\"img\" data-img-width=\"1920\" data-img-height=\"1280\" style=\"background-image: url(https:\/\/hupasl.com\/wp-content\/uploads\/2022\/02\/descargardorBigbags-4.jpg);\"><\/div><div class=\"l-section-h i-cf\"><div class=\"g-cols vc_row via_flex valign_middle type_default stacking_default\"><div class=\"vc_col-sm-6 wpb_column vc_column_container clip-path1\"><div class=\"vc_column-inner\"><div class=\"wpb_wrapper\"><div class=\"wpb_text_column us_custom_6df4bc3a titulo-portada has_text_color\"><div class=\"wpb_wrapper\"><h1 style=\"text-align: center;\"><strong>Projectes a<br \/>\nCatalunya<\/strong><\/h1>\n<\/div><\/div><div class=\"w-separator size_custom with_line width_30 thick_3 style_solid color_primary align_center\" style=\"height:10px\"><div class=\"w-separator-h\"><\/div><\/div><\/div><\/div><\/div><div class=\"vc_col-sm-6 wpb_column vc_column_container\"><div class=\"vc_column-inner\"><div class=\"wpb_wrapper\"><\/div><\/div><\/div><\/div><\/div><\/section><section class=\"l-section wpb_row height_medium\"><div class=\"l-section-h i-cf\"><div class=\"g-cols vc_row via_flex valign_top type_default stacking_default\"><div class=\"vc_col-sm-12 wpb_column vc_column_container\"><div class=\"vc_column-inner\"><div class=\"wpb_wrapper\"><div class=\"w-grid type_grid layout_684 cols_3 overflow_hidden\" id=\"us_grid_1\" style=\"--columns:3;--gap:1.5rem;\" data-filterable=\"true\"><style>@media (max-width:1024px){#us_grid_1{--columns:2!important}}@media (max-width:600px){#us_grid_1{--columns:1!important}}.layout_684 .w-grid-item-h{background:var(--color-content-bg);color:var(--color-content-text);border-radius:0.3rem;box-shadow:0 0.03rem 0.06rem rgba(0,0,0,0.1),0 0.1rem 0.3rem rgba(0,0,0,0.1);transition-duration:0.3s}.no-touch .layout_684 .w-grid-item-h:hover{box-shadow:0 0.1rem 0.2rem rgba(0,0,0,0.1),0 0.33rem 1rem rgba(0,0,0,0.15);z-index:4}.layout_684 .usg_post_image_1{max-height:200px!important}.layout_684 .usg_post_title_1{font-size:1.4rem!important;font-weight:700!important}.layout_684 .usg_vwrapper_1{padding:9% 11% 11% 11%!important}.layout_684 .usg_post_taxonomy_1{font-weight:700!important;text-transform:uppercase!important;font-size:10px!important;position:absolute!important;top:1.2rem!important;right:1.2rem!important;left:1.2rem!important}.layout_684 .usg_hwrapper_1{color:var(--color-content-faded)!important;font-size:0.9rem!important}@media (max-width:600px){.layout_684 .usg_post_title_1{font-size:1.2rem!important}}<\/style><div class=\"w-grid-list\">\t<article class=\"w-grid-item size_1x1 post-2007 post type-post status-publish format-standard has-post-thumbnail hentry category-projectes-cat\" data-id=\"2007\">\r\n\t\t<div class=\"w-grid-item-h\">\r\n\t\t\t\t\t\t<div class=\"w-vwrapper usg_vwrapper_2 card-proyectos align_none valign_top\"><div class=\"w-post-elm post_image usg_post_image_1 has_height stretched\"><a href=\"https:\/\/hupasl.com\/ca\/projectes-a-mida\/\" aria-label=\"Projectes a mida\"><img decoding=\"async\" width=\"600\" height=\"756\" src=\"https:\/\/hupasl.com\/wp-content\/uploads\/2022\/08\/2d51fb7e-a90d-401e-b6e9-73ae36434b34.png\" class=\"attachment-full size-full wp-post-image\" alt=\"\" srcset=\"https:\/\/hupasl.com\/wp-content\/uploads\/2022\/08\/2d51fb7e-a90d-401e-b6e9-73ae36434b34.png 600w, https:\/\/hupasl.com\/wp-content\/uploads\/2022\/08\/2d51fb7e-a90d-401e-b6e9-73ae36434b34-238x300.png 238w, https:\/\/hupasl.com\/wp-content\/uploads\/2022\/08\/2d51fb7e-a90d-401e-b6e9-73ae36434b34-397x500.png 397w, https:\/\/hupasl.com\/wp-content\/uploads\/2022\/08\/2d51fb7e-a90d-401e-b6e9-73ae36434b34-198x250.png 198w\" sizes=\"(max-width: 600px) 100vw, 600px\" \/><\/a><\/div><div class=\"w-post-elm post_taxonomy usg_post_taxonomy_1 style_badge color_link_inherit\"><a class=\"w-btn us-btn-style_badge term-68 term-projectes-cat\" href=\"https:\/\/hupasl.com\/ca\/projectes-cat\/\"><span class=\"w-btn-label\">Projectes CAT<\/span><\/a><\/div><div class=\"w-vwrapper usg_vwrapper_1 align_none valign_top\"><h2 class=\"w-post-elm post_title usg_post_title_1 entry-title color_link_inherit\"><a href=\"https:\/\/hupasl.com\/ca\/projectes-a-mida\/\">Projectes a mida<\/a><\/h2><div class=\"w-hwrapper usg_hwrapper_1 has_text_color align_none valign_top wrap\"><time class=\"w-post-elm post_date usg_post_date_1 entry-date published\" datetime=\"2022-08-01T09:24:51+00:00\" title=\"1 agost 2022 a les 09:24:51 +00:00\">agost 1, 2022<\/time><\/div><div class=\"w-post-elm post_content usg_post_content_1\">Projectes a mida &#8220;Pensem junts per millorar els processos dins la teva empresa&#8221; Estructures\u00a0per a 4 big bags,\u00a0amb 4\u00a0bisenfins\u00a0per alimentar&hellip;<\/div><\/div><\/div>\t\t<\/div>\r\n\t\t\t<\/article>\r\n\t<article class=\"w-grid-item size_1x1 post-2006 post type-post status-publish format-standard has-post-thumbnail hentry category-projectes-cat\" data-id=\"2006\">\r\n\t\t<div class=\"w-grid-item-h\">\r\n\t\t\t\t\t\t<div class=\"w-vwrapper usg_vwrapper_2 card-proyectos align_none valign_top\"><div class=\"w-post-elm post_image usg_post_image_1 has_height stretched\"><a href=\"https:\/\/hupasl.com\/ca\/2a-fase-projecte-coberta-carrega-a-granel\/\" aria-label=\"2a FASE PROJECTE: Coberta c\u00e0rrega a granel\"><img decoding=\"async\" width=\"1024\" height=\"610\" src=\"https:\/\/hupasl.com\/wp-content\/uploads\/2022\/08\/56b92a0b-7f69-48bd-b580-0196f77bff8f.jpg\" class=\"attachment-full size-full wp-post-image\" alt=\"\" srcset=\"https:\/\/hupasl.com\/wp-content\/uploads\/2022\/08\/56b92a0b-7f69-48bd-b580-0196f77bff8f.jpg 1024w, https:\/\/hupasl.com\/wp-content\/uploads\/2022\/08\/56b92a0b-7f69-48bd-b580-0196f77bff8f-300x179.jpg 300w, https:\/\/hupasl.com\/wp-content\/uploads\/2022\/08\/56b92a0b-7f69-48bd-b580-0196f77bff8f-500x298.jpg 500w, https:\/\/hupasl.com\/wp-content\/uploads\/2022\/08\/56b92a0b-7f69-48bd-b580-0196f77bff8f-420x250.jpg 420w\" sizes=\"(max-width: 1024px) 100vw, 1024px\" \/><\/a><\/div><div class=\"w-post-elm post_taxonomy usg_post_taxonomy_1 style_badge color_link_inherit\"><a class=\"w-btn us-btn-style_badge term-68 term-projectes-cat\" href=\"https:\/\/hupasl.com\/ca\/projectes-cat\/\"><span class=\"w-btn-label\">Projectes CAT<\/span><\/a><\/div><div class=\"w-vwrapper usg_vwrapper_1 align_none valign_top\"><h2 class=\"w-post-elm post_title usg_post_title_1 entry-title color_link_inherit\"><a href=\"https:\/\/hupasl.com\/ca\/2a-fase-projecte-coberta-carrega-a-granel\/\">2a FASE PROJECTE: Coberta c\u00e0rrega a granel<\/a><\/h2><div class=\"w-hwrapper usg_hwrapper_1 has_text_color align_none valign_top wrap\"><time class=\"w-post-elm post_date usg_post_date_1 entry-date published\" datetime=\"2022-08-01T08:25:47+00:00\" title=\"1 agost 2022 a les 08:25:47 +00:00\">agost 1, 2022<\/time><\/div><div class=\"w-post-elm post_content usg_post_content_1\">2a FASE PROJECTE: Coberta c\u00e0rrega a granel Coberta per c\u00e0rrega a granel Empresa pionera en la fabricaci\u00f3 de pinsos compostos&hellip;<\/div><\/div><\/div>\t\t<\/div>\r\n\t\t\t<\/article>\r\n\t<article class=\"w-grid-item size_1x1 post-2005 post type-post status-publish format-standard has-post-thumbnail hentry category-projectes-cat\" data-id=\"2005\">\r\n\t\t<div class=\"w-grid-item-h\">\r\n\t\t\t\t\t\t<div class=\"w-vwrapper usg_vwrapper_2 card-proyectos align_none valign_top\"><div class=\"w-post-elm post_image usg_post_image_1 has_height stretched\"><a href=\"https:\/\/hupasl.com\/ca\/proyecto-ampliacion-carga-a-granel\/\" aria-label=\"Proyecto ampliaci\u00f3n carga a granel\"><img decoding=\"async\" width=\"1600\" height=\"1200\" src=\"https:\/\/hupasl.com\/wp-content\/uploads\/2022\/08\/87340d88-2b08-4fb1-9e16-ac67e51a2b09.jpg\" class=\"attachment-full size-full wp-post-image\" alt=\"\" srcset=\"https:\/\/hupasl.com\/wp-content\/uploads\/2022\/08\/87340d88-2b08-4fb1-9e16-ac67e51a2b09.jpg 1600w, https:\/\/hupasl.com\/wp-content\/uploads\/2022\/08\/87340d88-2b08-4fb1-9e16-ac67e51a2b09-300x225.jpg 300w, https:\/\/hupasl.com\/wp-content\/uploads\/2022\/08\/87340d88-2b08-4fb1-9e16-ac67e51a2b09-1024x768.jpg 1024w, https:\/\/hupasl.com\/wp-content\/uploads\/2022\/08\/87340d88-2b08-4fb1-9e16-ac67e51a2b09-500x375.jpg 500w, https:\/\/hupasl.com\/wp-content\/uploads\/2022\/08\/87340d88-2b08-4fb1-9e16-ac67e51a2b09-333x250.jpg 333w\" sizes=\"(max-width: 1600px) 100vw, 1600px\" \/><\/a><\/div><div class=\"w-post-elm post_taxonomy usg_post_taxonomy_1 style_badge color_link_inherit\"><a class=\"w-btn us-btn-style_badge term-68 term-projectes-cat\" href=\"https:\/\/hupasl.com\/ca\/projectes-cat\/\"><span class=\"w-btn-label\">Projectes CAT<\/span><\/a><\/div><div class=\"w-vwrapper usg_vwrapper_1 align_none valign_top\"><h2 class=\"w-post-elm post_title usg_post_title_1 entry-title color_link_inherit\"><a href=\"https:\/\/hupasl.com\/ca\/proyecto-ampliacion-carga-a-granel\/\">Proyecto ampliaci\u00f3n carga a granel<\/a><\/h2><div class=\"w-hwrapper usg_hwrapper_1 has_text_color align_none valign_top wrap\"><time class=\"w-post-elm post_date usg_post_date_1 entry-date published\" datetime=\"2022-08-01T07:50:29+00:00\" title=\"1 agost 2022 a les 07:50:29 +00:00\">agost 1, 2022<\/time><\/div><div class=\"w-post-elm post_content usg_post_content_1\">Projecte ampliaci\u00f3 c\u00e0rrega a granel Empresa pionera en la fabricaci\u00f3 de pinsos compostos de la provincia de Girona i de&hellip;<\/div><\/div><\/div>\t\t<\/div>\r\n\t\t\t<\/article>\r\n\t<article class=\"w-grid-item size_1x1 post-2004 post type-post status-publish format-standard has-post-thumbnail hentry category-projectes-cat\" data-id=\"2004\">\r\n\t\t<div class=\"w-grid-item-h\">\r\n\t\t\t\t\t\t<div class=\"w-vwrapper usg_vwrapper_2 card-proyectos align_none valign_top\"><div class=\"w-post-elm post_image usg_post_image_1 has_height stretched\"><a href=\"https:\/\/hupasl.com\/ca\/ensacadora-mobil\/\" aria-label=\"Ensacadora M\u00f2bil\"><img decoding=\"async\" width=\"940\" height=\"529\" src=\"https:\/\/hupasl.com\/wp-content\/uploads\/2022\/05\/94e24875-417f-4ada-8bda-45fa8d0158e9.png\" class=\"attachment-full size-full wp-post-image\" alt=\"\" srcset=\"https:\/\/hupasl.com\/wp-content\/uploads\/2022\/05\/94e24875-417f-4ada-8bda-45fa8d0158e9.png 940w, https:\/\/hupasl.com\/wp-content\/uploads\/2022\/05\/94e24875-417f-4ada-8bda-45fa8d0158e9-300x169.png 300w\" sizes=\"(max-width: 940px) 100vw, 940px\" \/><\/a><\/div><div class=\"w-post-elm post_taxonomy usg_post_taxonomy_1 style_badge color_link_inherit\"><a class=\"w-btn us-btn-style_badge term-68 term-projectes-cat\" href=\"https:\/\/hupasl.com\/ca\/projectes-cat\/\"><span class=\"w-btn-label\">Projectes CAT<\/span><\/a><\/div><div class=\"w-vwrapper usg_vwrapper_1 align_none valign_top\"><h2 class=\"w-post-elm post_title usg_post_title_1 entry-title color_link_inherit\"><a href=\"https:\/\/hupasl.com\/ca\/ensacadora-mobil\/\">Ensacadora M\u00f2bil<\/a><\/h2><div class=\"w-hwrapper usg_hwrapper_1 has_text_color align_none valign_top wrap\"><time class=\"w-post-elm post_date usg_post_date_1 entry-date published\" datetime=\"2022-05-26T12:14:08+00:00\" title=\"26 maig 2022 a les 12:14:08 +00:00\">maig 26, 2022<\/time><\/div><div class=\"w-post-elm post_content usg_post_content_1\">HUPA et presenta l&#8217;\u00faltim projecte realitzat El nostre client es dedica a la comercialitzaci\u00f3 de llavors, cereals, adobs i fertilitzants;&hellip;<\/div><\/div><\/div>\t\t<\/div>\r\n\t\t\t<\/article>\r\n\t<article class=\"w-grid-item size_1x1 post-2003 post type-post status-publish format-standard has-post-thumbnail hentry category-projectes-cat\" data-id=\"2003\">\r\n\t\t<div class=\"w-grid-item-h\">\r\n\t\t\t\t\t\t<div class=\"w-vwrapper usg_vwrapper_2 card-proyectos align_none valign_top\"><div class=\"w-post-elm post_image usg_post_image_1 has_height stretched\"><a href=\"https:\/\/hupasl.com\/ca\/nueva-nave-de-fabricacion-y-distribucion-de-aditivos-de-nutricion-animal-de-la-mano-de-hupa\/\" aria-label=\"Nueva nave de fabricaci\u00f3n y distribuci\u00f3n de aditivos de nutrici\u00f3n animal, de la mano de HUPA\"><img decoding=\"async\" width=\"640\" height=\"480\" src=\"https:\/\/hupasl.com\/wp-content\/uploads\/2022\/05\/img-6196-1498735.jpg\" class=\"attachment-full size-full wp-post-image\" alt=\"\" srcset=\"https:\/\/hupasl.com\/wp-content\/uploads\/2022\/05\/img-6196-1498735.jpg 640w, https:\/\/hupasl.com\/wp-content\/uploads\/2022\/05\/img-6196-1498735-300x225.jpg 300w\" sizes=\"(max-width: 640px) 100vw, 640px\" \/><\/a><\/div><div class=\"w-post-elm post_taxonomy usg_post_taxonomy_1 style_badge color_link_inherit\"><a class=\"w-btn us-btn-style_badge term-68 term-projectes-cat\" href=\"https:\/\/hupasl.com\/ca\/projectes-cat\/\"><span class=\"w-btn-label\">Projectes CAT<\/span><\/a><\/div><div class=\"w-vwrapper usg_vwrapper_1 align_none valign_top\"><h2 class=\"w-post-elm post_title usg_post_title_1 entry-title color_link_inherit\"><a href=\"https:\/\/hupasl.com\/ca\/nueva-nave-de-fabricacion-y-distribucion-de-aditivos-de-nutricion-animal-de-la-mano-de-hupa\/\">Nueva nave de fabricaci\u00f3n y distribuci\u00f3n de aditivos de nutrici\u00f3n animal, de la mano de HUPA<\/a><\/h2><div class=\"w-hwrapper usg_hwrapper_1 has_text_color align_none valign_top wrap\"><time class=\"w-post-elm post_date usg_post_date_1 entry-date published\" datetime=\"2022-05-26T11:37:05+00:00\" title=\"26 maig 2022 a les 11:37:05 +00:00\">maig 26, 2022<\/time><\/div><div class=\"w-post-elm post_content usg_post_content_1\">Nova nau de fabricaci\u00f3 i distribuci\u00f3 d&#8217;additius de nutrici\u00f3 animal, de la m\u00e0 d&#8217;HUPA &nbsp; Visitem la nova nau de&hellip;<\/div><\/div><\/div>\t\t<\/div>\r\n\t\t\t<\/article>\r\n<\/div><div class=\"w-grid-preloader\">\t<div class=\"g-preloader type_1\">\r\n\t\t<div><\/div>\r\n\t<\/div>\r\n\t<\/div>\t<div class=\"w-grid-json hidden\" onclick='return {&quot;action&quot;:&quot;us_ajax_grid&quot;,&quot;infinite_scroll&quot;:0,&quot;max_num_pages&quot;:1,&quot;pagination&quot;:&quot;none&quot;,&quot;template_vars&quot;:{&quot;columns&quot;:&quot;3&quot;,&quot;exclude_items&quot;:&quot;none&quot;,&quot;img_size&quot;:&quot;default&quot;,&quot;ignore_items_size&quot;:0,&quot;items_layout&quot;:&quot;684&quot;,&quot;items_offset&quot;:&quot;1&quot;,&quot;load_animation&quot;:&quot;none&quot;,&quot;overriding_link&quot;:&quot;{\\&quot;url\\&quot;:\\&quot;\\&quot;}&quot;,&quot;post_id&quot;:0,&quot;query_args&quot;:{&quot;post_type&quot;:[&quot;post&quot;],&quot;tax_query&quot;:[{&quot;taxonomy&quot;:&quot;category&quot;,&quot;field&quot;:&quot;slug&quot;,&quot;terms&quot;:[&quot;proyectos-cat&quot;]}],&quot;post_status&quot;:[&quot;publish&quot;,&quot;acf-disabled&quot;],&quot;posts_per_page&quot;:&quot;10&quot;},&quot;orderby_query_args&quot;:{&quot;orderby&quot;:{&quot;date&quot;:&quot;DESC&quot;}},&quot;type&quot;:&quot;grid&quot;,&quot;us_grid_post_type&quot;:&quot;post&quot;,&quot;us_grid_ajax_index&quot;:1,&quot;us_grid_filter_query_string&quot;:null,&quot;us_grid_index&quot;:1,&quot;page_args&quot;:[],&quot;lang&quot;:&quot;ca&quot;}}'><\/div>\r\n\t<\/div><\/div><\/div><\/div><\/div><\/div><\/section>\n","protected":false},"excerpt":{"rendered":"Nova nau de fabricaci\u00f3 i distribuci\u00f3 d&#8217;additius de nutrici\u00f3 animal, de la m\u00e0 d&#8217;HUPA &nbsp; Visitem la nova nau de proc\u00e9s de fabricaci\u00f3 d&#8217;una empresa de Caldes de Montbui dedicada a l&#8217;elaboracio i distribuci\u00f3 d&#8217;aditius de nutrici\u00f3 animal, que ha confiat en l\u2019experi\u00e8ncia i el bon fer d\u2019HUPA. . SILOS AMB C\u00c0RREGA PNEUM\u00c0TICAESTRUCTURA AMB DESCARREGADORS...","protected":false},"author":1,"featured_media":0,"parent":1808,"menu_order":8,"comment_status":"closed","ping_status":"closed","template":"","meta":{"_acf_changed":false,"ngg_post_thumbnail":0,"footnotes":""},"class_list":["post-1810","page","type-page","status-publish","hentry"],"acf":[],"yoast_head":"<!-- This site is optimized with the Yoast SEO plugin v24.3 - https:\/\/yoast.com\/wordpress\/plugins\/seo\/ -->\n<title>PROJECTES CAT - HUPA SL<\/title>\n<meta name=\"robots\" content=\"index, follow, max-snippet:-1, max-image-preview:large, max-video-preview:-1\" \/>\n<link rel=\"canonical\" href=\"https:\/\/hupasl.com\/ca\/projectes\/projectes-cat\/\" \/>\n<meta property=\"og:locale\" content=\"ca_ES\" \/>\n<meta property=\"og:type\" content=\"article\" \/>\n<meta property=\"og:title\" content=\"PROJECTES CAT - HUPA SL\" \/>\n<meta property=\"og:url\" content=\"https:\/\/hupasl.com\/ca\/projectes\/projectes-cat\/\" \/>\n<meta property=\"og:site_name\" content=\"HUPA SL\" \/>\n<meta property=\"article:publisher\" content=\"https:\/\/www.facebook.com\/hupasl\/\" \/>\n<meta property=\"article:modified_time\" content=\"2022-08-08T10:28:05+00:00\" \/>\n<meta property=\"og:image\" content=\"https:\/\/hupasl.com\/wp-content\/uploads\/2023\/02\/cropped-logo-hupa-test-1.png\" \/>\n\t<meta property=\"og:image:width\" content=\"512\" \/>\n\t<meta property=\"og:image:height\" content=\"512\" \/>\n\t<meta property=\"og:image:type\" content=\"image\/png\" \/>\n<meta name=\"twitter:card\" content=\"summary_large_image\" \/>\n<!-- \/ Yoast SEO plugin. -->","yoast_head_json":{"title":"PROJECTES CAT - HUPA SL","robots":{"index":"index","follow":"follow","max-snippet":"max-snippet:-1","max-image-preview":"max-image-preview:large","max-video-preview":"max-video-preview:-1"},"canonical":"https:\/\/hupasl.com\/ca\/projectes\/projectes-cat\/","og_locale":"ca_ES","og_type":"article","og_title":"PROJECTES CAT - HUPA SL","og_url":"https:\/\/hupasl.com\/ca\/projectes\/projectes-cat\/","og_site_name":"HUPA SL","article_publisher":"https:\/\/www.facebook.com\/hupasl\/","article_modified_time":"2022-08-08T10:28:05+00:00","og_image":[{"width":512,"height":512,"url":"https:\/\/hupasl.com\/wp-content\/uploads\/2023\/02\/cropped-logo-hupa-test-1.png","type":"image\/png"}],"twitter_card":"summary_large_image","schema":{"@context":"https:\/\/schema.org","@graph":[{"@type":"WebPage","@id":"https:\/\/hupasl.com\/ca\/projectes\/projectes-cat\/","url":"https:\/\/hupasl.com\/ca\/projectes\/projectes-cat\/","name":"PROJECTES CAT - HUPA SL","isPartOf":{"@id":"https:\/\/hupasl.com\/ca\/#website"},"datePublished":"2022-05-26T11:03:33+00:00","dateModified":"2022-08-08T10:28:05+00:00","breadcrumb":{"@id":"https:\/\/hupasl.com\/ca\/projectes\/projectes-cat\/#breadcrumb"},"inLanguage":"ca","potentialAction":[{"@type":"ReadAction","target":["https:\/\/hupasl.com\/ca\/projectes\/projectes-cat\/"]}]},{"@type":"BreadcrumbList","@id":"https:\/\/hupasl.com\/ca\/projectes\/projectes-cat\/#breadcrumb","itemListElement":[{"@type":"ListItem","position":1,"name":"Home","item":"https:\/\/hupasl.com\/ca\/"},{"@type":"ListItem","position":2,"name":"PROJECTES","item":"https:\/\/hupasl.com\/ca\/projectes\/"},{"@type":"ListItem","position":3,"name":"PROJECTES CAT"}]},{"@type":"WebSite","@id":"https:\/\/hupasl.com\/ca\/#website","url":"https:\/\/hupasl.com\/ca\/","name":"HUPA SL","description":"","publisher":{"@id":"https:\/\/hupasl.com\/ca\/#organization"},"potentialAction":[{"@type":"SearchAction","target":{"@type":"EntryPoint","urlTemplate":"https:\/\/hupasl.com\/ca\/?s={search_term_string}"},"query-input":{"@type":"PropertyValueSpecification","valueRequired":true,"valueName":"search_term_string"}}],"inLanguage":"ca"},{"@type":"Organization","@id":"https:\/\/hupasl.com\/ca\/#organization","name":"HUPA SL","url":"https:\/\/hupasl.com\/ca\/","logo":{"@type":"ImageObject","inLanguage":"ca","@id":"https:\/\/hupasl.com\/ca\/#\/schema\/logo\/image\/","url":"https:\/\/hupasl.com\/wp-content\/uploads\/2023\/02\/logo-hupa-test.png","contentUrl":"https:\/\/hupasl.com\/wp-content\/uploads\/2023\/02\/logo-hupa-test.png","width":512,"height":512,"caption":"HUPA SL"},"image":{"@id":"https:\/\/hupasl.com\/ca\/#\/schema\/logo\/image\/"},"sameAs":["https:\/\/www.facebook.com\/hupasl\/","https:\/\/www.instagram.com\/hupasl\/?hl=es"]}]}},"_links":{"self":[{"href":"https:\/\/hupasl.com\/ca\/wp-json\/wp\/v2\/pages\/1810"}],"collection":[{"href":"https:\/\/hupasl.com\/ca\/wp-json\/wp\/v2\/pages"}],"about":[{"href":"https:\/\/hupasl.com\/ca\/wp-json\/wp\/v2\/types\/page"}],"author":[{"embeddable":true,"href":"https:\/\/hupasl.com\/ca\/wp-json\/wp\/v2\/users\/1"}],"replies":[{"embeddable":true,"href":"https:\/\/hupasl.com\/ca\/wp-json\/wp\/v2\/comments?post=1810"}],"version-history":[{"count":1,"href":"https:\/\/hupasl.com\/ca\/wp-json\/wp\/v2\/pages\/1810\/revisions"}],"predecessor-version":[{"id":1811,"href":"https:\/\/hupasl.com\/ca\/wp-json\/wp\/v2\/pages\/1810\/revisions\/1811"}],"up":[{"embeddable":true,"href":"https:\/\/hupasl.com\/ca\/wp-json\/wp\/v2\/pages\/1808"}],"wp:attachment":[{"href":"https:\/\/hupasl.com\/ca\/wp-json\/wp\/v2\/media?parent=1810"}],"curies":[{"name":"wp","href":"https:\/\/api.w.org\/{rel}","templated":true}]}}