{"id":1795,"date":"2022-02-21T10:46:30","date_gmt":"2022-02-21T10:46:30","guid":{"rendered":"https:\/\/hupasl.com\/?page_id=1795"},"modified":"2023-04-27T06:52:44","modified_gmt":"2023-04-27T06:52:44","slug":"maquinaria-industrial","status":"publish","type":"page","link":"https:\/\/hupasl.com\/ca\/maquinaria-industrial\/","title":{"rendered":"MAQUIN\u00c0RIA"},"content":{"rendered":"<section class=\"l-section wpb_row height_auto with_img\"><div class=\"l-section-img\" role=\"img\" data-img-width=\"1920\" data-img-height=\"1280\" style=\"background-image: url(https:\/\/hupasl.com\/wp-content\/uploads\/2022\/02\/IMG_0158_2.jpg);\"><\/div><div class=\"l-section-h i-cf\"><div class=\"g-cols vc_row via_flex valign_middle type_default stacking_default\"><div class=\"vc_col-sm-6 wpb_column vc_column_container clip-path1\"><div class=\"vc_column-inner\"><div class=\"wpb_wrapper\"><div class=\"wpb_text_column us_custom_6df4bc3a titulo-portada has_text_color\"><div class=\"wpb_wrapper\"><h1 style=\"text-align: center;\"><strong>Maquin\u00e0ria<\/strong><\/h1>\n<\/div><\/div><div class=\"w-separator size_custom with_line width_30 thick_3 style_solid color_primary align_center\" style=\"height:10px\"><div class=\"w-separator-h\"><\/div><\/div><div class=\"w-separator size_small\"><\/div><div class=\"wpb_text_column us_custom_6df4bc3a has_text_color\"><div class=\"wpb_wrapper\"><p style=\"text-align: center;\">Dissenyem i fabriquem maquin\u00e0ria per a l&#8217;emmagatzematge, transport i dosatge de s\u00f2lids a granel. Som capa\u00e7os de donar resposta als processos d&#8217;elaboraci\u00f3 m\u00e9s complets.<\/p>\n<\/div><\/div><div class=\"w-separator size_medium\"><\/div><\/div><\/div><\/div><div class=\"vc_col-sm-6 wpb_column vc_column_container\"><div class=\"vc_column-inner\"><div class=\"wpb_wrapper\"><\/div><\/div><\/div><\/div><\/div><\/section><section class=\"l-section wpb_row us_custom_e4eb24e1 height_medium\"><div class=\"l-section-h i-cf\"><div class=\"g-cols vc_row via_flex valign_top type_default stacking_default\"><div class=\"vc_col-sm-12 wpb_column vc_column_container\"><div class=\"vc_column-inner\"><div class=\"wpb_wrapper\"><div class=\"wpb_text_column\"><div class=\"wpb_wrapper\"><h2><strong>Processos implicats<\/strong><\/h2>\n<\/div><\/div><div class=\"w-separator separator-left-10 size_custom with_line width_30 thick_3 style_solid color_primary align_center\" style=\"height:10px\"><div class=\"w-separator-h\"><\/div><\/div><div class=\"w-separator size_medium\"><\/div><div class=\"g-cols wpb_row via_flex valign_middle type_default stacking_default\" style=\"--additional-gap:1.5rem;\"><div class=\"vc_col-sm-4 wpb_column vc_column_container div-categoria\" id=\"div-categoria\"><div class=\"vc_column-inner us_custom_e84d4904\"><div class=\"wpb_wrapper\"><div class=\"w-iconbox iconpos_top style_default color_primary align_center no_text icontype_img\"><div class=\"w-iconbox-icon\" style=\"font-size:4.5rem;\"><img decoding=\"async\" width=\"64\" height=\"64\" src=\"https:\/\/hupasl.com\/wp-content\/uploads\/2022\/03\/almacenamiento.png\" class=\"attachment-full size-full\" alt=\"\" \/><\/div><div class=\"w-iconbox-meta\"><h3 class=\"w-iconbox-title\">Emmagatzematge<\/h3><\/div><\/div><\/div><\/div><\/div><div class=\"vc_col-sm-4 wpb_column vc_column_container div-categoria\" id=\"div-categoria\"><div class=\"vc_column-inner us_custom_e84d4904\"><div class=\"wpb_wrapper\"><div class=\"w-iconbox iconpos_top style_default color_primary align_center no_text icontype_img\"><div class=\"w-iconbox-icon\" style=\"font-size:4.5rem;\"><img decoding=\"async\" width=\"64\" height=\"64\" src=\"https:\/\/hupasl.com\/wp-content\/uploads\/2022\/03\/transporte.png\" class=\"attachment-full size-full\" alt=\"\" \/><\/div><div class=\"w-iconbox-meta\"><h3 class=\"w-iconbox-title\">Transport<\/h3><\/div><\/div><\/div><\/div><\/div><div class=\"vc_col-sm-4 wpb_column vc_column_container div-categoria\" id=\"div-categoria\"><div class=\"vc_column-inner us_custom_e84d4904\"><div class=\"wpb_wrapper\"><div class=\"w-iconbox iconpos_top style_default color_primary align_center no_text icontype_img\"><div class=\"w-iconbox-icon\" style=\"font-size:4.5rem;\"><img decoding=\"async\" width=\"64\" height=\"64\" src=\"https:\/\/hupasl.com\/wp-content\/uploads\/2022\/03\/mezcla.png\" class=\"attachment-full size-full\" alt=\"\" \/><\/div><div class=\"w-iconbox-meta\"><h3 class=\"w-iconbox-title\">Barreja<\/h3><\/div><\/div><\/div><\/div><\/div><\/div><div class=\"w-separator size_medium\"><\/div><div class=\"g-cols wpb_row via_flex valign_top type_default stacking_default\" style=\"--additional-gap:1.5rem;\"><div class=\"vc_col-sm-4 wpb_column vc_column_container div-categoria\" id=\"div-categoria\"><div class=\"vc_column-inner us_custom_e84d4904\"><div class=\"wpb_wrapper\"><div class=\"w-iconbox iconpos_top style_default color_primary align_center no_text icontype_img\"><div class=\"w-iconbox-icon\" style=\"font-size:4.5rem;\"><img decoding=\"async\" width=\"64\" height=\"64\" src=\"https:\/\/hupasl.com\/wp-content\/uploads\/2022\/03\/dosificacion-y-pesaje.png\" class=\"attachment-full size-full\" alt=\"\" \/><\/div><div class=\"w-iconbox-meta\"><h3 class=\"w-iconbox-title\">Dosificaci\u00f3 i pesatge<\/h3><\/div><\/div><\/div><\/div><\/div><div class=\"vc_col-sm-4 wpb_column vc_column_container div-categoria\" id=\"div-categoria\"><div class=\"vc_column-inner us_custom_e84d4904\"><div class=\"wpb_wrapper\"><div class=\"w-iconbox iconpos_top style_default color_primary align_center no_text icontype_img\"><div class=\"w-iconbox-icon\" style=\"font-size:4.5rem;\"><img decoding=\"async\" width=\"64\" height=\"64\" src=\"https:\/\/hupasl.com\/wp-content\/uploads\/2022\/03\/molienda.png\" class=\"attachment-full size-full\" alt=\"\" \/><\/div><div class=\"w-iconbox-meta\"><h3 class=\"w-iconbox-title\">Molienda<\/h3><\/div><\/div><\/div><\/div><\/div><div class=\"vc_col-sm-4 wpb_column vc_column_container div-categoria\" id=\"div-categoria\"><div class=\"vc_column-inner us_custom_e84d4904\"><div class=\"wpb_wrapper\"><div class=\"w-iconbox iconpos_top style_default color_primary align_center no_text icontype_img\"><div class=\"w-iconbox-icon\" style=\"font-size:4.5rem;\"><img decoding=\"async\" width=\"64\" height=\"64\" src=\"https:\/\/hupasl.com\/wp-content\/uploads\/2022\/03\/sistema-de-desvio.png\" class=\"attachment-full size-full\" alt=\"\" \/><\/div><div class=\"w-iconbox-meta\"><h3 class=\"w-iconbox-title\">Sistema de desviament<\/h3><\/div><\/div><\/div><\/div><\/div><\/div>[vc_raw_js]JTNDc2NyaXB0JTNFJTBBZG9jdW1lbnQuZ2V0RWxlbWVudHNCeUNsYXNzTmFtZSUyOCUyN3VzX2N1c3RvbV9lODRkNDkwNCUyNyUyOSU1QjAlNUQuYWRkRXZlbnRMaXN0ZW5lciUyOCUyN2NsaWNrJTI3JTJDJTIwZnVuY3Rpb24lMjglMjklMjAlN0IlMEElMjAlMjAlMjAlMjBsb2NhdGlvbi5ocmVmJTIwJTNEJTIwJTI3aHR0cHMlM0ElMkYlMkZodXBhc2wuY29tJTJGY2ElMkZjYXRlZ29yaWFfcHJvZHVjdG8lMkZlbW1hZ2F0emVtYXRnZSUyRiUyNyUwQSU3RCUyQyUyMGZhbHNlJTI5JTNCJTBBZG9jdW1lbnQuZ2V0RWxlbWVudHNCeUNsYXNzTmFtZSUyOCUyN3VzX2N1c3RvbV9lODRkNDkwNCUyNyUyOSU1QjElNUQuYWRkRXZlbnRMaXN0ZW5lciUyOCUyN2NsaWNrJTI3JTJDJTIwZnVuY3Rpb24lMjglMjklMjAlN0IlMEElMjAlMjAlMjAlMjBsb2NhdGlvbi5ocmVmJTIwJTNEJTIwJTI3aHR0cHMlM0ElMkYlMkZodXBhc2wuY29tJTJGY2ElMkZjYXRlZ29yaWFfcHJvZHVjdG8lMkZ0cmFuc3BvcnQlMkYlMjclMEElN0QlMkMlMjBmYWxzZSUyOSUzQiUyMCUwQWRvY3VtZW50LmdldEVsZW1lbnRzQnlDbGFzc05hbWUlMjglMjd1c19jdXN0b21fZTg0ZDQ5MDQlMjclMjklNUIyJTVELmFkZEV2ZW50TGlzdGVuZXIlMjglMjdjbGljayUyNyUyQyUyMGZ1bmN0aW9uJTI4JTI5JTIwJTdCJTBBJTIwJTIwJTIwJTIwbG9jYXRpb24uaHJlZiUyMCUzRCUyMCUyN2h0dHBzJTNBJTJGJTJGaHVwYXNsLmNvbSUyRmNhJTJGY2F0ZWdvcmlhX3Byb2R1Y3RvJTJGYmFycmVqYSUyRiUyNyUwQSU3RCUyQyUyMGZhbHNlJTI5JTNCJTIwJTBBZG9jdW1lbnQuZ2V0RWxlbWVudHNCeUNsYXNzTmFtZSUyOCUyN3VzX2N1c3RvbV9lODRkNDkwNCUyNyUyOSU1QjMlNUQuYWRkRXZlbnRMaXN0ZW5lciUyOCUyN2NsaWNrJTI3JTJDJTIwZnVuY3Rpb24lMjglMjklMjAlN0IlMEElMjAlMjAlMjAlMjBsb2NhdGlvbi5ocmVmJTIwJTNEJTIwJTI3aHR0cHMlM0ElMkYlMkZodXBhc2wuY29tJTJGY2ElMkZjYXRlZ29yaWFfcHJvZHVjdG8lMkZkb3NpZmljYWNpby1pLXBlc2F0Z2UlMkYlMjclMEElN0QlMkMlMjBmYWxzZSUyOSUzQiUyMCUwQWRvY3VtZW50LmdldEVsZW1lbnRzQnlDbGFzc05hbWUlMjglMjd1c19jdXN0b21fZTg0ZDQ5MDQlMjclMjklNUI0JTVELmFkZEV2ZW50TGlzdGVuZXIlMjglMjdjbGljayUyNyUyQyUyMGZ1bmN0aW9uJTI4JTI5JTIwJTdCJTBBJTIwJTIwJTIwJTIwbG9jYXRpb24uaHJlZiUyMCUzRCUyMCUyN2h0dHBzJTNBJTJGJTJGaHVwYXNsLmNvbSUyRmNhJTJGY2F0ZWdvcmlhX3Byb2R1Y3RvJTJGbW9saWVuZGEtY2ElMkYlMjclMEElN0QlMkMlMjBmYWxzZSUyOSUzQiUyMCUwQWRvY3VtZW50LmdldEVsZW1lbnRzQnlDbGFzc05hbWUlMjglMjd1c19jdXN0b21fZTg0ZDQ5MDQlMjclMjklNUI1JTVELmFkZEV2ZW50TGlzdGVuZXIlMjglMjdjbGljayUyNyUyQyUyMGZ1bmN0aW9uJTI4JTI5JTIwJTdCJTBBJTIwJTIwJTIwJTIwbG9jYXRpb24uaHJlZiUyMCUzRCUyMCUyN2h0dHBzJTNBJTJGJTJGaHVwYXNsLmNvbSUyRmNhJTJGY2F0ZWdvcmlhX3Byb2R1Y3RvJTJGc2lzdGVtYS1kZS1kZXN2aWFtZW50JTJGJTI3JTBBJTdEJTJDJTIwZmFsc2UlMjklM0IlMjAlMEElM0MlMkZzY3JpcHQlM0U=[\/vc_raw_js]<\/div><\/div><\/div><\/div><\/div><\/section>\n","protected":false},"excerpt":{"rendered":"Maquin\u00e0ria Dissenyem i fabriquem maquin\u00e0ria per a l&#8217;emmagatzematge, transport i dosatge de s\u00f2lids a granel. Som capa\u00e7os de donar resposta als processos d&#8217;elaboraci\u00f3 m\u00e9s complets. Processos implicats EmmagatzematgeTransportBarrejaDosificaci\u00f3 i pesatgeMoliendaSistema de desviament[vc_raw_js]JTNDc2NyaXB0JTNFJTBBZG9jdW1lbnQuZ2V0RWxlbWVudHNCeUNsYXNzTmFtZSUyOCUyN3VzX2N1c3RvbV9lODRkNDkwNCUyNyUyOSU1QjAlNUQuYWRkRXZlbnRMaXN0ZW5lciUyOCUyN2NsaWNrJTI3JTJDJTIwZnVuY3Rpb24lMjglMjklMjAlN0IlMEElMjAlMjAlMjAlMjBsb2NhdGlvbi5ocmVmJTIwJTNEJTIwJTI3aHR0cHMlM0ElMkYlMkZodXBhc2wuY29tJTJGY2ElMkZjYXRlZ29yaWFfcHJvZHVjdG8lMkZlbW1hZ2F0emVtYXRnZSUyRiUyNyUwQSU3RCUyQyUyMGZhbHNlJTI5JTNCJTBBZG9jdW1lbnQuZ2V0RWxlbWVudHNCeUNsYXNzTmFtZSUyOCUyN3VzX2N1c3RvbV9lODRkNDkwNCUyNyUyOSU1QjElNUQuYWRkRXZlbnRMaXN0ZW5lciUyOCUyN2NsaWNrJTI3JTJDJTIwZnVuY3Rpb24lMjglMjklMjAlN0IlMEElMjAlMjAlMjAlMjBsb2NhdGlvbi5ocmVmJTIwJTNEJTIwJTI3aHR0cHMlM0ElMkYlMkZodXBhc2wuY29tJTJGY2ElMkZjYXRlZ29yaWFfcHJvZHVjdG8lMkZ0cmFuc3BvcnQlMkYlMjclMEElN0QlMkMlMjBmYWxzZSUyOSUzQiUyMCUwQWRvY3VtZW50LmdldEVsZW1lbnRzQnlDbGFzc05hbWUlMjglMjd1c19jdXN0b21fZTg0ZDQ5MDQlMjclMjklNUIyJTVELmFkZEV2ZW50TGlzdGVuZXIlMjglMjdjbGljayUyNyUyQyUyMGZ1bmN0aW9uJTI4JTI5JTIwJTdCJTBBJTIwJTIwJTIwJTIwbG9jYXRpb24uaHJlZiUyMCUzRCUyMCUyN2h0dHBzJTNBJTJGJTJGaHVwYXNsLmNvbSUyRmNhJTJGY2F0ZWdvcmlhX3Byb2R1Y3RvJTJGYmFycmVqYSUyRiUyNyUwQSU3RCUyQyUyMGZhbHNlJTI5JTNCJTIwJTBBZG9jdW1lbnQuZ2V0RWxlbWVudHNCeUNsYXNzTmFtZSUyOCUyN3VzX2N1c3RvbV9lODRkNDkwNCUyNyUyOSU1QjMlNUQuYWRkRXZlbnRMaXN0ZW5lciUyOCUyN2NsaWNrJTI3JTJDJTIwZnVuY3Rpb24lMjglMjklMjAlN0IlMEElMjAlMjAlMjAlMjBsb2NhdGlvbi5ocmVmJTIwJTNEJTIwJTI3aHR0cHMlM0ElMkYlMkZodXBhc2wuY29tJTJGY2ElMkZjYXRlZ29yaWFfcHJvZHVjdG8lMkZkb3NpZmljYWNpby1pLXBlc2F0Z2UlMkYlMjclMEElN0QlMkMlMjBmYWxzZSUyOSUzQiUyMCUwQWRvY3VtZW50LmdldEVsZW1lbnRzQnlDbGFzc05hbWUlMjglMjd1c19jdXN0b21fZTg0ZDQ5MDQlMjclMjklNUI0JTVELmFkZEV2ZW50TGlzdGVuZXIlMjglMjdjbGljayUyNyUyQyUyMGZ1bmN0aW9uJTI4JTI5JTIwJTdCJTBBJTIwJTIwJTIwJTIwbG9jYXRpb24uaHJlZiUyMCUzRCUyMCUyN2h0dHBzJTNBJTJGJTJGaHVwYXNsLmNvbSUyRmNhJTJGY2F0ZWdvcmlhX3Byb2R1Y3RvJTJGbW9saWVuZGEtY2ElMkYlMjclMEElN0QlMkMlMjBmYWxzZSUyOSUzQiUyMCUwQWRvY3VtZW50LmdldEVsZW1lbnRzQnlDbGFzc05hbWUlMjglMjd1c19jdXN0b21fZTg0ZDQ5MDQlMjclMjklNUI1JTVELmFkZEV2ZW50TGlzdGVuZXIlMjglMjdjbGljayUyNyUyQyUyMGZ1bmN0aW9uJTI4JTI5JTIwJTdCJTBBJTIwJTIwJTIwJTIwbG9jYXRpb24uaHJlZiUyMCUzRCUyMCUyN2h0dHBzJTNBJTJGJTJGaHVwYXNsLmNvbSUyRmNhJTJGY2F0ZWdvcmlhX3Byb2R1Y3RvJTJGc2lzdGVtYS1kZS1kZXN2aWFtZW50JTJGJTI3JTBBJTdEJTJDJTIwZmFsc2UlMjklM0IlMjAlMEElM0MlMkZzY3JpcHQlM0U=[\/vc_raw_js]","protected":false},"author":1,"featured_media":0,"parent":0,"menu_order":27,"comment_status":"closed","ping_status":"closed","template":"","meta":{"_acf_changed":false,"ngg_post_thumbnail":0,"footnotes":""},"class_list":["post-1795","page","type-page","status-publish","hentry"],"acf":[],"yoast_head":"<!-- This site is optimized with the Yoast SEO plugin v24.3 - https:\/\/yoast.com\/wordpress\/plugins\/seo\/ -->\n<title>MAQUIN\u00c0RIA - HUPA SL<\/title>\n<meta name=\"robots\" content=\"index, follow, max-snippet:-1, max-image-preview:large, max-video-preview:-1\" \/>\n<link rel=\"canonical\" href=\"https:\/\/hupasl.com\/ca\/maquinaria-industrial\/\" \/>\n<meta property=\"og:locale\" content=\"ca_ES\" \/>\n<meta property=\"og:type\" content=\"article\" \/>\n<meta property=\"og:title\" content=\"MAQUIN\u00c0RIA - HUPA SL\" \/>\n<meta property=\"og:url\" content=\"https:\/\/hupasl.com\/ca\/maquinaria-industrial\/\" \/>\n<meta property=\"og:site_name\" content=\"HUPA SL\" \/>\n<meta property=\"article:publisher\" content=\"https:\/\/www.facebook.com\/hupasl\/\" \/>\n<meta property=\"article:modified_time\" content=\"2023-04-27T06:52:44+00:00\" \/>\n<meta property=\"og:image\" content=\"https:\/\/hupasl.com\/wp-content\/uploads\/2023\/02\/cropped-logo-hupa-test-1.png\" \/>\n\t<meta property=\"og:image:width\" content=\"512\" \/>\n\t<meta property=\"og:image:height\" content=\"512\" \/>\n\t<meta property=\"og:image:type\" content=\"image\/png\" \/>\n<meta name=\"twitter:card\" content=\"summary_large_image\" \/>\n<meta name=\"twitter:label1\" content=\"Temps estimat de lectura\" \/>\n\t<meta name=\"twitter:data1\" content=\"1 minut\" \/>\n<!-- \/ Yoast SEO plugin. -->","yoast_head_json":{"title":"MAQUIN\u00c0RIA - HUPA SL","robots":{"index":"index","follow":"follow","max-snippet":"max-snippet:-1","max-image-preview":"max-image-preview:large","max-video-preview":"max-video-preview:-1"},"canonical":"https:\/\/hupasl.com\/ca\/maquinaria-industrial\/","og_locale":"ca_ES","og_type":"article","og_title":"MAQUIN\u00c0RIA - HUPA SL","og_url":"https:\/\/hupasl.com\/ca\/maquinaria-industrial\/","og_site_name":"HUPA SL","article_publisher":"https:\/\/www.facebook.com\/hupasl\/","article_modified_time":"2023-04-27T06:52:44+00:00","og_image":[{"width":512,"height":512,"url":"https:\/\/hupasl.com\/wp-content\/uploads\/2023\/02\/cropped-logo-hupa-test-1.png","type":"image\/png"}],"twitter_card":"summary_large_image","twitter_misc":{"Temps estimat de lectura":"1 minut"},"schema":{"@context":"https:\/\/schema.org","@graph":[{"@type":"WebPage","@id":"https:\/\/hupasl.com\/ca\/maquinaria-industrial\/","url":"https:\/\/hupasl.com\/ca\/maquinaria-industrial\/","name":"MAQUIN\u00c0RIA - HUPA SL","isPartOf":{"@id":"https:\/\/hupasl.com\/ca\/#website"},"datePublished":"2022-02-21T10:46:30+00:00","dateModified":"2023-04-27T06:52:44+00:00","breadcrumb":{"@id":"https:\/\/hupasl.com\/ca\/maquinaria-industrial\/#breadcrumb"},"inLanguage":"ca","potentialAction":[{"@type":"ReadAction","target":["https:\/\/hupasl.com\/ca\/maquinaria-industrial\/"]}]},{"@type":"BreadcrumbList","@id":"https:\/\/hupasl.com\/ca\/maquinaria-industrial\/#breadcrumb","itemListElement":[{"@type":"ListItem","position":1,"name":"Home","item":"https:\/\/hupasl.com\/ca\/"},{"@type":"ListItem","position":2,"name":"MAQUIN\u00c0RIA"}]},{"@type":"WebSite","@id":"https:\/\/hupasl.com\/ca\/#website","url":"https:\/\/hupasl.com\/ca\/","name":"HUPA SL","description":"","publisher":{"@id":"https:\/\/hupasl.com\/ca\/#organization"},"potentialAction":[{"@type":"SearchAction","target":{"@type":"EntryPoint","urlTemplate":"https:\/\/hupasl.com\/ca\/?s={search_term_string}"},"query-input":{"@type":"PropertyValueSpecification","valueRequired":true,"valueName":"search_term_string"}}],"inLanguage":"ca"},{"@type":"Organization","@id":"https:\/\/hupasl.com\/ca\/#organization","name":"HUPA SL","url":"https:\/\/hupasl.com\/ca\/","logo":{"@type":"ImageObject","inLanguage":"ca","@id":"https:\/\/hupasl.com\/ca\/#\/schema\/logo\/image\/","url":"https:\/\/hupasl.com\/wp-content\/uploads\/2023\/02\/logo-hupa-test.png","contentUrl":"https:\/\/hupasl.com\/wp-content\/uploads\/2023\/02\/logo-hupa-test.png","width":512,"height":512,"caption":"HUPA SL"},"image":{"@id":"https:\/\/hupasl.com\/ca\/#\/schema\/logo\/image\/"},"sameAs":["https:\/\/www.facebook.com\/hupasl\/","https:\/\/www.instagram.com\/hupasl\/?hl=es"]}]}},"_links":{"self":[{"href":"https:\/\/hupasl.com\/ca\/wp-json\/wp\/v2\/pages\/1795"}],"collection":[{"href":"https:\/\/hupasl.com\/ca\/wp-json\/wp\/v2\/pages"}],"about":[{"href":"https:\/\/hupasl.com\/ca\/wp-json\/wp\/v2\/types\/page"}],"author":[{"embeddable":true,"href":"https:\/\/hupasl.com\/ca\/wp-json\/wp\/v2\/users\/1"}],"replies":[{"embeddable":true,"href":"https:\/\/hupasl.com\/ca\/wp-json\/wp\/v2\/comments?post=1795"}],"version-history":[{"count":2,"href":"https:\/\/hupasl.com\/ca\/wp-json\/wp\/v2\/pages\/1795\/revisions"}],"predecessor-version":[{"id":1799,"href":"https:\/\/hupasl.com\/ca\/wp-json\/wp\/v2\/pages\/1795\/revisions\/1799"}],"wp:attachment":[{"href":"https:\/\/hupasl.com\/ca\/wp-json\/wp\/v2\/media?parent=1795"}],"curies":[{"name":"wp","href":"https:\/\/api.w.org\/{rel}","templated":true}]}}