{"id":1596,"date":"2022-07-25T11:02:04","date_gmt":"2022-07-25T11:02:04","guid":{"rendered":"https:\/\/hupasl.com\/?page_id=1596"},"modified":"2022-08-03T13:09:59","modified_gmt":"2022-08-03T13:09:59","slug":"avis-legal","status":"publish","type":"page","link":"https:\/\/hupasl.com\/ca\/avis-legal\/","title":{"rendered":"AV\u00cdS LEGAL"},"content":{"rendered":"<section class=\"l-section wpb_row height_medium\"><div class=\"l-section-h i-cf\"><div class=\"g-cols vc_row via_flex valign_top type_default stacking_default\"><div class=\"vc_col-sm-12 wpb_column vc_column_container\"><div class=\"vc_column-inner\"><div class=\"wpb_wrapper\"><div class=\"wpb_text_column\"><div class=\"wpb_wrapper\"><div id=\"breadcrumbs\" class=\"padded-inner clearfix s-hidden\">\n<div class=\"grid-9 s-grid-12\"><\/div>\n<div class=\"grid-3 s-grid-12 s-padded-top right s-left share\"><\/div>\n<\/div>\n<div class=\"grid-12\">\n<div class=\"padded-inner text avislegal\">\n<h1>Av\u00eds legal<\/h1>\n<p>De conformitat amb la Llei 34\/2002, de Serveis de la Societat de la Informaci\u00f3 i de Comer\u00e7 Electr\u00f2nic, l&#8217;informem que aquest web \u00e9s titularitat de Hupa, SL, (en endavant \u201cEL TITULAR\u201d), amb CIF B17043258, domicili a pol. Ind. Pont-xetmar, c. A, 3-4 de Cornell\u00e0 del Terri (17844); tel\u00e8fon 972 59 40 20.<\/p>\n<p class=\"titol text-bold text-uppercase \"><strong>PROPIETAT INTEL\u00b7LECTUAL I INDUSTRIAL<\/strong><\/p>\n<p>Els continguts d&#8217;aquest lloc, incloent-hi els textos, imatges i dissenys gr\u00e0fics, pertanyen a EL TITULAR, o a tercers que han autoritzat el seu \u00fas. EL TITULAR presenta aquests continguts amb finalitats d&#8217;informaci\u00f3 i promoci\u00f3. EL TITULAR autoritza la seva utilitzaci\u00f3 exclusivament amb aquestes finalitats. Qualsevol utilitzaci\u00f3 d&#8217;aquests dissenys, imatges o textos haur\u00e0 de citar expressament la seva pertinen\u00e7a a EL TITULAR, qui es reserva el dret a iniciar les accions legals oportunes per reparar els danys i perjudicis causats per qualsevol acte que vulneri els seus drets de propietat intel\u00b7lectual o industrial.<\/p>\n<p class=\"titol text-bold text-uppercase \"><strong>EXCLUSI\u00d3 DE RESPONSABILITAT<\/strong><\/p>\n<p>EL TITULAR actua amb la m\u00e0xima dilig\u00e8ncia possible perqu\u00e8 les dades i la informaci\u00f3 que ofereix al seu lloc web estigui actualitzada en tot moment, si b\u00e9 no garanteix ni es fa responsable de l&#8217;exactitud i actualitzaci\u00f3 dels continguts del lloc web, reservant-se el dret a modificar aquests continguts en qualsevol moment. EL TITULAR tampoc ser\u00e0 responsable de la informaci\u00f3 que es pot obtenir a trav\u00e9s d&#8217;enlla\u00e7os inclosos en el lloc web.<\/p>\n<p>Les relacions comercials amb els clients es regiran per les condicions generals que, si escau, s&#8217;estableixin per EL TITULAR en un document espec\u00edfic a aquest efecte, o pels pactes concrets que es puguin acordar amb els clients.<\/p>\n<p class=\"titol text-bold text-uppercase \"><strong>CONDICIONS D&#8217;\u00daS<\/strong><\/p>\n<p>L&#8217;\u00fas d&#8217;aquest lloc web implica l&#8217;acceptaci\u00f3 plena dels termes del present av\u00eds legal. Els possibles conflictes relatius a aquest web es regiran exclusivament pel dret de l&#8217;Estat Espanyol. Tota persona usu\u00e0ria del web, independentment de la jurisdicci\u00f3 territorial des de la qual es produeixi el seu acc\u00e9s, accepta el compliment i respecte d&#8217;aquestes cl\u00e0usules amb ren\u00fancia expressa a qualsevol altre fur que pogu\u00e9s correspondre-li.<\/p>\n<\/div>\n<\/div>\n<\/div><\/div><\/div><\/div><\/div><\/div><\/div><\/section>\n","protected":false},"excerpt":{"rendered":"Av\u00eds legal De conformitat amb la Llei 34\/2002, de Serveis de la Societat de la Informaci\u00f3 i de Comer\u00e7 Electr\u00f2nic, l&#8217;informem que aquest web \u00e9s titularitat de Hupa, SL, (en endavant \u201cEL TITULAR\u201d), amb CIF B17043258, domicili a pol. Ind. Pont-xetmar, c. A, 3-4 de Cornell\u00e0 del Terri (17844); tel\u00e8fon 972 59 40 20. PROPIETAT...","protected":false},"author":1,"featured_media":0,"parent":0,"menu_order":2,"comment_status":"closed","ping_status":"closed","template":"","meta":{"_acf_changed":false,"ngg_post_thumbnail":0,"footnotes":""},"class_list":["post-1596","page","type-page","status-publish","hentry"],"acf":[],"yoast_head":"<!-- This site is optimized with the Yoast SEO plugin v24.3 - https:\/\/yoast.com\/wordpress\/plugins\/seo\/ -->\n<title>AV\u00cdS LEGAL - HUPA SL<\/title>\n<meta name=\"robots\" content=\"index, follow, max-snippet:-1, max-image-preview:large, max-video-preview:-1\" \/>\n<link rel=\"canonical\" href=\"https:\/\/hupasl.com\/ca\/avis-legal\/\" \/>\n<meta property=\"og:locale\" content=\"ca_ES\" \/>\n<meta property=\"og:type\" content=\"article\" \/>\n<meta property=\"og:title\" content=\"AV\u00cdS LEGAL - HUPA SL\" \/>\n<meta property=\"og:url\" content=\"https:\/\/hupasl.com\/ca\/avis-legal\/\" \/>\n<meta property=\"og:site_name\" content=\"HUPA SL\" \/>\n<meta property=\"article:publisher\" content=\"https:\/\/www.facebook.com\/hupasl\/\" \/>\n<meta property=\"article:modified_time\" content=\"2022-08-03T13:09:59+00:00\" \/>\n<meta property=\"og:image\" content=\"https:\/\/hupasl.com\/wp-content\/uploads\/2023\/02\/cropped-logo-hupa-test-1.png\" \/>\n\t<meta property=\"og:image:width\" content=\"512\" \/>\n\t<meta property=\"og:image:height\" content=\"512\" \/>\n\t<meta property=\"og:image:type\" content=\"image\/png\" \/>\n<meta name=\"twitter:card\" content=\"summary_large_image\" \/>\n<meta name=\"twitter:label1\" content=\"Temps estimat de lectura\" \/>\n\t<meta name=\"twitter:data1\" content=\"2 minuts\" \/>\n<!-- \/ Yoast SEO plugin. -->","yoast_head_json":{"title":"AV\u00cdS LEGAL - HUPA SL","robots":{"index":"index","follow":"follow","max-snippet":"max-snippet:-1","max-image-preview":"max-image-preview:large","max-video-preview":"max-video-preview:-1"},"canonical":"https:\/\/hupasl.com\/ca\/avis-legal\/","og_locale":"ca_ES","og_type":"article","og_title":"AV\u00cdS LEGAL - HUPA SL","og_url":"https:\/\/hupasl.com\/ca\/avis-legal\/","og_site_name":"HUPA SL","article_publisher":"https:\/\/www.facebook.com\/hupasl\/","article_modified_time":"2022-08-03T13:09:59+00:00","og_image":[{"width":512,"height":512,"url":"https:\/\/hupasl.com\/wp-content\/uploads\/2023\/02\/cropped-logo-hupa-test-1.png","type":"image\/png"}],"twitter_card":"summary_large_image","twitter_misc":{"Temps estimat de lectura":"2 minuts"},"schema":{"@context":"https:\/\/schema.org","@graph":[{"@type":"WebPage","@id":"https:\/\/hupasl.com\/ca\/avis-legal\/","url":"https:\/\/hupasl.com\/ca\/avis-legal\/","name":"AV\u00cdS LEGAL - HUPA SL","isPartOf":{"@id":"https:\/\/hupasl.com\/ca\/#website"},"datePublished":"2022-07-25T11:02:04+00:00","dateModified":"2022-08-03T13:09:59+00:00","breadcrumb":{"@id":"https:\/\/hupasl.com\/ca\/avis-legal\/#breadcrumb"},"inLanguage":"ca","potentialAction":[{"@type":"ReadAction","target":["https:\/\/hupasl.com\/ca\/avis-legal\/"]}]},{"@type":"BreadcrumbList","@id":"https:\/\/hupasl.com\/ca\/avis-legal\/#breadcrumb","itemListElement":[{"@type":"ListItem","position":1,"name":"Home","item":"https:\/\/hupasl.com\/ca\/"},{"@type":"ListItem","position":2,"name":"AV\u00cdS LEGAL"}]},{"@type":"WebSite","@id":"https:\/\/hupasl.com\/ca\/#website","url":"https:\/\/hupasl.com\/ca\/","name":"HUPA SL","description":"","publisher":{"@id":"https:\/\/hupasl.com\/ca\/#organization"},"potentialAction":[{"@type":"SearchAction","target":{"@type":"EntryPoint","urlTemplate":"https:\/\/hupasl.com\/ca\/?s={search_term_string}"},"query-input":{"@type":"PropertyValueSpecification","valueRequired":true,"valueName":"search_term_string"}}],"inLanguage":"ca"},{"@type":"Organization","@id":"https:\/\/hupasl.com\/ca\/#organization","name":"HUPA SL","url":"https:\/\/hupasl.com\/ca\/","logo":{"@type":"ImageObject","inLanguage":"ca","@id":"https:\/\/hupasl.com\/ca\/#\/schema\/logo\/image\/","url":"https:\/\/hupasl.com\/wp-content\/uploads\/2023\/02\/logo-hupa-test.png","contentUrl":"https:\/\/hupasl.com\/wp-content\/uploads\/2023\/02\/logo-hupa-test.png","width":512,"height":512,"caption":"HUPA SL"},"image":{"@id":"https:\/\/hupasl.com\/ca\/#\/schema\/logo\/image\/"},"sameAs":["https:\/\/www.facebook.com\/hupasl\/","https:\/\/www.instagram.com\/hupasl\/?hl=es"]}]}},"_links":{"self":[{"href":"https:\/\/hupasl.com\/ca\/wp-json\/wp\/v2\/pages\/1596"}],"collection":[{"href":"https:\/\/hupasl.com\/ca\/wp-json\/wp\/v2\/pages"}],"about":[{"href":"https:\/\/hupasl.com\/ca\/wp-json\/wp\/v2\/types\/page"}],"author":[{"embeddable":true,"href":"https:\/\/hupasl.com\/ca\/wp-json\/wp\/v2\/users\/1"}],"replies":[{"embeddable":true,"href":"https:\/\/hupasl.com\/ca\/wp-json\/wp\/v2\/comments?post=1596"}],"version-history":[{"count":2,"href":"https:\/\/hupasl.com\/ca\/wp-json\/wp\/v2\/pages\/1596\/revisions"}],"predecessor-version":[{"id":1817,"href":"https:\/\/hupasl.com\/ca\/wp-json\/wp\/v2\/pages\/1596\/revisions\/1817"}],"wp:attachment":[{"href":"https:\/\/hupasl.com\/ca\/wp-json\/wp\/v2\/media?parent=1596"}],"curies":[{"name":"wp","href":"https:\/\/api.w.org\/{rel}","templated":true}]}}