{"id":1593,"date":"2022-07-25T11:11:31","date_gmt":"2022-07-25T11:11:31","guid":{"rendered":"https:\/\/hupasl.com\/?page_id=1593"},"modified":"2022-08-03T13:11:41","modified_gmt":"2022-08-03T13:11:41","slug":"politica-de-proteccion-de-datos","status":"publish","type":"page","link":"https:\/\/hupasl.com\/ca\/politica-de-proteccion-de-datos\/","title":{"rendered":"POL\u00cdTICA DE PROTECCI\u00d3 DE DADES"},"content":{"rendered":"<section class=\"l-section wpb_row height_medium\"><div class=\"l-section-h i-cf\"><div class=\"g-cols vc_row via_flex valign_top type_default stacking_default\"><div class=\"vc_col-sm-12 wpb_column vc_column_container\"><div class=\"vc_column-inner\"><div class=\"wpb_wrapper\"><div class=\"wpb_text_column\"><div class=\"wpb_wrapper\"><h1>Pol\u00edtica de protecci\u00f3 de dades<\/h1>\n<p>EL TITULAR es compromet a protegir la privacitat dels usuaris que accedeixin a aquest web i\/o qualsevol dels seus serveis. La utilitzaci\u00f3 del web i\/o de qualsevol dels serveis oferts per EL TITULAR, implica l&#8217;acceptaci\u00f3 per part de l&#8221;usuari de les disposicions contingudes en la present Pol\u00edtica de Privacitat i que les seves dades personals siguin tractades segons s&#8217;hi estipula. Si us plau, tingui en compte que tot i que hi pugui haver enlla\u00e7os del nostre web a d&#8217;altres webs, aquesta Pol\u00edtica de Privacitat no s&#8217;aplica als webs d&#8217;altres companyies o organitzacions a les quals el web estigui redirigit. EL TITULAR no controla el contingut dels webs de tercers ni accepta cap tipus de responsabilitat pel contingut o les pol\u00edtiques de privacitat d&#8217;aquests webs.<\/p>\n<p class=\" text-bold \">Informaci\u00f3 sobre el tractament de dades (Reglament (UE) 2016\/679 i LO 3\/2018)<\/p>\n<table>\n<tbody>\n<tr>\n<td>Responsable del tractament<\/td>\n<td>EL TITULAR.<br \/>\nLes nostres dades figuren a l&#8217;<a href=\"https:\/\/www.hupasl.com\/ca\/avis-legal\/\" target=\"blank\" rel=\"noopener\">av\u00eds legal<\/a>\u00a0d&#8217;aquest web.<\/td>\n<\/tr>\n<tr>\n<td>Finalitat del tractament<\/td>\n<td>Oferir i gestionar els nostres productes i\/o serveis.<\/td>\n<\/tr>\n<tr>\n<td>Legitimaci\u00f3<\/td>\n<td>Consentiment obtingut de l&#8217;interessat. Execuci\u00f3 del contracte de serveis.<\/td>\n<\/tr>\n<tr>\n<td>Destinataris<\/td>\n<td>Les dades no seran comunicades a tercers, llevat que ho exigeixi una llei o sigui necessari per complir amb la finalitat del tractament.<\/td>\n<\/tr>\n<tr>\n<td>Drets de les persones<\/td>\n<td>Els interessats tenen dret a exercir els drets d&#8217;acc\u00e9s, rectificaci\u00f3, limitaci\u00f3 de tractament, supressi\u00f3, portabilitat i oposici\u00f3, enviant la seva sol\u00b7licitud a la nostra l&#8217;adre\u00e7a.<\/td>\n<\/tr>\n<tr>\n<td>Termini de conservaci\u00f3 de les dades<\/td>\n<td>Mentre es mantingui la relaci\u00f3 comercial o durant els anys necessaris per complir amb les obligacions legals.<\/td>\n<\/tr>\n<tr>\n<td>Reclamaci\u00f3<\/td>\n<td>Els interessats es poden dirigir a l&#8217;AEPD per presentar la reclamaci\u00f3 que consideri oportuna.<\/td>\n<\/tr>\n<tr>\n<td>Informaci\u00f3 addicional<\/td>\n<td>Pot consultar la informaci\u00f3 addicional i detallada a continuaci\u00f3 a les \u201cQ\u00fcestions sobre privacitat\u201d.<\/td>\n<\/tr>\n<\/tbody>\n<\/table>\n<p class=\"titol text-bold text-uppercase \"><strong>Q\u00dcESTIONS SOBRE PRIVACITAT<\/strong><\/p>\n<p>En compliment del Reglament (UE) 2016\/679 del Parlament Europeu i del Consell, de 27 d&#8217;abril de 2016, (RGPD) i la Llei Org\u00e0nica 3\/2018, de 5 de desembre, de Protecci\u00f3 de Dades Personals i garantia dels drets digitals (LOPDGDD), li oferim la seg\u00fcent informaci\u00f3 sobre el tractament de les seves dades personals:<\/p>\n<p class=\" text-bold \">Qui \u00e9s el responsable del tractament de les seves dades?<\/p>\n<p><strong>EL TITULAR.<\/strong><br \/>\nLes nostres dades figuren a l&#8217;<a href=\"https:\/\/www.hupasl.com\/ca\/avis-legal\/\" target=\"blank\" rel=\"noopener\">av\u00eds legal<\/a>\u00a0d&#8217;aquest web.<\/p>\n<p class=\" text-bold \"><strong>Amb quina finalitat tractem les seves dades personals?<\/strong><\/p>\n<ul class=\"\">\n<li>\n<div class=\"cont\">\n<p>Tractem la informaci\u00f3 que se&#8217;ns facilita per prestar i facturar els nostres serveis i productes.<\/p>\n<\/div>\n<\/li>\n<li>\n<div class=\"cont\">\n<p>Si ens d\u00f3na el seu consentiment tamb\u00e9 podrem tractar les seves dades per enviar-li informaci\u00f3 sobre les nostres activitats, serveis i productes.<\/p>\n<\/div>\n<\/li>\n<li>\n<div class=\"cont\">\n<p>Si participa en algun dels nostres sortejos i\/o concursos publicarem el seu nom i cognoms, i la seva imatge, en els diferents espais i mitjans de comunicaci\u00f3 i difusi\u00f3 que utilitzem, incloses les xarxes socials, amb la finalitat de promocionar les nostres activitats, serveis i productes.<\/p>\n<\/div>\n<\/li>\n<\/ul>\n<p class=\" text-bold \"><strong>Durant quant de temps conservarem les seves dades?<\/strong><\/p>\n<p>Les dades personals proporcionades es conservaran mentre sigui usuari dels nostres serveis o en vulgui rebre informaci\u00f3, i si participa en una promoci\u00f3 mentre aquesta estigui activa, i despr\u00e9s, durant el terminis establerts per complir amb les nostres obligacions legals.<\/p>\n<p class=\" text-bold \"><strong>Quina \u00e9s la legitimaci\u00f3 per al tractament de les seves dades?<\/strong><\/p>\n<p>La base legal per als tractaments de les seves dades s\u00f3n els consentiments que ens d\u00f3na.<\/p>\n<p>Respecte a la informaci\u00f3 que ens sigui enviada per menors de 16 anys, s&#8217;entendr\u00e0 que ho ha estat amb el consentiment dels seus representants legals. Si no \u00e9s aix\u00ed, el representant legal del menor ens ho ha de comunicar tan aviat com en tingui coneixement.<\/p>\n<p class=\" text-bold \"><strong>A quins destinataris es comunicaran les seves dades?<\/strong><\/p>\n<p>Les dades no seran comunicades a tercers, llevat que ho exigeixi una llei o sigui necessari per complir amb la finalitat del tractament.<\/p>\n<p class=\" text-bold \"><strong>Quins s\u00f3n els seus drets quan ens facilita les seves dades?<\/strong><\/p>\n<ul class=\"\">\n<li>\n<div class=\"cont\">\n<p>Qualsevol persona t\u00e9 dret a obtenir confirmaci\u00f3 sobre si estem tractant o no les seves dades personals.<\/p>\n<\/div>\n<\/li>\n<li>\n<div class=\"cont\">\n<p>Les persones interessades tenen dret a accedir a les seves dades personals, aix\u00ed com a sol\u00b7licitar la rectificaci\u00f3 de les dades inexactes o, si escau, sol\u00b7licitar la seva supressi\u00f3 quan, entre d&#8217;altres motius, les dades ja no siguin necess\u00e0ries per a les finalitats per a les que es van recollir.<\/p>\n<\/div>\n<\/li>\n<li>\n<div class=\"cont\">\n<p>En determinades circumst\u00e0ncies els interessats podran sol\u00b7licitar la limitaci\u00f3 del tractament de les seves dades, en aquest cas \u00fanicament les conservarem per a l&#8217;exercici o la defensa de reclamacions.<\/p>\n<\/div>\n<\/li>\n<li>\n<div class=\"cont\">\n<p>Tamb\u00e9, en determinades circumst\u00e0ncies i per motius relacionats amb la seva situaci\u00f3 particular, els interessats es poden oposar al tractament de les seves dades. En aquest cas deixarem de tractar-les, excepte per motius leg\u00edtims imperiosos o per a l&#8217;exercici o la defensa de possibles reclamacions.<\/p>\n<\/div>\n<\/li>\n<li>\n<div class=\"cont\">\n<p>Els interessats tamb\u00e9 tenen dret a la portabilitat de les seves dades.<\/p>\n<\/div>\n<\/li>\n<li>\n<div class=\"cont\">\n<p>Finalment, els interessats tenen dret a presentar una reclamaci\u00f3 davant l&#8217;Autoritat de Control competent.<\/p>\n<\/div>\n<\/li>\n<\/ul>\n<p class=\" text-bold \"><strong>Com pot exercir els seus drets?<\/strong><\/p>\n<p>Enviant-nos un escrit adjuntant una c\u00f2pia d&#8217;un document que l&#8217;identifiqui, a la nostra adre\u00e7a f\u00edsica o a l&#8217;electr\u00f2nica.<\/p>\n<p class=\" text-bold \"><strong>Com hem obtingut les seves dades?<\/strong><\/p>\n<p>Les dades personals que tractem procedeixen del propi interessat, qui garanteix que les dades personals facilitades s\u00f3n certes i es fa responsable de comunicar-ne qualsevol modificaci\u00f3. Les dades que estiguin marcades amb un asterisc s\u00f3n obligat\u00f2ries per poder donar-li el servei sol\u00b7licitat.<\/p>\n<p class=\" text-bold \"><strong>Quines dades tractem?<\/strong><\/p>\n<p>Les categories de dades que podem tractar s\u00f3n:<\/p>\n<ul class=\"\">\n<li>\n<div class=\"cont\">\n<p>Dades de car\u00e0cter identificatiu.<\/p>\n<\/div>\n<\/li>\n<li>\n<div class=\"cont\">\n<p>Adreces postals o electr\u00f2niques.<\/p>\n<\/div>\n<\/li>\n<li>\n<div class=\"cont\">\n<p>Altres dades sol\u00b7licitades en els nostres formularis.<\/p>\n<\/div>\n<\/li>\n<\/ul>\n<p>Les dades s\u00f3n limitades, at\u00e8s que \u00fanicament tractem les dades necess\u00e0ries per a la prestaci\u00f3 dels nostres serveis i la gesti\u00f3 de la nostra activitat.<\/p>\n<p class=\" text-bold \"><strong>Utilitzem cookies?<\/strong><\/p>\n<p>Utilitzem cookies durant la navegaci\u00f3 a la nostra web amb el consentiment informat de l&#8217;usuari. L&#8217;usuari pot configurar el seu navegador perqu\u00e8 l&#8217;avisi de la utilitzaci\u00f3 de cookies i per evitar-ne el seu \u00fas. Per obtenir m\u00e9s informaci\u00f3 visiti la nostra\u00a0<a href=\"https:\/\/www.hupasl.com\/ca\/politica-de-cookies\/\" target=\"blank\" rel=\"noopener\">pol\u00edtica de cookies<\/a>.<\/p>\n<p class=\" text-bold \"><strong>Quines mesures de seguretat apliquem?<\/strong><\/p>\n<p>Apliquem les mesures de seguretat establertes a l&#8217;article 32 del RGPD, per tant hem adoptat les mesures de seguretat necess\u00e0ries per garantir un nivell de seguretat adequat al risc del tractament de dades que realitzem, amb mecanismes que ens permeten garantir la confidencialitat, integritat, disponibilitat i resili\u00e8ncia permanent dels sistemes i serveis de tractament.<\/p>\n<p>Algunes d&#8217;aquestes mesures s\u00f3n:<\/p>\n<ul class=\"\">\n<li>\n<div class=\"cont\">\n<p>Informaci\u00f3 de les pol\u00edtiques de tractament de dades al personal.<\/p>\n<\/div>\n<\/li>\n<li>\n<div class=\"cont\">\n<p>Realitzaci\u00f3 de c\u00f2pies de seguretat peri\u00f2diques.<\/p>\n<\/div>\n<\/li>\n<li>\n<div class=\"cont\">\n<p>Control d&#8217;acc\u00e9s a les dades.<\/p>\n<\/div>\n<\/li>\n<li>\n<div class=\"cont\">\n<p>Processos de verificaci\u00f3, avaluaci\u00f3 i valoraci\u00f3 regulars.<\/p>\n<\/div>\n<\/li>\n<\/ul>\n<\/div><\/div><\/div><\/div><\/div><\/div><\/div><\/section>\n","protected":false},"excerpt":{"rendered":"Pol\u00edtica de protecci\u00f3 de dades EL TITULAR es compromet a protegir la privacitat dels usuaris que accedeixin a aquest web i\/o qualsevol dels seus serveis. La utilitzaci\u00f3 del web i\/o de qualsevol dels serveis oferts per EL TITULAR, implica l&#8217;acceptaci\u00f3 per part de l&#8221;usuari de les disposicions contingudes en la present Pol\u00edtica de Privacitat i...","protected":false},"author":1,"featured_media":0,"parent":0,"menu_order":1,"comment_status":"closed","ping_status":"closed","template":"","meta":{"_acf_changed":false,"ngg_post_thumbnail":0,"footnotes":""},"class_list":["post-1593","page","type-page","status-publish","hentry"],"acf":[],"yoast_head":"<!-- This site is optimized with the Yoast SEO plugin v24.3 - https:\/\/yoast.com\/wordpress\/plugins\/seo\/ -->\n<title>POL\u00cdTICA DE PROTECCI\u00d3 DE DADES - HUPA SL<\/title>\n<meta name=\"robots\" content=\"index, follow, max-snippet:-1, max-image-preview:large, max-video-preview:-1\" \/>\n<link rel=\"canonical\" href=\"https:\/\/hupasl.com\/ca\/politica-de-proteccion-de-datos\/\" \/>\n<meta property=\"og:locale\" content=\"ca_ES\" \/>\n<meta property=\"og:type\" content=\"article\" \/>\n<meta property=\"og:title\" content=\"POL\u00cdTICA DE PROTECCI\u00d3 DE DADES - HUPA SL\" \/>\n<meta property=\"og:url\" content=\"https:\/\/hupasl.com\/ca\/politica-de-proteccion-de-datos\/\" \/>\n<meta property=\"og:site_name\" content=\"HUPA SL\" \/>\n<meta property=\"article:publisher\" content=\"https:\/\/www.facebook.com\/hupasl\/\" \/>\n<meta property=\"article:modified_time\" content=\"2022-08-03T13:11:41+00:00\" \/>\n<meta property=\"og:image\" content=\"https:\/\/hupasl.com\/wp-content\/uploads\/2023\/02\/cropped-logo-hupa-test-1.png\" \/>\n\t<meta property=\"og:image:width\" content=\"512\" \/>\n\t<meta property=\"og:image:height\" content=\"512\" \/>\n\t<meta property=\"og:image:type\" content=\"image\/png\" \/>\n<meta name=\"twitter:card\" content=\"summary_large_image\" \/>\n<meta name=\"twitter:label1\" content=\"Temps estimat de lectura\" \/>\n\t<meta name=\"twitter:data1\" content=\"5 minuts\" \/>\n<!-- \/ Yoast SEO plugin. -->","yoast_head_json":{"title":"POL\u00cdTICA DE PROTECCI\u00d3 DE DADES - HUPA SL","robots":{"index":"index","follow":"follow","max-snippet":"max-snippet:-1","max-image-preview":"max-image-preview:large","max-video-preview":"max-video-preview:-1"},"canonical":"https:\/\/hupasl.com\/ca\/politica-de-proteccion-de-datos\/","og_locale":"ca_ES","og_type":"article","og_title":"POL\u00cdTICA DE PROTECCI\u00d3 DE DADES - HUPA SL","og_url":"https:\/\/hupasl.com\/ca\/politica-de-proteccion-de-datos\/","og_site_name":"HUPA SL","article_publisher":"https:\/\/www.facebook.com\/hupasl\/","article_modified_time":"2022-08-03T13:11:41+00:00","og_image":[{"width":512,"height":512,"url":"https:\/\/hupasl.com\/wp-content\/uploads\/2023\/02\/cropped-logo-hupa-test-1.png","type":"image\/png"}],"twitter_card":"summary_large_image","twitter_misc":{"Temps estimat de lectura":"5 minuts"},"schema":{"@context":"https:\/\/schema.org","@graph":[{"@type":"WebPage","@id":"https:\/\/hupasl.com\/ca\/politica-de-proteccion-de-datos\/","url":"https:\/\/hupasl.com\/ca\/politica-de-proteccion-de-datos\/","name":"POL\u00cdTICA DE PROTECCI\u00d3 DE DADES - HUPA SL","isPartOf":{"@id":"https:\/\/hupasl.com\/ca\/#website"},"datePublished":"2022-07-25T11:11:31+00:00","dateModified":"2022-08-03T13:11:41+00:00","breadcrumb":{"@id":"https:\/\/hupasl.com\/ca\/politica-de-proteccion-de-datos\/#breadcrumb"},"inLanguage":"ca","potentialAction":[{"@type":"ReadAction","target":["https:\/\/hupasl.com\/ca\/politica-de-proteccion-de-datos\/"]}]},{"@type":"BreadcrumbList","@id":"https:\/\/hupasl.com\/ca\/politica-de-proteccion-de-datos\/#breadcrumb","itemListElement":[{"@type":"ListItem","position":1,"name":"Home","item":"https:\/\/hupasl.com\/ca\/"},{"@type":"ListItem","position":2,"name":"POL\u00cdTICA DE PROTECCI\u00d3 DE DADES"}]},{"@type":"WebSite","@id":"https:\/\/hupasl.com\/ca\/#website","url":"https:\/\/hupasl.com\/ca\/","name":"HUPA SL","description":"","publisher":{"@id":"https:\/\/hupasl.com\/ca\/#organization"},"potentialAction":[{"@type":"SearchAction","target":{"@type":"EntryPoint","urlTemplate":"https:\/\/hupasl.com\/ca\/?s={search_term_string}"},"query-input":{"@type":"PropertyValueSpecification","valueRequired":true,"valueName":"search_term_string"}}],"inLanguage":"ca"},{"@type":"Organization","@id":"https:\/\/hupasl.com\/ca\/#organization","name":"HUPA SL","url":"https:\/\/hupasl.com\/ca\/","logo":{"@type":"ImageObject","inLanguage":"ca","@id":"https:\/\/hupasl.com\/ca\/#\/schema\/logo\/image\/","url":"https:\/\/hupasl.com\/wp-content\/uploads\/2023\/02\/logo-hupa-test.png","contentUrl":"https:\/\/hupasl.com\/wp-content\/uploads\/2023\/02\/logo-hupa-test.png","width":512,"height":512,"caption":"HUPA SL"},"image":{"@id":"https:\/\/hupasl.com\/ca\/#\/schema\/logo\/image\/"},"sameAs":["https:\/\/www.facebook.com\/hupasl\/","https:\/\/www.instagram.com\/hupasl\/?hl=es"]}]}},"_links":{"self":[{"href":"https:\/\/hupasl.com\/ca\/wp-json\/wp\/v2\/pages\/1593"}],"collection":[{"href":"https:\/\/hupasl.com\/ca\/wp-json\/wp\/v2\/pages"}],"about":[{"href":"https:\/\/hupasl.com\/ca\/wp-json\/wp\/v2\/types\/page"}],"author":[{"embeddable":true,"href":"https:\/\/hupasl.com\/ca\/wp-json\/wp\/v2\/users\/1"}],"replies":[{"embeddable":true,"href":"https:\/\/hupasl.com\/ca\/wp-json\/wp\/v2\/comments?post=1593"}],"version-history":[{"count":2,"href":"https:\/\/hupasl.com\/ca\/wp-json\/wp\/v2\/pages\/1593\/revisions"}],"predecessor-version":[{"id":1818,"href":"https:\/\/hupasl.com\/ca\/wp-json\/wp\/v2\/pages\/1593\/revisions\/1818"}],"wp:attachment":[{"href":"https:\/\/hupasl.com\/ca\/wp-json\/wp\/v2\/media?parent=1593"}],"curies":[{"name":"wp","href":"https:\/\/api.w.org\/{rel}","templated":true}]}}