{"id":1591,"date":"2022-07-25T11:18:54","date_gmt":"2022-07-25T11:18:54","guid":{"rendered":"https:\/\/hupasl.com\/?page_id=1591"},"modified":"2022-08-03T13:14:11","modified_gmt":"2022-08-03T13:14:11","slug":"politica-de-cookies","status":"publish","type":"page","link":"https:\/\/hupasl.com\/ca\/politica-de-cookies\/","title":{"rendered":"POL\u00cdTICA DE COOKIES"},"content":{"rendered":"<section class=\"l-section wpb_row height_medium\"><div class=\"l-section-h i-cf\"><div class=\"g-cols vc_row via_flex valign_top type_default stacking_default\"><div class=\"vc_col-sm-12 wpb_column vc_column_container\"><div class=\"vc_column-inner\"><div class=\"wpb_wrapper\"><div class=\"wpb_text_column\"><div class=\"wpb_wrapper\"><h1>Pol\u00edtica de cookies<\/h1>\n<p>El nostre lloc web hupasl.com utilitza una tecnologia anomenada &#8216;cookie&#8217;, amb la finalitat de poder obtenir informaci\u00f3 sobre l&#8217;\u00fas del lloc web, millorar l&#8217;experi\u00e8ncia de l&#8217;usuari i garantir el seu correcte funcionament.<\/p>\n<p class=\"titol text-bold \">Definici\u00f3 de Cookie<\/p>\n<p>Una &#8216;cookie&#8217; \u00e9s un petit fragment de text que els llocs web envien al navegador i que s&#8217;emmagatzemen en el terminal de l&#8217;usuari, (ordinador o dispositiu m\u00f2bil). Aquests arxius tenen la finalitat d&#8217;emmagatzemar dades que podran ser actualitzades i recuperades per l&#8217;entitat responsable de la seva instal\u00b7laci\u00f3. Aix\u00ed, cada vegada que l&#8217;usuari torna a visitar el mateix lloc web, l&#8217;explorador recupera l&#8217;arxiu i l&#8217;envia al servidor del lloc web. Les cookies tenen diverses funcions entre les que s&#8217;inclouen, la de recollir informaci\u00f3 sobre les prefer\u00e8ncies de l&#8217;usuari i recordar-la, i en general, facilitar l&#8217;\u00fas del lloc web a l&#8217;usuari fent que el lloc sigui m\u00e9s \u00fatil al personalitzar el seu contingut.<\/p>\n<p>Les cookies es poden classificar en base a diferents par\u00e0metres:<\/p>\n<ol class=\"\">\n<li>\n<div class=\"cont\">\n<p><span class=\"text-bold \">Titularitat:<\/span>\u00a0cookies pr\u00f2pies i cookies de tercers: depenent de quina sigui l&#8217;entitat que gestioni el domini des d&#8217;on s&#8217;envien les cookies i es tractin les dades que s&#8217;obtinguin.<\/p>\n<\/div>\n<\/li>\n<li>\n<div class=\"cont\">\n<p><span class=\"text-bold \">Durada:<\/span>\u00a0cookies de sessi\u00f3 i cookies persistents: d&#8217;acord amb el termini de temps que romanen emmagatzemades al terminal de l&#8217;usuari.<\/p>\n<\/div>\n<\/li>\n<li>\n<div class=\"cont\">\n<p><span class=\"text-bold \">Finalitat:<\/span>\u00a0cookies t\u00e8cniques, cookies de personalitzaci\u00f3, cookies d&#8217;an\u00e0lisi, cookies publicit\u00e0ries, cookies de publicitat comportamental: d&#8217;acord amb la finalitat per a la qual es tractin les dades obtingudes.<\/p>\n<ul class=\"\">\n<li>\n<div class=\"cont\">\n<p><span class=\" text-underline\"><span style=\"text-decoration: underline;\">Cookies t\u00e8cniques<\/span>:<\/span>\u00a0s\u00f3n aquelles que permeten a l&#8217;usuari la navegaci\u00f3 a trav\u00e9s de la p\u00e0gina web o aplicaci\u00f3 i la utilitzaci\u00f3 de les diferents opcions o serveis que en ella existeixen. Per exemple, controlar el tr\u00e0nsit i la comunicaci\u00f3 de dades , identificar la sessi\u00f3 o accedir a les parts web d&#8217;acc\u00e9s restringit.<\/p>\n<\/div>\n<\/li>\n<li>\n<div class=\"cont\">\n<p><span class=\" text-underline\"><span style=\"text-decoration: underline;\">Cookies de personalitzaci\u00f3<\/span>:<\/span>\u00a0s\u00f3n aquelles que permeten a l&#8217;usuari accedir al servei amb algunes caracter\u00edstiques de car\u00e0cter general predefinides en el seu terminal o que el propi usuari defineixi . Per exemple, l&#8217;idioma , el tipus de navegador a trav\u00e9s del qual accedeix al servei o el disseny de continguts seleccionat.<\/p>\n<\/div>\n<\/li>\n<li>\n<div class=\"cont\">\n<p><span class=\" text-underline\"><span style=\"text-decoration: underline;\">Cookies d&#8217;an\u00e0lisi<\/span>:<\/span>\u00a0s\u00f3n aquelles que o b\u00e9 tractades per nosaltres o per tercers, ens permeten quantificar el nombre d&#8217;usuaris i aix\u00ed realitzar l&#8217;an\u00e0lisi estad\u00edstic de la utilitzaci\u00f3 que fan els usuaris del servei ofert. Per aix\u00f2 s&#8217;analitza la seva navegaci\u00f3 a la nostra p\u00e0gina web per tal de millorar l&#8217;oferta de productes o serveis que li oferim.<\/p>\n<\/div>\n<\/li>\n<li>\n<div class=\"cont\">\n<p><span class=\" text-underline\"><span style=\"text-decoration: underline;\">Cookies publicit\u00e0ries<\/span>:<\/span>\u00a0s\u00f3n aquelles que permeten la gesti\u00f3, de la forma m\u00e9s efica\u00e7 possible, dels espais publicitaris que, si escau, l&#8217;editor hagi incl\u00f2s en una p\u00e0gina web, aplicaci\u00f3 o plataforma des de la qual presta el servei sol\u00b7licitat sobre la base de criteris com el contingut editat o la freq\u00fc\u00e8ncia en a qual es mostren els anuncis.<\/p>\n<\/div>\n<\/li>\n<li>\n<div class=\"cont\">\n<p><span class=\" text-underline\"><span style=\"text-decoration: underline;\">Cookies de publicitat comportamental<\/span>:<\/span>\u00a0s\u00f3n aquelles que permeten la gesti\u00f3, de la manera m\u00e9s efica\u00e7 possible, dels espais publicitaris que, si escau, l&#8217;editor hagi incl\u00f2s en una p\u00e0gina web, aplicaci\u00f3 o plataforma des de la que presta el servei sol\u00b7licitat. Aquestes cookies emmagatzemen informaci\u00f3 del comportament dels usuaris obtinguda a trav\u00e9s de l&#8217;observaci\u00f3 continuada dels seus h\u00e0bits de navegaci\u00f3, el que permet desenvolupar un perfil espec\u00edfic per mostrar publicitat en funci\u00f3 del mateix.<\/p>\n<\/div>\n<\/li>\n<\/ul>\n<\/div>\n<\/li>\n<\/ol>\n<p class=\"titol text-bold \"><strong>Cookies utilitzades al nostre lloc web<\/strong><\/p>\n<p>El nostre lloc web utilitza tant cookies pr\u00f2pies, que s\u00f3n les enviades al seu dispositiu i gestionades exclusivament per nosaltres per al millor funcionament del lloc web, com cookies de tercers, amb la funci\u00f3 de servir-nos com a eina d&#8217;an\u00e0lisis de la interacci\u00f3 dels usuaris amb la nostra web, gr\u00e0cies a elles obtenim una informaci\u00f3 que pot ajudar-nos a millorar la navegaci\u00f3 i donar un millor servei als usuaris.<\/p>\n<p>El nostre lloc web fa servir tant cookies temporals de sessi\u00f3 com cookies persistents. Les cookies de sessi\u00f3 emmagatzemen dades \u00fanicament mentre l&#8217;usuari accedeix a la web i les cookies persistents emmagatzemen les dades en el terminal perqu\u00e8 siguin accedides i utilitzades en m\u00e9s d&#8217;una sessi\u00f3.<\/p>\n<p>Concretament les cookies que utilitzades al nostre lloc web s\u00f3n:<\/p>\n<p class=\" text-underline\"><span style=\"text-decoration: underline;\">Cookies pr\u00f2pies<\/span><\/p>\n<p>Les cookies pr\u00f2pies que fem servir en el nostre lloc web s\u00f3n de car\u00e0cter t\u00e8cnic, fonamentals per al funcionament de la web.<\/p>\n<p class=\" text-underline\"><span style=\"text-decoration: underline;\">Cookies de tercers:<\/span><\/p>\n<table>\n<tbody>\n<tr>\n<th>Cookie<\/th>\n<th>Titular<\/th>\n<th>Finalitat<\/th>\n<th>Durada<\/th>\n<\/tr>\n<tr>\n<td>__utmz, __ utmc, __utma, __utmb,__utmt, __ga, __gat<\/td>\n<td>Google Inc. (Google Analytics)<\/td>\n<td>Anal\u00edtiques: Analitzen l&#8217;\u00fas del web.<\/td>\n<td>Sessi\u00f3 i persistent<\/td>\n<\/tr>\n<\/tbody>\n<\/table>\n<p>Per obtenir m\u00e9s informaci\u00f3 sobre les cookies i\/o per a la seva desactivaci\u00f3 pot clicar sobre els enlla\u00e7os que hi ha al nom dels diferents titulars.<\/p>\n<p>Finalment, tamb\u00e9 s&#8217;utilitzen galetes de complement (plug-in) per intercanviar continguts socials.<\/p>\n<p class=\"titol text-bold \"><strong>Consentiment<\/strong><\/p>\n<p>Al navegar i continuar al nostre lloc web l&#8217;usuari estar\u00e0 consentint l&#8217;\u00fas de les cookies abans enunciades, pels terminis assenyalats i en les condicions contingudes en la present Pol\u00edtica de Cookies.<\/p>\n<p>Aix\u00ed mateix, l&#8217;informem que si vost\u00e8 consulta continguts de la nostra web allotjats en webs de tercers, aquests tenen la seva pr\u00f2pia pol\u00edtica de cookies.<\/p>\n<p class=\"titol text-bold \"><strong>Retirada del consentiment<\/strong><\/p>\n<p>L&#8217;usuari podr\u00e0 retirar en qualsevol moment el seu consentiment relacionat amb aquesta Pol\u00edtica de Cookies, per aix\u00f2 haur\u00e0 d&#8217;eliminar les cookies emmagatzemades en el seu equip utilitzant els ajustaments i configuracions del seu navegador d&#8217;Internet.<\/p>\n<p class=\"titol text-bold \"><strong>Modificaci\u00f3 de la configuraci\u00f3 de les cookies<a name=\"cookies-config\"><\/a><\/strong><\/p>\n<p>L&#8217;usuari pot restringir, bloquejar o esborrar les cookies de qualsevol lloc web, utilitzant el seu navegador. A cada navegador l&#8217;operativa \u00e9s diferent, pel que pot consultar als seg\u00fcents enlla\u00e7os la forma de fer-ho<\/p>\n<ul class=\"\">\n<li>\n<div class=\"cont\">\n<p><b>Internet Explorer:<\/b>\u00a0<a href=\"https:\/\/support.microsoft.com\/es-es\/help\/17442\/windows-internet-explorer-delete-manage-cookies#ie=ie-11\" target=\"_blank\" rel=\"noopener\">https:\/\/support.microsoft.com\/es-es\/help\/17442\/windows-internet-explorer-delete-manage-cookies#ie=ie-11<\/a><\/p>\n<\/div>\n<\/li>\n<li>\n<div class=\"cont\">\n<p><b>Edge:<\/b>\u00a0<a href=\"https:\/\/support.microsoft.com\/es-es\/help\/4468242\/microsoft-edge-browsing-data-and-privacy-microsoft-privacy\" target=\"_blank\" rel=\"noopener\">https:\/\/support.microsoft.com\/es-es\/help\/4468242\/microsoft-edge-browsing-data-and-privacy-microsoft-privacy<\/a><\/p>\n<\/div>\n<\/li>\n<li>\n<div class=\"cont\">\n<p><b>FireFox:<\/b>\u00a0<a href=\"https:\/\/support.mozilla.org\/es\/kb\/clear-cookies-and-site-data-firefox\" target=\"_blank\" rel=\"noopener\">https:\/\/support.mozilla.org\/es\/kb\/clear-cookies-and-site-data-firefox<\/a><\/p>\n<\/div>\n<\/li>\n<li>\n<div class=\"cont\">\n<p><b>Chrome:<\/b>\u00a0<a href=\"https:\/\/support.google.com\/chrome\/answer\/95647?hl=ca\" target=\"_blank\" rel=\"noopener\">https:\/\/support.google.com\/chrome\/answer\/95647?hl=ca<\/a><\/p>\n<\/div>\n<\/li>\n<li>\n<div class=\"cont\">\n<p><b>Safari (mac):<\/b>\u00a0<a href=\"https:\/\/support.apple.com\/es-es\/guide\/safari\/manage-cookies-and-website-data-sfri11471\/mac\" target=\"_blank\" rel=\"noopener\">https:\/\/support.apple.com\/es-es\/guide\/safari\/manage-cookies-and-website-data-sfri11471\/mac<\/a><\/p>\n<\/div>\n<\/li>\n<li>\n<div class=\"cont\">\n<p><b>Safari (iPhone\/iPad):<\/b>\u00a0<a href=\"https:\/\/support.apple.com\/es-es\/HT201265\" target=\"_blank\" rel=\"noopener\">https:\/\/support.apple.com\/es-es\/HT201265<\/a><\/p>\n<\/div>\n<\/li>\n<li>\n<div class=\"cont\">\n<p><b>Opera:<\/b>\u00a0<a href=\"https:\/\/help.opera.com\/en\/latest\/web-preferences\/#cookies\" target=\"_blank\" rel=\"noopener\">https:\/\/help.opera.com\/en\/latest\/web-preferences\/#cookies<\/a><\/p>\n<\/div>\n<\/li>\n<\/ul>\n<p>Per obtenir m\u00e9s informaci\u00f3 sobre l&#8217;eliminaci\u00f3, deshabilitaci\u00f3 o bloqueig de les cookies tamb\u00e9 pot visitar:<br \/>\n<a href=\"http:\/\/www.aboutcookies.org\/Default.aspx?page=2\" target=\"_blank\" rel=\"noopener\">http:\/\/www.aboutcookies.org\/Default.aspx?page=2<\/a><\/p>\n<p class=\"titol text-bold \"><strong>Actualitzaci\u00f3 de la pol\u00edtica de cookies<\/strong><\/p>\n<p>Aquest lloc web pot modificar aquesta Pol\u00edtica sobre Cookies, per aix\u00f2 li recomanem revisar aquesta pol\u00edtica cada vegada que accedeixi al nostre lloc web per tal d&#8217;estar adequadament informat sobre l&#8217;\u00fas que fem de les cookies.<\/p>\n<p>\u00daltima actualitzaci\u00f3: 30\/10\/2020.<\/p>\n<\/div><\/div><\/div><\/div><\/div><\/div><\/div><\/section>\n","protected":false},"excerpt":{"rendered":"Pol\u00edtica de cookies El nostre lloc web hupasl.com utilitza una tecnologia anomenada &#8216;cookie&#8217;, amb la finalitat de poder obtenir informaci\u00f3 sobre l&#8217;\u00fas del lloc web, millorar l&#8217;experi\u00e8ncia de l&#8217;usuari i garantir el seu correcte funcionament. Definici\u00f3 de Cookie Una &#8216;cookie&#8217; \u00e9s un petit fragment de text que els llocs web envien al navegador i que...","protected":false},"author":1,"featured_media":0,"parent":0,"menu_order":0,"comment_status":"closed","ping_status":"closed","template":"","meta":{"_acf_changed":false,"ngg_post_thumbnail":0,"footnotes":""},"class_list":["post-1591","page","type-page","status-publish","hentry"],"acf":[],"yoast_head":"<!-- This site is optimized with the Yoast SEO plugin v24.3 - https:\/\/yoast.com\/wordpress\/plugins\/seo\/ -->\n<title>POL\u00cdTICA DE COOKIES - HUPA SL<\/title>\n<meta name=\"robots\" content=\"index, follow, max-snippet:-1, max-image-preview:large, max-video-preview:-1\" \/>\n<link rel=\"canonical\" href=\"https:\/\/hupasl.com\/ca\/politica-de-cookies\/\" \/>\n<meta property=\"og:locale\" content=\"ca_ES\" \/>\n<meta property=\"og:type\" content=\"article\" \/>\n<meta property=\"og:title\" content=\"POL\u00cdTICA DE COOKIES - HUPA SL\" \/>\n<meta property=\"og:url\" content=\"https:\/\/hupasl.com\/ca\/politica-de-cookies\/\" \/>\n<meta property=\"og:site_name\" content=\"HUPA SL\" \/>\n<meta property=\"article:publisher\" content=\"https:\/\/www.facebook.com\/hupasl\/\" \/>\n<meta property=\"article:modified_time\" content=\"2022-08-03T13:14:11+00:00\" \/>\n<meta property=\"og:image\" content=\"https:\/\/hupasl.com\/wp-content\/uploads\/2023\/02\/cropped-logo-hupa-test-1.png\" \/>\n\t<meta property=\"og:image:width\" content=\"512\" \/>\n\t<meta property=\"og:image:height\" content=\"512\" \/>\n\t<meta property=\"og:image:type\" content=\"image\/png\" \/>\n<meta name=\"twitter:card\" content=\"summary_large_image\" \/>\n<meta name=\"twitter:label1\" content=\"Temps estimat de lectura\" \/>\n\t<meta name=\"twitter:data1\" content=\"5 minuts\" \/>\n<!-- \/ Yoast SEO plugin. -->","yoast_head_json":{"title":"POL\u00cdTICA DE COOKIES - HUPA SL","robots":{"index":"index","follow":"follow","max-snippet":"max-snippet:-1","max-image-preview":"max-image-preview:large","max-video-preview":"max-video-preview:-1"},"canonical":"https:\/\/hupasl.com\/ca\/politica-de-cookies\/","og_locale":"ca_ES","og_type":"article","og_title":"POL\u00cdTICA DE COOKIES - HUPA SL","og_url":"https:\/\/hupasl.com\/ca\/politica-de-cookies\/","og_site_name":"HUPA SL","article_publisher":"https:\/\/www.facebook.com\/hupasl\/","article_modified_time":"2022-08-03T13:14:11+00:00","og_image":[{"width":512,"height":512,"url":"https:\/\/hupasl.com\/wp-content\/uploads\/2023\/02\/cropped-logo-hupa-test-1.png","type":"image\/png"}],"twitter_card":"summary_large_image","twitter_misc":{"Temps estimat de lectura":"5 minuts"},"schema":{"@context":"https:\/\/schema.org","@graph":[{"@type":"WebPage","@id":"https:\/\/hupasl.com\/ca\/politica-de-cookies\/","url":"https:\/\/hupasl.com\/ca\/politica-de-cookies\/","name":"POL\u00cdTICA DE COOKIES - HUPA SL","isPartOf":{"@id":"https:\/\/hupasl.com\/ca\/#website"},"datePublished":"2022-07-25T11:18:54+00:00","dateModified":"2022-08-03T13:14:11+00:00","breadcrumb":{"@id":"https:\/\/hupasl.com\/ca\/politica-de-cookies\/#breadcrumb"},"inLanguage":"ca","potentialAction":[{"@type":"ReadAction","target":["https:\/\/hupasl.com\/ca\/politica-de-cookies\/"]}]},{"@type":"BreadcrumbList","@id":"https:\/\/hupasl.com\/ca\/politica-de-cookies\/#breadcrumb","itemListElement":[{"@type":"ListItem","position":1,"name":"Home","item":"https:\/\/hupasl.com\/ca\/"},{"@type":"ListItem","position":2,"name":"POL\u00cdTICA DE COOKIES"}]},{"@type":"WebSite","@id":"https:\/\/hupasl.com\/ca\/#website","url":"https:\/\/hupasl.com\/ca\/","name":"HUPA SL","description":"","publisher":{"@id":"https:\/\/hupasl.com\/ca\/#organization"},"potentialAction":[{"@type":"SearchAction","target":{"@type":"EntryPoint","urlTemplate":"https:\/\/hupasl.com\/ca\/?s={search_term_string}"},"query-input":{"@type":"PropertyValueSpecification","valueRequired":true,"valueName":"search_term_string"}}],"inLanguage":"ca"},{"@type":"Organization","@id":"https:\/\/hupasl.com\/ca\/#organization","name":"HUPA SL","url":"https:\/\/hupasl.com\/ca\/","logo":{"@type":"ImageObject","inLanguage":"ca","@id":"https:\/\/hupasl.com\/ca\/#\/schema\/logo\/image\/","url":"https:\/\/hupasl.com\/wp-content\/uploads\/2023\/02\/logo-hupa-test.png","contentUrl":"https:\/\/hupasl.com\/wp-content\/uploads\/2023\/02\/logo-hupa-test.png","width":512,"height":512,"caption":"HUPA SL"},"image":{"@id":"https:\/\/hupasl.com\/ca\/#\/schema\/logo\/image\/"},"sameAs":["https:\/\/www.facebook.com\/hupasl\/","https:\/\/www.instagram.com\/hupasl\/?hl=es"]}]}},"_links":{"self":[{"href":"https:\/\/hupasl.com\/ca\/wp-json\/wp\/v2\/pages\/1591"}],"collection":[{"href":"https:\/\/hupasl.com\/ca\/wp-json\/wp\/v2\/pages"}],"about":[{"href":"https:\/\/hupasl.com\/ca\/wp-json\/wp\/v2\/types\/page"}],"author":[{"embeddable":true,"href":"https:\/\/hupasl.com\/ca\/wp-json\/wp\/v2\/users\/1"}],"replies":[{"embeddable":true,"href":"https:\/\/hupasl.com\/ca\/wp-json\/wp\/v2\/comments?post=1591"}],"version-history":[{"count":2,"href":"https:\/\/hupasl.com\/ca\/wp-json\/wp\/v2\/pages\/1591\/revisions"}],"predecessor-version":[{"id":1821,"href":"https:\/\/hupasl.com\/ca\/wp-json\/wp\/v2\/pages\/1591\/revisions\/1821"}],"wp:attachment":[{"href":"https:\/\/hupasl.com\/ca\/wp-json\/wp\/v2\/media?parent=1591"}],"curies":[{"name":"wp","href":"https:\/\/api.w.org\/{rel}","templated":true}]}}