{"id":1585,"date":"2022-02-21T10:46:18","date_gmt":"2022-02-21T10:46:18","guid":{"rendered":"https:\/\/hupasl.com\/?page_id=1585"},"modified":"2023-04-05T11:00:35","modified_gmt":"2023-04-05T11:00:35","slug":"sobre-nosaltres","status":"publish","type":"page","link":"https:\/\/hupasl.com\/ca\/sobre-nosaltres\/","title":{"rendered":"SOBRE NOSALTRES"},"content":{"rendered":"<section class=\"l-section wpb_row us_custom_44b39475 height_auto\"><div class=\"l-section-h i-cf\"><div class=\"g-cols vc_row via_flex valign_middle type_default stacking_default\"><div class=\"vc_col-sm-6 wpb_column vc_column_container clip-path1\"><div class=\"vc_column-inner\"><div class=\"wpb_wrapper\"><div class=\"wpb_text_column us_custom_6df4bc3a titulo-portada has_text_color\"><div class=\"wpb_wrapper\"><h1 style=\"text-align: center;\">Sobre nosaltres<\/h1>\n<\/div><\/div><div class=\"w-separator size_custom with_line width_30 thick_3 style_solid color_primary align_center\" style=\"height:10px\"><div class=\"w-separator-h\"><\/div><\/div><\/div><\/div><\/div><div class=\"vc_col-sm-6 wpb_column vc_column_container\"><div class=\"vc_column-inner\"><div class=\"wpb_wrapper\"><\/div><\/div><\/div><\/div><\/div><\/section><section class=\"l-section wpb_row height_medium\"><div class=\"l-section-h i-cf\"><div class=\"g-cols vc_row via_flex valign_middle type_default stacking_default\"><div class=\"vc_col-sm-6 wpb_column vc_column_container\"><div class=\"vc_column-inner\"><div class=\"wpb_wrapper\"><div class=\"wpb_text_column\"><div class=\"wpb_wrapper\"><p>HUPA s\u2019inicia com a petita empresa familiar l\u2019any 1965, s\u2019especialitza en la <strong>construcci\u00f3 de maquin\u00e0ria pel transport<\/strong>, <strong>elevaci\u00f3 i emmagatzematge de pinsos i cereals<\/strong> per f\u00e0briques de pinsos.<\/p>\n<p>Al llarg d\u2019aquests anys, ens hem especialitzat en el<strong> transport i elevaci\u00f3 de tota mena de productes<\/strong>, s\u00f2lids, des de fertilitzants, additius, herbes de te, productes qu\u00edmics, cosm\u00e8tics, minerals, alimentaris com la sal, sucres, farines, \u00a0entre altres.<\/p>\n<\/div><\/div><div class=\"w-btn-wrapper align_none\"><a class=\"w-btn us-btn-style_1\" title=\"Cat\u00e0leg projectes Hupa\" target=\"_blank\" rel=\"nofollow\" href=\"https:\/\/hupasl.com\/wp-content\/uploads\/2023\/04\/Cataleg-general-catala-per-enviar_compressed.pdf\"><span class=\"w-btn-label\">Descarrega&#8217;t el cat\u00e0leg<\/span><\/a><\/div><\/div><\/div><\/div><div class=\"vc_col-sm-6 wpb_column vc_column_container box-shadow\"><div class=\"vc_column-inner us_custom_ee7dc165\"><div class=\"wpb_wrapper\"><div class=\"wpb_text_column us_custom_54456bbe\"><div class=\"wpb_wrapper\"><h2 style=\"text-align: left;\">Els nostres valors<\/h2>\n<\/div><\/div><div class=\"w-separator size_medium\"><\/div><div class=\"wpb_text_column\"><div class=\"wpb_wrapper\"><p>El nostre valor afegit consisteix en oferir un servei integral per cobrir totes les necessitats del client. Des del disseny i la fabricaci\u00f3 dels equips, donant una gran flexibilitat i adaptaci\u00f3 d\u2019acord a les necessitats particulars de cada client. Acompanyat d\u2019assessorament t\u00e8cnic i consultoria.<\/p>\n<p>Disposem d\u2019espai pel desenvolupament de la maquin\u00e0ria i poder fer totes les proves, que certifiquin la qualitat dels equips i aix\u00ed garantir el seu \u00f2ptim funcionament abans\u00a0 de ser entregats. A trav\u00e9s d\u2019aquesta cultura de l\u2019efic\u00e0cia i el bon servei, hem aconseguit minimitzar les \u201cpostes en marxa\u201d a casa dels clients.<\/p>\n<\/div><\/div><\/div><\/div><\/div><\/div><\/div><\/section><section class=\"l-section wpb_row height_auto with_img\"><div class=\"l-section-img\" role=\"img\" data-img-width=\"1920\" data-img-height=\"1280\" style=\"background-image: url(https:\/\/hupasl.com\/wp-content\/uploads\/2022\/02\/IMG_0158_2.jpg);\"><\/div><div class=\"l-section-overlay\" style=\"background:rgba(0,0,0,0.60)\"><\/div><div class=\"l-section-h i-cf\"><div class=\"g-cols vc_row via_flex valign_middle type_default stacking_default\" style=\"--additional-gap:0px;\"><div class=\"vc_col-sm-12 wpb_column vc_column_container clip-prueba\"><div class=\"vc_column-inner\"><div class=\"wpb_wrapper\"><div class=\"g-cols wpb_row via_flex valign_middle type_default stacking_default\" style=\"--additional-gap:30px;\"><div class=\"vc_col-sm-6 wpb_column vc_column_container div-icon has_text_color\" id=\"recambios\"><div class=\"vc_column-inner us_custom_4a8aee0a us_animate_this\"><div class=\"wpb_wrapper\"><div class=\"w-iconbox iconpos_top style_default color_primary align_center no_text no_title icontype_img\"><div class=\"w-iconbox-icon\" style=\"font-size:2.5rem;\"><img decoding=\"async\" width=\"512\" height=\"512\" src=\"https:\/\/hupasl.com\/wp-content\/uploads\/2022\/06\/llave-inglesa.png\" class=\"attachment-full size-full\" alt=\"\" srcset=\"https:\/\/hupasl.com\/wp-content\/uploads\/2022\/06\/llave-inglesa.png 512w, https:\/\/hupasl.com\/wp-content\/uploads\/2022\/06\/llave-inglesa-300x300.png 300w, https:\/\/hupasl.com\/wp-content\/uploads\/2022\/06\/llave-inglesa-150x150.png 150w, https:\/\/hupasl.com\/wp-content\/uploads\/2022\/06\/llave-inglesa-500x500.png 500w\" sizes=\"(max-width: 512px) 100vw, 512px\" \/><\/div><div class=\"w-iconbox-meta\"><\/div><\/div><div class=\"wpb_text_column\"><div class=\"wpb_wrapper\"><h4 style=\"text-align: center;\"><strong>Recanvis<\/strong><\/h4>\n<\/div><\/div><div class=\"w-separator us_custom_adc41db2 separator1 size_custom with_line width_30 thick_2 style_solid color_secondary align_center\" style=\"height:4px\"><div class=\"w-separator-h\"><\/div><\/div><div class=\"w-separator size_small\"><\/div><div class=\"wpb_text_column us_custom_37bd319f\"><div class=\"wpb_wrapper\"><p style=\"text-align: center;\">Hupa\u00a0disposa d&#8217;un ampli assortiment de peces de recanvi, posant a la disposici\u00f3 dels clients un ampli ventall de productes. A m\u00e9s proporciona el servei de tallar, corbar, plegar&#8230; per a poder proporcionar la pe\u00e7a a mesura que sigui necessari, per a poder fer les adaptacions o modificacions necess\u00e0ries per a l&#8217;\u00fas que es necessiti. Un servei capa\u00e7 de donar solucions reals.<\/p>\n<\/div><\/div><\/div><\/div><\/div><div class=\"vc_col-sm-6 wpb_column vc_column_container div-icon\" id=\"proyectos\"><div class=\"vc_column-inner us_custom_1a56b0c0 us_animate_this\"><div class=\"wpb_wrapper\"><div class=\"w-iconbox iconpos_top style_default color_primary align_center no_text no_title icontype_img\"><div class=\"w-iconbox-icon\" style=\"font-size:2.5rem;\"><img decoding=\"async\" width=\"512\" height=\"512\" src=\"https:\/\/hupasl.com\/wp-content\/uploads\/2022\/06\/proyecto.png\" class=\"attachment-full size-full\" alt=\"\" srcset=\"https:\/\/hupasl.com\/wp-content\/uploads\/2022\/06\/proyecto.png 512w, https:\/\/hupasl.com\/wp-content\/uploads\/2022\/06\/proyecto-300x300.png 300w, https:\/\/hupasl.com\/wp-content\/uploads\/2022\/06\/proyecto-150x150.png 150w, https:\/\/hupasl.com\/wp-content\/uploads\/2022\/06\/proyecto-500x500.png 500w\" sizes=\"(max-width: 512px) 100vw, 512px\" \/><\/div><div class=\"w-iconbox-meta\"><\/div><\/div><div class=\"wpb_text_column\"><div class=\"wpb_wrapper\"><h4 style=\"text-align: center;\"><strong>Projectes<\/strong><\/h4>\n<\/div><\/div><div class=\"w-separator us_custom_100e717c separator-right size_custom with_line width_30 thick_2 style_solid color_secondary align_center\" style=\"height:4px\"><div class=\"w-separator-h\"><\/div><\/div><div class=\"w-separator size_small\"><\/div><div class=\"wpb_text_column us_custom_37bd319f\"><div class=\"wpb_wrapper\"><p style=\"text-align: center;\">Hupa posa a la disposici\u00f3 dels seus clients, els seus 50 anys d&#8217;experi\u00e8ncia en el disseny, construcci\u00f3 i instal\u00b7laci\u00f3 de material per a ind\u00fastria i granges, aportant els seus amplis coneixements. El seu principal objectiu consisteix a donar soluci\u00f3 als diferents reptes que se li presenten, adaptant-se als diferents propostes i aportant un millor servei.<\/p>\n<\/div><\/div><\/div><\/div><\/div><\/div><div class=\"g-cols wpb_row via_flex valign_middle type_default stacking_default\" style=\"--additional-gap:30px;\"><div class=\"vc_col-sm-6 wpb_column vc_column_container div-icon\" id=\"servicio-tecnico\"><div class=\"vc_column-inner us_custom_6024e1a7 us_animate_this\"><div class=\"wpb_wrapper\"><div class=\"w-iconbox us_custom_da7ceeb3 iconpos_top style_default color_primary align_center no_text no_title icontype_img\"><div class=\"w-iconbox-icon\" style=\"font-size:2.5rem;\"><img decoding=\"async\" width=\"512\" height=\"512\" src=\"https:\/\/hupasl.com\/wp-content\/uploads\/2022\/06\/soporte-tecnico.png\" class=\"attachment-full size-full\" alt=\"\" srcset=\"https:\/\/hupasl.com\/wp-content\/uploads\/2022\/06\/soporte-tecnico.png 512w, https:\/\/hupasl.com\/wp-content\/uploads\/2022\/06\/soporte-tecnico-300x300.png 300w, https:\/\/hupasl.com\/wp-content\/uploads\/2022\/06\/soporte-tecnico-150x150.png 150w, https:\/\/hupasl.com\/wp-content\/uploads\/2022\/06\/soporte-tecnico-500x500.png 500w\" sizes=\"(max-width: 512px) 100vw, 512px\" \/><\/div><div class=\"w-iconbox-meta\"><\/div><\/div><div class=\"wpb_text_column\"><div class=\"wpb_wrapper\"><h4 style=\"text-align: center;\"><strong>Servei t\u00e8cnic<\/strong><\/h4>\n<\/div><\/div><div class=\"w-separator us_custom_bc884114 separator-right size_custom with_line width_30 thick_2 style_solid color_secondary align_center\" style=\"height:4px\"><div class=\"w-separator-h\"><\/div><\/div><div class=\"w-separator size_small\"><\/div><div class=\"wpb_text_column us_custom_37bd319f\"><div class=\"wpb_wrapper\"><p style=\"text-align: center;\">Quan el client t\u00e9 una urg\u00e8ncia, necessita una resposta r\u00e0pida.\u00a0Hupa\u00a0ofereix en tot moment el seu servei de manteniment per a possibles avaries o consultes. El nostre equip est\u00e0 a la disposici\u00f3 del client per a resoldre de la forma m\u00e9s \u00e0gil, eficient i r\u00e0pida possible, en funci\u00f3 de la urg\u00e8ncia, les possibles avaries o reparacions que puguin sorgir.<\/p>\n<\/div><\/div><\/div><\/div><\/div><div class=\"vc_col-sm-6 wpb_column vc_column_container div-icon\" id=\"fabricacion\"><div class=\"vc_column-inner us_custom_104c2207 us_animate_this\"><div class=\"wpb_wrapper\"><div class=\"w-iconbox us_custom_da7ceeb3 iconpos_top style_default color_primary align_center no_text no_title icontype_img\"><div class=\"w-iconbox-icon\" style=\"font-size:2.5rem;\"><img decoding=\"async\" width=\"512\" height=\"512\" src=\"https:\/\/hupasl.com\/wp-content\/uploads\/2022\/06\/produccion.png\" class=\"attachment-full size-full\" alt=\"\" srcset=\"https:\/\/hupasl.com\/wp-content\/uploads\/2022\/06\/produccion.png 512w, https:\/\/hupasl.com\/wp-content\/uploads\/2022\/06\/produccion-300x300.png 300w, https:\/\/hupasl.com\/wp-content\/uploads\/2022\/06\/produccion-150x150.png 150w, https:\/\/hupasl.com\/wp-content\/uploads\/2022\/06\/produccion-500x500.png 500w\" sizes=\"(max-width: 512px) 100vw, 512px\" \/><\/div><div class=\"w-iconbox-meta\"><\/div><\/div><div class=\"wpb_text_column\"><div class=\"wpb_wrapper\"><h4 style=\"text-align: center;\"><strong>Fabricaci\u00f3 a mida<\/strong><\/h4>\n<\/div><\/div><div class=\"w-separator us_custom_04d33251 separator-right size_custom with_line width_30 thick_2 style_solid color_secondary align_center\" style=\"height:4px\"><div class=\"w-separator-h\"><\/div><\/div><div class=\"w-separator size_small\"><\/div><div class=\"wpb_text_column us_custom_37bd319f\"><div class=\"wpb_wrapper\"><p style=\"text-align: center;\">Hupa disposa d&#8217;un ampli taller amb la maquin\u00e0ria i l&#8217;equip necessari per a la fabricaci\u00f3 de tota mena de dip\u00f2sits, boques, reduccions, pletines i peces v\u00e0ries en general. Amb les eines, capacitat i experi\u00e8ncia suficient per a poder fabricar el \u201cvestit a mesura\u201d que es necessiti, adaptant-se a la funcionalitat o context que es requereixi.<\/p>\n<\/div><\/div><\/div><\/div><\/div><\/div><\/div><\/div><\/div><\/div><\/div><\/section>\n","protected":false},"excerpt":{"rendered":"Sobre nosaltres HUPA s\u2019inicia com a petita empresa familiar l\u2019any 1965, s\u2019especialitza en la construcci\u00f3 de maquin\u00e0ria pel transport, elevaci\u00f3 i emmagatzematge de pinsos i cereals per f\u00e0briques de pinsos. Al llarg d\u2019aquests anys, ens hem especialitzat en el transport i elevaci\u00f3 de tota mena de productes, s\u00f2lids, des de fertilitzants, additius, herbes de te,...","protected":false},"author":1,"featured_media":0,"parent":0,"menu_order":29,"comment_status":"closed","ping_status":"closed","template":"","meta":{"_acf_changed":false,"ngg_post_thumbnail":0,"footnotes":""},"class_list":["post-1585","page","type-page","status-publish","hentry"],"acf":[],"yoast_head":"<!-- This site is optimized with the Yoast SEO plugin v24.3 - https:\/\/yoast.com\/wordpress\/plugins\/seo\/ -->\n<title>SOBRE NOSALTRES - HUPA SL<\/title>\n<meta name=\"robots\" content=\"index, follow, max-snippet:-1, max-image-preview:large, max-video-preview:-1\" \/>\n<link rel=\"canonical\" href=\"https:\/\/hupasl.com\/ca\/sobre-nosaltres\/\" \/>\n<meta property=\"og:locale\" content=\"ca_ES\" \/>\n<meta property=\"og:type\" content=\"article\" \/>\n<meta property=\"og:title\" content=\"SOBRE NOSALTRES - HUPA SL\" \/>\n<meta property=\"og:url\" content=\"https:\/\/hupasl.com\/ca\/sobre-nosaltres\/\" \/>\n<meta property=\"og:site_name\" content=\"HUPA SL\" \/>\n<meta property=\"article:publisher\" content=\"https:\/\/www.facebook.com\/hupasl\/\" \/>\n<meta property=\"article:modified_time\" content=\"2023-04-05T11:00:35+00:00\" \/>\n<meta property=\"og:image\" content=\"https:\/\/hupasl.com\/wp-content\/uploads\/2023\/02\/cropped-logo-hupa-test-1.png\" \/>\n\t<meta property=\"og:image:width\" content=\"512\" \/>\n\t<meta property=\"og:image:height\" content=\"512\" \/>\n\t<meta property=\"og:image:type\" content=\"image\/png\" \/>\n<meta name=\"twitter:card\" content=\"summary_large_image\" \/>\n<meta name=\"twitter:label1\" content=\"Temps estimat de lectura\" \/>\n\t<meta name=\"twitter:data1\" content=\"3 minuts\" \/>\n<!-- \/ Yoast SEO plugin. -->","yoast_head_json":{"title":"SOBRE NOSALTRES - HUPA SL","robots":{"index":"index","follow":"follow","max-snippet":"max-snippet:-1","max-image-preview":"max-image-preview:large","max-video-preview":"max-video-preview:-1"},"canonical":"https:\/\/hupasl.com\/ca\/sobre-nosaltres\/","og_locale":"ca_ES","og_type":"article","og_title":"SOBRE NOSALTRES - HUPA SL","og_url":"https:\/\/hupasl.com\/ca\/sobre-nosaltres\/","og_site_name":"HUPA SL","article_publisher":"https:\/\/www.facebook.com\/hupasl\/","article_modified_time":"2023-04-05T11:00:35+00:00","og_image":[{"width":512,"height":512,"url":"https:\/\/hupasl.com\/wp-content\/uploads\/2023\/02\/cropped-logo-hupa-test-1.png","type":"image\/png"}],"twitter_card":"summary_large_image","twitter_misc":{"Temps estimat de lectura":"3 minuts"},"schema":{"@context":"https:\/\/schema.org","@graph":[{"@type":"WebPage","@id":"https:\/\/hupasl.com\/ca\/sobre-nosaltres\/","url":"https:\/\/hupasl.com\/ca\/sobre-nosaltres\/","name":"SOBRE NOSALTRES - HUPA SL","isPartOf":{"@id":"https:\/\/hupasl.com\/ca\/#website"},"datePublished":"2022-02-21T10:46:18+00:00","dateModified":"2023-04-05T11:00:35+00:00","breadcrumb":{"@id":"https:\/\/hupasl.com\/ca\/sobre-nosaltres\/#breadcrumb"},"inLanguage":"ca","potentialAction":[{"@type":"ReadAction","target":["https:\/\/hupasl.com\/ca\/sobre-nosaltres\/"]}]},{"@type":"BreadcrumbList","@id":"https:\/\/hupasl.com\/ca\/sobre-nosaltres\/#breadcrumb","itemListElement":[{"@type":"ListItem","position":1,"name":"Home","item":"https:\/\/hupasl.com\/ca\/"},{"@type":"ListItem","position":2,"name":"SOBRE NOSALTRES"}]},{"@type":"WebSite","@id":"https:\/\/hupasl.com\/ca\/#website","url":"https:\/\/hupasl.com\/ca\/","name":"HUPA SL","description":"","publisher":{"@id":"https:\/\/hupasl.com\/ca\/#organization"},"potentialAction":[{"@type":"SearchAction","target":{"@type":"EntryPoint","urlTemplate":"https:\/\/hupasl.com\/ca\/?s={search_term_string}"},"query-input":{"@type":"PropertyValueSpecification","valueRequired":true,"valueName":"search_term_string"}}],"inLanguage":"ca"},{"@type":"Organization","@id":"https:\/\/hupasl.com\/ca\/#organization","name":"HUPA SL","url":"https:\/\/hupasl.com\/ca\/","logo":{"@type":"ImageObject","inLanguage":"ca","@id":"https:\/\/hupasl.com\/ca\/#\/schema\/logo\/image\/","url":"https:\/\/hupasl.com\/wp-content\/uploads\/2023\/02\/logo-hupa-test.png","contentUrl":"https:\/\/hupasl.com\/wp-content\/uploads\/2023\/02\/logo-hupa-test.png","width":512,"height":512,"caption":"HUPA SL"},"image":{"@id":"https:\/\/hupasl.com\/ca\/#\/schema\/logo\/image\/"},"sameAs":["https:\/\/www.facebook.com\/hupasl\/","https:\/\/www.instagram.com\/hupasl\/?hl=es"]}]}},"_links":{"self":[{"href":"https:\/\/hupasl.com\/ca\/wp-json\/wp\/v2\/pages\/1585"}],"collection":[{"href":"https:\/\/hupasl.com\/ca\/wp-json\/wp\/v2\/pages"}],"about":[{"href":"https:\/\/hupasl.com\/ca\/wp-json\/wp\/v2\/types\/page"}],"author":[{"embeddable":true,"href":"https:\/\/hupasl.com\/ca\/wp-json\/wp\/v2\/users\/1"}],"replies":[{"embeddable":true,"href":"https:\/\/hupasl.com\/ca\/wp-json\/wp\/v2\/comments?post=1585"}],"version-history":[{"count":6,"href":"https:\/\/hupasl.com\/ca\/wp-json\/wp\/v2\/pages\/1585\/revisions"}],"predecessor-version":[{"id":2256,"href":"https:\/\/hupasl.com\/ca\/wp-json\/wp\/v2\/pages\/1585\/revisions\/2256"}],"wp:attachment":[{"href":"https:\/\/hupasl.com\/ca\/wp-json\/wp\/v2\/media?parent=1585"}],"curies":[{"name":"wp","href":"https:\/\/api.w.org\/{rel}","templated":true}]}}